{"id":1625,"date":"2022-05-08T15:15:04","date_gmt":"2022-05-08T15:15:04","guid":{"rendered":"https:\/\/saintmargaretmary.org\/?page_id=1625"},"modified":"2026-02-25T16:11:53","modified_gmt":"2026-02-25T22:11:53","slug":"education","status":"publish","type":"page","link":"https:\/\/saintmargaretmary.org\/pl\/education","title":{"rendered":"Edukacja"},"content":{"rendered":"<p><div class=\"fusion-fullwidth fullwidth-box fusion-builder-row-1 fusion-flex-container has-pattern-background has-mask-background nonhundred-percent-fullwidth non-hundred-percent-height-scrolling\" style=\"--awb-border-radius-top-left:0px;--awb-border-radius-top-right:0px;--awb-border-radius-bottom-right:0px;--awb-border-radius-bottom-left:0px;--awb-flex-wrap:wrap;\" ><div class=\"fusion-builder-row fusion-row fusion-flex-align-items-flex-start fusion-flex-content-wrap\" style=\"max-width:1248px;margin-left: calc(-4% \/ 2 );margin-right: calc(-4% \/ 2 );\"><div class=\"fusion-layout-column fusion_builder_column fusion-builder-column-0 fusion_builder_column_1_1 1_1 fusion-flex-column\" style=\"--awb-bg-size:cover;--awb-width-large:100%;--awb-margin-top-large:0px;--awb-spacing-right-large:1.92%;--awb-margin-bottom-large:20px;--awb-spacing-left-large:1.92%;--awb-width-medium:100%;--awb-order-medium:0;--awb-spacing-right-medium:1.92%;--awb-spacing-left-medium:1.92%;--awb-width-small:100%;--awb-order-small:0;--awb-spacing-right-small:1.92%;--awb-spacing-left-small:1.92%;\"><div class=\"fusion-column-wrapper fusion-column-has-shadow fusion-flex-justify-content-flex-start fusion-content-layout-column\"><div class=\"fusion-text fusion-text-1\"><h3><strong>Edukacja w St. Margaret Mary<\/strong><\/h3>\n<p>Edukacja jest wa\u017cn\u0105 cz\u0119\u015bci\u0105 naszej parafii. Opr\u00f3cz naszej szko\u0142y Pre-K do 8th i Marian Central Catholic High School, mamy edukacj\u0119 religijn\u0105 dla dzieci Pre-K-5, grupy religijne dla 6-8 i duszpasterstwo m\u0142odzie\u017cowe dla uczni\u00f3w szk\u00f3\u0142 \u015brednich i gimnazj\u00f3w.<\/p>\n<hr \/>\n<\/div><\/div><\/div><\/div><\/div><div class=\"fusion-fullwidth fullwidth-box fusion-builder-row-2 fusion-flex-container has-pattern-background has-mask-background nonhundred-percent-fullwidth non-hundred-percent-height-scrolling\" style=\"--awb-border-radius-top-left:0px;--awb-border-radius-top-right:0px;--awb-border-radius-bottom-right:0px;--awb-border-radius-bottom-left:0px;--awb-flex-wrap:wrap;\" ><div class=\"fusion-builder-row fusion-row fusion-flex-align-items-flex-start fusion-flex-content-wrap\" style=\"max-width:1248px;margin-left: calc(-4% \/ 2 );margin-right: calc(-4% \/ 2 );\"><div class=\"fusion-layout-column fusion_builder_column fusion-builder-column-1 fusion_builder_column_1_1 1_1 fusion-flex-column\" style=\"--awb-bg-size:cover;--awb-width-large:100%;--awb-margin-top-large:0px;--awb-spacing-right-large:1.92%;--awb-margin-bottom-large:20px;--awb-spacing-left-large:1.92%;--awb-width-medium:100%;--awb-order-medium:0;--awb-spacing-right-medium:1.92%;--awb-spacing-left-medium:1.92%;--awb-width-small:100%;--awb-order-small:0;--awb-spacing-right-small:1.92%;--awb-spacing-left-small:1.92%;\"><div class=\"fusion-column-wrapper fusion-column-has-shadow fusion-flex-justify-content-flex-start fusion-content-layout-column\"><div class=\"fusion-text fusion-text-2\"><p><strong>Szko\u0142a katolicka im. \u015bw. Ma\u0142gorzaty Marii\u00a0 <\/strong><strong>(od przedszkola do 8 klasy)<\/strong><\/p>\n<p><img decoding=\"async\" class=\"alignright wp-image-2758 size-full\" src=\"https:\/\/saintmargaretmary.org\/wp-content\/uploads\/header.png\" alt=\"\" width=\"199\" height=\"67\" \/>Szukasz \u201eEdukacji opartej na warto\u015bciach\u201d dla swojego dziecka? Takiej, kt\u00f3ra uczy Twoje dzieci nie trzech, ale CZTERECH R\u2026 Czytania, Pisania, Arytmetyki i Prawo\u015bci? Edukacji, kt\u00f3ra postawi Twoje dziecko o krok do przodu na \u015bwietlanej drodze do liceum, college\u2019u i sukcesu na poziomie spo\u0142ecznym i duchowym? Szko\u0142a katolicka St. Margaret Mary jest dok\u0142adnie tym, czego szukasz!<\/p>\n<\/div><div ><a class=\"fusion-button button-flat fusion-button-default-size button-default fusion-button-default button-1 fusion-button-default-span fusion-button-default-type\" target=\"_self\" href=\"http:\/\/stmmschool.org\"><span class=\"fusion-button-text awb-button__text awb-button__text--default\">Szko\u0142a katolicka im. \u015bw. Ma\u0142gorzaty Marii<\/span><\/a><\/div><\/div><\/div><\/div><\/div><div class=\"fusion-fullwidth fullwidth-box fusion-builder-row-3 fusion-flex-container has-pattern-background has-mask-background nonhundred-percent-fullwidth non-hundred-percent-height-scrolling\" style=\"--awb-border-radius-top-left:0px;--awb-border-radius-top-right:0px;--awb-border-radius-bottom-right:0px;--awb-border-radius-bottom-left:0px;--awb-flex-wrap:wrap;\" ><div class=\"fusion-builder-row fusion-row fusion-flex-align-items-flex-start fusion-flex-content-wrap\" style=\"max-width:1248px;margin-left: calc(-4% \/ 2 );margin-right: calc(-4% \/ 2 );\"><div class=\"fusion-layout-column fusion_builder_column fusion-builder-column-2 fusion_builder_column_1_1 1_1 fusion-flex-column\" style=\"--awb-bg-size:cover;--awb-width-large:100%;--awb-margin-top-large:0px;--awb-spacing-right-large:1.92%;--awb-margin-bottom-large:20px;--awb-spacing-left-large:1.92%;--awb-width-medium:100%;--awb-order-medium:0;--awb-spacing-right-medium:1.92%;--awb-spacing-left-medium:1.92%;--awb-width-small:100%;--awb-order-small:0;--awb-spacing-right-small:1.92%;--awb-spacing-left-small:1.92%;\"><div class=\"fusion-column-wrapper fusion-column-has-shadow fusion-flex-justify-content-flex-start fusion-content-layout-column\"><div class=\"fusion-text fusion-text-3\"><hr \/>\n<p><strong>Marian Central Catholic High School<img decoding=\"async\" class=\"size-medium wp-image-2761 alignright\" src=\"https:\/\/saintmargaretmary.org\/wp-content\/uploads\/New_Marian_Web-300x141.jpg\" alt=\"\" width=\"300\" height=\"141\" srcset=\"https:\/\/saintmargaretmary.org\/wp-content\/uploads\/New_Marian_Web-200x94.jpg 200w, https:\/\/saintmargaretmary.org\/wp-content\/uploads\/New_Marian_Web-300x141.jpg 300w, https:\/\/saintmargaretmary.org\/wp-content\/uploads\/New_Marian_Web.jpg 320w\" sizes=\"(max-width: 300px) 100vw, 300px\" \/><\/strong><\/p>\n<p>Marian Central Catholic High School to przygotowuj\u0105ca do college&#039;u szko\u0142a katolicka. Marian dzieli si\u0119 z rodzicami i parafiami dekanatu McHenry misj\u0105 nauczania Ko\u015bcio\u0142a. Nasza szko\u0142a zapewnia uczniom edukacj\u0119 przepe\u0142nion\u0105 katolickimi warto\u015bciami chrze\u015bcija\u0144skimi, maj\u0105c\u0105 na celu promowanie rozwoju religijnego, duchowego, intelektualnego, fizycznego, spo\u0142ecznego i emocjonalnego.<\/p>\n<\/div><div ><a class=\"fusion-button button-flat fusion-button-default-size button-default fusion-button-default button-2 fusion-button-default-span fusion-button-default-type\" target=\"_self\" href=\"https:\/\/www.marian.com\"><span class=\"fusion-button-text awb-button__text awb-button__text--default\">Marian Central Catholic High School<\/span><\/a><\/div><\/div><\/div><\/div><\/div><div class=\"fusion-fullwidth fullwidth-box fusion-builder-row-4 fusion-flex-container has-pattern-background has-mask-background nonhundred-percent-fullwidth non-hundred-percent-height-scrolling\" style=\"--awb-border-radius-top-left:0px;--awb-border-radius-top-right:0px;--awb-border-radius-bottom-right:0px;--awb-border-radius-bottom-left:0px;--awb-flex-wrap:wrap;\" ><div class=\"fusion-builder-row fusion-row fusion-flex-align-items-flex-start fusion-flex-content-wrap\" style=\"max-width:1248px;margin-left: calc(-4% \/ 2 );margin-right: calc(-4% \/ 2 );\"><div class=\"fusion-layout-column fusion_builder_column fusion-builder-column-3 fusion_builder_column_1_1 1_1 fusion-flex-column\" style=\"--awb-bg-size:cover;--awb-width-large:100%;--awb-margin-top-large:0px;--awb-spacing-right-large:1.92%;--awb-margin-bottom-large:20px;--awb-spacing-left-large:1.92%;--awb-width-medium:100%;--awb-order-medium:0;--awb-spacing-right-medium:1.92%;--awb-spacing-left-medium:1.92%;--awb-width-small:100%;--awb-order-small:0;--awb-spacing-right-small:1.92%;--awb-spacing-left-small:1.92%;\"><div class=\"fusion-column-wrapper fusion-column-has-shadow fusion-flex-justify-content-flex-start fusion-content-layout-column\"><div class=\"fusion-text fusion-text-4\"><hr \/>\n<p><strong>Edukacja religijna (klasy od przedszkola do szko\u0142y \u015bredniej)<img decoding=\"async\" class=\"size-medium wp-image-2759 alignright\" src=\"https:\/\/saintmargaretmary.org\/wp-content\/uploads\/New_RE_Web-300x141.jpg\" alt=\"\" width=\"300\" height=\"141\" srcset=\"https:\/\/saintmargaretmary.org\/wp-content\/uploads\/New_RE_Web-200x94.jpg 200w, https:\/\/saintmargaretmary.org\/wp-content\/uploads\/New_RE_Web-300x141.jpg 300w, https:\/\/saintmargaretmary.org\/wp-content\/uploads\/New_RE_Web.jpg 320w\" sizes=\"(max-width: 300px) 100vw, 300px\" \/><\/strong><\/p>\n<p>Rodziny katolickie, kt\u00f3re zdecyduj\u0105 si\u0119 wys\u0142a\u0107 swoje dzieci do jednej z naszych publicznych szk\u00f3\u0142 spo\u0142eczno\u015bciowych, musz\u0105 r\u00f3wnie\u017c wybra\u0107 edukacj\u0119 religijn\u0105 dla swoich dzieci. Rodziny parafialne s\u0105 zapraszane i zach\u0119cane do zapisania swoich dzieci do naszego parafialnego Programu Edukacji Religijnej (RE) (dawniej znanego jako klasa katechizmu lub CCD).<\/p>\n<p>St. Margaret Mary Religious Education (RE) sk\u0142ada si\u0119 z naszego programu GATHER Family RE, findingGODtogether (kt\u00f3ry jest r\u00f3wnie\u017c chrztem, pojednaniem i pierwsz\u0105 komuni\u0105 dla dzieci w 3 klasie lub wy\u017cej), duszpasterstwa m\u0142odzie\u017cy i wakacyjnej szko\u0142y biblijnej. Przygotowanie do sakrament\u00f3w odbywa si\u0119 r\u00f3wnie\u017c poprzez te programy.<\/p>\n<\/div><div ><a class=\"fusion-button button-flat fusion-button-default-size button-default fusion-button-default button-3 fusion-button-default-span fusion-button-default-type\" target=\"_self\" href=\"https:\/\/saintmargaretmary.org\/pl\/gather\/\"><span class=\"fusion-button-text awb-button__text awb-button__text--default\">Kliknij tutaj, aby uzyska\u0107 wi\u0119cej informacji o naszym programie edukacji religijnej<\/span><\/a><\/div><\/div><\/div><\/div><\/div><div class=\"fusion-fullwidth fullwidth-box fusion-builder-row-5 fusion-flex-container has-pattern-background has-mask-background nonhundred-percent-fullwidth non-hundred-percent-height-scrolling\" style=\"--awb-border-radius-top-left:0px;--awb-border-radius-top-right:0px;--awb-border-radius-bottom-right:0px;--awb-border-radius-bottom-left:0px;--awb-flex-wrap:wrap;\" ><div class=\"fusion-builder-row fusion-row fusion-flex-align-items-flex-start fusion-flex-content-wrap\" style=\"max-width:1248px;margin-left: calc(-4% \/ 2 );margin-right: calc(-4% \/ 2 );\"><div class=\"fusion-layout-column fusion_builder_column fusion-builder-column-4 fusion_builder_column_1_1 1_1 fusion-flex-column\" style=\"--awb-bg-size:cover;--awb-width-large:100%;--awb-margin-top-large:0px;--awb-spacing-right-large:1.92%;--awb-margin-bottom-large:20px;--awb-spacing-left-large:1.92%;--awb-width-medium:100%;--awb-order-medium:0;--awb-spacing-right-medium:1.92%;--awb-spacing-left-medium:1.92%;--awb-width-small:100%;--awb-order-small:0;--awb-spacing-right-small:1.92%;--awb-spacing-left-small:1.92%;\"><div class=\"fusion-column-wrapper fusion-column-has-shadow fusion-flex-justify-content-flex-start fusion-content-layout-column\"><div class=\"fusion-text fusion-text-5\"><hr \/>\n<p><strong>Przygotowanie do sakramentu<img decoding=\"async\" class=\"size-medium wp-image-2760 alignright\" src=\"https:\/\/saintmargaretmary.org\/wp-content\/uploads\/New_SMM_Sacrament_Web-300x141.jpg\" alt=\"\" width=\"300\" height=\"141\" srcset=\"https:\/\/saintmargaretmary.org\/wp-content\/uploads\/New_SMM_Sacrament_Web-200x94.jpg 200w, https:\/\/saintmargaretmary.org\/wp-content\/uploads\/New_SMM_Sacrament_Web-300x141.jpg 300w, https:\/\/saintmargaretmary.org\/wp-content\/uploads\/New_SMM_Sacrament_Web.jpg 320w\" sizes=\"(max-width: 300px) 100vw, 300px\" \/><\/strong><\/p>\n<p>Przygotowanie do sakramentu jest zapewnione poprzez nasze programy edukacyjne. Podstawowa edukacja religijna przygotowuje dzieci w 2 klasie do pierwszej spowiedzi i pierwszej komunii. Przygotowanie do bierzmowania jest zapewnione przez nasz\u0105 s\u0142u\u017cb\u0119 m\u0142odzie\u017cow\u0105 uczniom w 9 klasie.<\/p>\n<\/div><div ><a class=\"fusion-button button-flat fusion-button-default-size button-default fusion-button-default button-4 fusion-button-default-span fusion-button-default-type\" target=\"_self\" href=\"https:\/\/saintmargaretmary.org\/pl\/sacraments\/\"><span class=\"fusion-button-text awb-button__text awb-button__text--default\">Kliknij tutaj, aby dowiedzie\u0107 si\u0119, jak zorganizowa\u0107 sakrament<\/span><\/a><\/div><\/div><\/div><\/div><\/div><div class=\"fusion-fullwidth fullwidth-box fusion-builder-row-6 fusion-flex-container has-pattern-background has-mask-background nonhundred-percent-fullwidth non-hundred-percent-height-scrolling\" style=\"--awb-border-radius-top-left:0px;--awb-border-radius-top-right:0px;--awb-border-radius-bottom-right:0px;--awb-border-radius-bottom-left:0px;--awb-flex-wrap:wrap;\" ><div class=\"fusion-builder-row fusion-row fusion-flex-align-items-flex-start fusion-flex-content-wrap\" style=\"max-width:1248px;margin-left: calc(-4% \/ 2 );margin-right: calc(-4% \/ 2 );\"><div class=\"fusion-layout-column fusion_builder_column fusion-builder-column-5 fusion_builder_column_1_1 1_1 fusion-flex-column\" style=\"--awb-bg-size:cover;--awb-width-large:100%;--awb-margin-top-large:0px;--awb-spacing-right-large:1.92%;--awb-margin-bottom-large:20px;--awb-spacing-left-large:1.92%;--awb-width-medium:100%;--awb-order-medium:0;--awb-spacing-right-medium:1.92%;--awb-spacing-left-medium:1.92%;--awb-width-small:100%;--awb-order-small:0;--awb-spacing-right-small:1.92%;--awb-spacing-left-small:1.92%;\"><div class=\"fusion-column-wrapper fusion-column-has-shadow fusion-flex-justify-content-flex-start fusion-content-layout-column\"><div class=\"fusion-text fusion-text-6\"><hr \/>\n<p><strong>Duszpasterstwo M\u0142odzie\u017cy Parafialnej (dla klas 6-12)<img decoding=\"async\" class=\"size-medium wp-image-2762 alignright\" src=\"https:\/\/saintmargaretmary.org\/wp-content\/uploads\/New_YM_Web-300x141.jpg\" alt=\"\" width=\"300\" height=\"141\" srcset=\"https:\/\/saintmargaretmary.org\/wp-content\/uploads\/New_YM_Web-200x94.jpg 200w, https:\/\/saintmargaretmary.org\/wp-content\/uploads\/New_YM_Web-300x141.jpg 300w, https:\/\/saintmargaretmary.org\/wp-content\/uploads\/New_YM_Web.jpg 320w\" sizes=\"(max-width: 300px) 100vw, 300px\" \/><\/strong><\/p>\n<p>W St. Margaret Mary Youth Ministry dzieje si\u0119 tak wiele ekscytuj\u0105cych rzeczy, \u017ce nie spos\u00f3b ich zawrze\u0107 w tym akapicie! Sprawd\u017a SMMYM.ORG, aby odkry\u0107 wszystkie mo\u017cliwo\u015bci dla m\u0142odzie\u017cy ze szk\u00f3\u0142 \u015brednich i wy\u017cszych w St. Margaret Mary Parish.<\/p>\n<\/div><div ><a class=\"fusion-button button-flat fusion-button-default-size button-default fusion-button-default button-5 fusion-button-default-span fusion-button-default-type\" target=\"_self\" href=\"http:\/\/smmym.org\"><span class=\"fusion-button-text awb-button__text awb-button__text--default\">Kliknij tutaj, aby przej\u015b\u0107 do naszej witryny internetowej po\u015bwi\u0119conej pos\u0142udze m\u0142odzie\u017cy<\/span><\/a><\/div><\/div><\/div><\/div><\/div><\/p>","protected":false},"excerpt":{"rendered":"","protected":false},"author":1,"featured_media":0,"parent":0,"menu_order":0,"comment_status":"closed","ping_status":"closed","template":"","meta":{"_monsterinsights_skip_tracking":false,"_monsterinsights_sitenote_active":false,"_monsterinsights_sitenote_note":"","_monsterinsights_sitenote_category":0,"footnotes":""},"class_list":["post-1625","page","type-page","status-publish","hentry"],"aioseo_notices":[],"_links":{"self":[{"href":"https:\/\/saintmargaretmary.org\/pl\/wp-json\/wp\/v2\/pages\/1625","targetHints":{"allow":["GET"]}}],"collection":[{"href":"https:\/\/saintmargaretmary.org\/pl\/wp-json\/wp\/v2\/pages"}],"about":[{"href":"https:\/\/saintmargaretmary.org\/pl\/wp-json\/wp\/v2\/types\/page"}],"author":[{"embeddable":true,"href":"https:\/\/saintmargaretmary.org\/pl\/wp-json\/wp\/v2\/users\/1"}],"replies":[{"embeddable":true,"href":"https:\/\/saintmargaretmary.org\/pl\/wp-json\/wp\/v2\/comments?post=1625"}],"version-history":[{"count":10,"href":"https:\/\/saintmargaretmary.org\/pl\/wp-json\/wp\/v2\/pages\/1625\/revisions"}],"predecessor-version":[{"id":2824,"href":"https:\/\/saintmargaretmary.org\/pl\/wp-json\/wp\/v2\/pages\/1625\/revisions\/2824"}],"wp:attachment":[{"href":"https:\/\/saintmargaretmary.org\/pl\/wp-json\/wp\/v2\/media?parent=1625"}],"curies":[{"name":"wp","href":"https:\/\/api.w.org\/{rel}","templated":true}]}}