{"id":1651,"date":"2022-05-08T16:32:22","date_gmt":"2022-05-08T16:32:22","guid":{"rendered":"https:\/\/saintmargaretmary.org\/?page_id=1651"},"modified":"2026-02-25T16:11:53","modified_gmt":"2026-02-25T22:11:53","slug":"community-life","status":"publish","type":"page","link":"https:\/\/saintmargaretmary.org\/pl\/community-life","title":{"rendered":"\u017bycie wsp\u00f3lnotowe"},"content":{"rendered":"<div id=\"life\" class=\"fusion-container-anchor\"><div class=\"fusion-fullwidth fullwidth-box fusion-builder-row-1 fusion-flex-container has-pattern-background has-mask-background nonhundred-percent-fullwidth non-hundred-percent-height-scrolling\" style=\"--awb-border-radius-top-left:0px;--awb-border-radius-top-right:0px;--awb-border-radius-bottom-right:0px;--awb-border-radius-bottom-left:0px;--awb-flex-wrap:wrap;\" ><div class=\"fusion-builder-row fusion-row fusion-flex-align-items-flex-start fusion-flex-content-wrap\" style=\"max-width:1248px;margin-left: calc(-4% \/ 2 );margin-right: calc(-4% \/ 2 );\"><div class=\"fusion-layout-column fusion_builder_column fusion-builder-column-0 fusion_builder_column_1_1 1_1 fusion-flex-column\" style=\"--awb-bg-size:cover;--awb-width-large:100%;--awb-margin-top-large:0px;--awb-spacing-right-large:1.92%;--awb-margin-bottom-large:20px;--awb-spacing-left-large:1.92%;--awb-width-medium:100%;--awb-order-medium:0;--awb-spacing-right-medium:1.92%;--awb-spacing-left-medium:1.92%;--awb-width-small:100%;--awb-order-small:0;--awb-spacing-right-small:1.92%;--awb-spacing-left-small:1.92%;\"><div class=\"fusion-column-wrapper fusion-column-has-shadow fusion-flex-justify-content-flex-start fusion-content-layout-column\"><div class=\"fusion-menu-anchor\" id=\"life\"><\/div><div class=\"fusion-text fusion-text-1\"><h4>\u017bycie wsp\u00f3lnotowe<\/h4>\n<ul>\n<li><strong>Adoptuj fabu\u0142\u0119:<\/strong> Je\u015bli lubisz ogrodnictwo, to \u201eAdoptuj kwietnik\u201d jest dla Ciebie! Twoja praca pomaga upi\u0119ksza\u0107 tereny parafialne od wiosny do jesieni. Nie ma \u017cadnych spotka\u0144, tylko zobowi\u0105zanie do opieki nad jednym z kwietnik\u00f3w wok\u00f3\u0142 budynk\u00f3w ko\u015bcielnych lub na parkingu. Wszystkie kwiaty, krzewy, ro\u015bliny, drzewa i chwasty b\u0142ogos\u0142awi\u0105 Pana! I b\u0119dziesz b\u0142ogos\u0142awiony, dbaj\u0105c o nie i pomagaj\u0105c upi\u0119kszy\u0107 tereny naszej parafii.<\/li>\n<li><strong>Kultura \u017cycia:<\/strong> Mamy potr\u00f3jn\u0105 misj\u0119: (1) edukacja na temat \u015bwi\u0119to\u015bci ka\u017cdego ludzkiego \u017cycia od pocz\u0119cia do naturalnej \u015bmierci, (2) wsparcie finansowe dla o\u015brodk\u00f3w kryzysowych dla kobiet w ci\u0105\u017cy, (3) dzia\u0142ania spo\u0142eczne promuj\u0105ce warto\u015b\u0107 i godno\u015b\u0107 ka\u017cdego ludzkiego \u017cycia. Roczne okazje pomagaj\u0105 w promowaniu przes\u0142ania pro-life: sprzeda\u017c kwiat\u00f3w z okazji Dnia Matki, prezenty z okazji Dnia Ojca, stoisko pro-life na targach hrabstwa McHenry, alerty i kontakty ustawodawcze oraz zwrot butelek dla niemowl\u0105t. Life-Chain odbywa si\u0119 w pierwsz\u0105 niedziel\u0119 pa\u017adziernika.<\/li>\n<li><strong>Sprz\u0105tanie ko\u015bcio\u0142a:<\/strong> Posprz\u0105taj i upi\u0119ksz Ko\u015bci\u00f3\u0142 w ramach przygotowa\u0144 do \u015awi\u0105t Wielkanocnych i Bo\u017cego Narodzenia.<\/li>\n<li><strong>Seniorzy zawsze m\u0142odzi:<\/strong> Parafialna grupa senior\u00f3w, kt\u00f3ra spotyka si\u0119 co miesi\u0105c w Ministry Center. Bingo, wydarzenia dla senior\u00f3w, wsp\u00f3lnota i zabawa to g\u0142\u00f3wne cz\u0119\u015bci naszej rosn\u0105cej spo\u0142eczno\u015bci senior\u00f3w w St. Margaret Mary.<\/li>\n<li><strong>Uniwersytet Pokoju Finansowego:<\/strong> Te zmieniaj\u0105ce \u017cycie zaj\u0119cia prowadzone przez Dave&#039;a Ramsey&#039;a i zesp\u00f3\u0142 nauczycielski FPU za po\u015brednictwem wideo, a koordynowane w St. Margaret Mary, pomog\u0105 Ci osi\u0105gn\u0105\u0107 Twoje cele finansowe, pokazuj\u0105c, jak pozby\u0107 si\u0119 d\u0142ug\u00f3w, oszcz\u0119dza\u0107 na przysz\u0142o\u015b\u0107 i \u017cy\u0107 jak nigdy dot\u0105d, aby\u015b m\u00f3g\u0142 dawa\u0107 jak nigdy dot\u0105d.<\/li>\n<li><strong>Obiady pogrzebowe \/ Go\u015bcinno\u015b\u0107<\/strong>:<\/li>\n<li><strong>Grupa wsparcia w \u017ca\u0142obie:<\/strong> Nie jeste\u015b sam. Ludzie, kt\u00f3rzy prze\u017cywaj\u0105 \u017ca\u0142ob\u0119, cz\u0119sto odkrywaj\u0105, \u017ce nikt nie rozumie, jak odczuwaj\u0105 strat\u0119. Odkrywaj\u0105, \u017ce przyjaciele i rodzina (z dobrymi intencjami) cz\u0119sto chc\u0105, aby przezwyci\u0119\u017cyli \u017ca\u0142ob\u0119 i poszli dalej ze swoim \u017cyciem. Pomaga dzielenie si\u0119 swoj\u0105 strat\u0105. Zapewniamy bezpieczne miejsce, w kt\u00f3rym osoby prze\u017cywaj\u0105ce \u017ca\u0142ob\u0119 mog\u0105 przyj\u015b\u0107, pos\u0142ucha\u0107 i podzieli\u0107 si\u0119 swoimi historiami.<\/li>\n<li><strong>Rycerze Kolumba:<\/strong> Rycerze Kolumba zostali za\u0142o\u017ceni w 1882 r., aby katoliccy m\u0119\u017cczy\u017ani mogli wspiera\u0107 Ko\u015bci\u00f3\u0142 Katolicki, zapewnia\u0107 wsparcie finansowe w celu ochrony swoich rodzin i anga\u017cowa\u0107 si\u0119 w dzie\u0142a charytatywne na rzecz mniej szcz\u0119\u015bliwych. Od pomocy dzieciom w potrzebie po dostarczanie w\u00f3zk\u00f3w inwalidzkich dla os\u00f3b niepe\u0142nosprawnych fizycznie, po wsparcie dla os\u00f3b upo\u015bledzonych umys\u0142owo. Pomagamy zaopatrywa\u0107 banki \u017cywno\u015bci i oferujemy swoim cz\u0142onkom najwy\u017cszej klasy, niedrogie ubezpieczenia na \u017cycie. Rycerze s\u0142u\u017c\u0105 naszym lokalnym spo\u0142eczno\u015bciom i potrzebuj\u0105cym na ca\u0142ym \u015bwiecie.<\/li>\n<li><strong>Spotkanie ma\u0142\u017ce\u0144skie:<\/strong> Najwi\u0119ksza na \u015bwiecie organizacja pro-ma\u0142\u017ce\u0144ska, kt\u00f3ra promuje weekendowe prze\u017cycia dla par, kt\u00f3re chc\u0105, aby ich dobre ma\u0142\u017ce\u0144stwo by\u0142o jeszcze lepsze. \u201eM\u00f3j mi\u0142y jest m\u00f3j, a ja jestem jego\u201d. Pie\u015b\u0144 nad pie\u015bniami 2:16<\/li>\n<li><strong>Zdrowie parafii:<\/strong> Ten zesp\u00f3\u0142 sk\u0142ada si\u0119 z r\u00f3\u017cnych pracownik\u00f3w s\u0142u\u017cby zdrowia. Oferujemy badania ci\u015bnienia krwi i edukacj\u0119 zdrowotn\u0105 po mszach raz w miesi\u0105cu w Nazareth Room. Pomagamy w nag\u0142ych wypadkach medycznych, kt\u00f3re maj\u0105 miejsce podczas mszy lub innych spotka\u0144. Monitorujemy r\u00f3wnie\u017c AED w ko\u015bciele, aby upewni\u0107 si\u0119, \u017ce jest sprawny. Sponsorujemy r\u00f3wnie\u017c kurs doszkalaj\u0105cy z zakresu resuscytacji kr\u0105\u017ceniowo-oddechowej dla personelu parafialnego i porz\u0105dkowych. Witamy ka\u017cdego nowego cz\u0142onka.<\/li>\n<li><strong>Pielgrzymki<br \/>\n<\/strong><\/li>\n<li><strong>Sklep z odzie\u017c\u0105 u\u017cywan\u0105 Walking Together:<\/strong> We accept clean, gently used clothing and shoes, infant through adult. Additional donations may include household goods, books, toys, and other miscellaneous items. The Resale Shop is located at the south end of the main parish parking lot in the beige former farmhouse. Enter at the southwest corner of the building. It&#8217;s open Tuesdays and Wednesdays, 10 AM\u20133 PM; Thursdays and Fridays, 10AM-12:30 PM; Saturdays, 10 AM\u20131 PM; and the 2nd Sunday of the month, 10 AM\u20131 PM. Please bring donations to the shop during shop hours or leave in storage box outside shop.<\/li>\n<li><strong>Golenie koniczyny:<\/strong> W ci\u0105gu ostatnich o\u015bmiu lat St. Margaret Mary Shamrock Shave, dzi\u0119ki hojnemu wsparciu naszych przyrzecze\u0144 shavee, zebra\u0142o ponad $300 000 dla potrzebuj\u0105cych rodzin w naszej spo\u0142eczno\u015bci i os\u00f3b cierpi\u0105cych na raka. Darowizny s\u0105 przekazywane na szczytne cele ka\u017cdego roku.<\/li>\n<\/ul>\n<\/div><\/div><\/div><\/div><\/div><\/div>","protected":false},"excerpt":{"rendered":"","protected":false},"author":1,"featured_media":0,"parent":0,"menu_order":0,"comment_status":"closed","ping_status":"closed","template":"","meta":{"_monsterinsights_skip_tracking":false,"_monsterinsights_sitenote_active":false,"_monsterinsights_sitenote_note":"","_monsterinsights_sitenote_category":0,"footnotes":""},"class_list":["post-1651","page","type-page","status-publish","hentry"],"aioseo_notices":[],"_links":{"self":[{"href":"https:\/\/saintmargaretmary.org\/pl\/wp-json\/wp\/v2\/pages\/1651","targetHints":{"allow":["GET"]}}],"collection":[{"href":"https:\/\/saintmargaretmary.org\/pl\/wp-json\/wp\/v2\/pages"}],"about":[{"href":"https:\/\/saintmargaretmary.org\/pl\/wp-json\/wp\/v2\/types\/page"}],"author":[{"embeddable":true,"href":"https:\/\/saintmargaretmary.org\/pl\/wp-json\/wp\/v2\/users\/1"}],"replies":[{"embeddable":true,"href":"https:\/\/saintmargaretmary.org\/pl\/wp-json\/wp\/v2\/comments?post=1651"}],"version-history":[{"count":11,"href":"https:\/\/saintmargaretmary.org\/pl\/wp-json\/wp\/v2\/pages\/1651\/revisions"}],"predecessor-version":[{"id":5358,"href":"https:\/\/saintmargaretmary.org\/pl\/wp-json\/wp\/v2\/pages\/1651\/revisions\/5358"}],"wp:attachment":[{"href":"https:\/\/saintmargaretmary.org\/pl\/wp-json\/wp\/v2\/media?parent=1651"}],"curies":[{"name":"wp","href":"https:\/\/api.w.org\/{rel}","templated":true}]}}