{"id":1653,"date":"2022-05-08T16:32:49","date_gmt":"2022-05-08T16:32:49","guid":{"rendered":"https:\/\/saintmargaretmary.org\/?page_id=1653"},"modified":"2026-02-25T16:11:53","modified_gmt":"2026-02-25T22:11:53","slug":"ethnic-communities","status":"publish","type":"page","link":"https:\/\/saintmargaretmary.org\/pl\/ethnic-communities","title":{"rendered":"Spo\u0142eczno\u015bci etniczne"},"content":{"rendered":"<div id=\"ethnic\" class=\"fusion-container-anchor\"><div class=\"fusion-fullwidth fullwidth-box fusion-builder-row-1 fusion-flex-container has-pattern-background has-mask-background nonhundred-percent-fullwidth non-hundred-percent-height-scrolling\" style=\"--awb-border-radius-top-left:0px;--awb-border-radius-top-right:0px;--awb-border-radius-bottom-right:0px;--awb-border-radius-bottom-left:0px;--awb-flex-wrap:wrap;\" ><div class=\"fusion-builder-row fusion-row fusion-flex-align-items-flex-start fusion-flex-content-wrap\" style=\"max-width:1248px;margin-left: calc(-4% \/ 2 );margin-right: calc(-4% \/ 2 );\"><div class=\"fusion-layout-column fusion_builder_column fusion-builder-column-0 fusion_builder_column_1_1 1_1 fusion-flex-column\" style=\"--awb-bg-size:cover;--awb-width-large:100%;--awb-margin-top-large:0px;--awb-spacing-right-large:1.92%;--awb-margin-bottom-large:0px;--awb-spacing-left-large:1.92%;--awb-width-medium:100%;--awb-spacing-right-medium:1.92%;--awb-spacing-left-medium:1.92%;--awb-width-small:100%;--awb-spacing-right-small:1.92%;--awb-spacing-left-small:1.92%;\"><div class=\"fusion-column-wrapper fusion-flex-justify-content-flex-start fusion-content-layout-column\"><div class=\"fusion-text fusion-text-1\"><ul>\n<li><\/li>\n<\/ul>\n<\/div><div class=\"fusion-menu-anchor\" id=\"ethnic\"><\/div><div class=\"fusion-text fusion-text-2\"><h4>Spo\u0142eczno\u015bci etniczne<\/h4>\n<ul>\n<li><strong>Spo\u0142eczno\u015b\u0107 filipi\u0144ska:<\/strong> Ta spo\u0142eczno\u015b\u0107 sk\u0142ada si\u0119 z ludzi m\u00f3wi\u0105cych wieloma j\u0119zykami filipi\u0144skimi. Spotykaj\u0105 si\u0119 co miesi\u0105c na spotkania towarzyskie.<\/li>\n<li><strong>Spo\u0142eczno\u015b\u0107 polska:<\/strong> Ta spo\u0142eczno\u015b\u0107 m\u00f3wi po polsku i celebruje polsk\u0105 kultur\u0119. S\u0105 dwie niedzielne msze, \u015bwi\u0119ta i inne msze celebrowane w j\u0119zyku polskim. Jeste\u015bmy cz\u0119\u015bci\u0105 wi\u0119kszej spo\u0142eczno\u015bci, ale cenimy sobie podtrzymywanie polskich tradycji. Mamy nabo\u017ce\u0144stwa przez ca\u0142y rok w j\u0119zyku polskim i zaj\u0119cia spo\u0142eczne, takie jak ta\u0144ce i spotkania po mszach.<\/li>\n<li><strong>Polscy ministranci<\/strong><\/li>\n<li><strong>Lektorzy polscy<\/strong><\/li>\n<li><strong>Polskie Duszpasterstwo M\u0142odzie\u017cy<\/strong><\/li>\n<\/ul>\n<\/div><\/div><\/div><\/div><\/div><\/div>","protected":false},"excerpt":{"rendered":"","protected":false},"author":1,"featured_media":0,"parent":0,"menu_order":0,"comment_status":"closed","ping_status":"closed","template":"","meta":{"_monsterinsights_skip_tracking":false,"_monsterinsights_sitenote_active":false,"_monsterinsights_sitenote_note":"","_monsterinsights_sitenote_category":0,"footnotes":""},"class_list":["post-1653","page","type-page","status-publish","hentry"],"aioseo_notices":[],"_links":{"self":[{"href":"https:\/\/saintmargaretmary.org\/pl\/wp-json\/wp\/v2\/pages\/1653","targetHints":{"allow":["GET"]}}],"collection":[{"href":"https:\/\/saintmargaretmary.org\/pl\/wp-json\/wp\/v2\/pages"}],"about":[{"href":"https:\/\/saintmargaretmary.org\/pl\/wp-json\/wp\/v2\/types\/page"}],"author":[{"embeddable":true,"href":"https:\/\/saintmargaretmary.org\/pl\/wp-json\/wp\/v2\/users\/1"}],"replies":[{"embeddable":true,"href":"https:\/\/saintmargaretmary.org\/pl\/wp-json\/wp\/v2\/comments?post=1653"}],"version-history":[{"count":5,"href":"https:\/\/saintmargaretmary.org\/pl\/wp-json\/wp\/v2\/pages\/1653\/revisions"}],"predecessor-version":[{"id":2377,"href":"https:\/\/saintmargaretmary.org\/pl\/wp-json\/wp\/v2\/pages\/1653\/revisions\/2377"}],"wp:attachment":[{"href":"https:\/\/saintmargaretmary.org\/pl\/wp-json\/wp\/v2\/media?parent=1653"}],"curies":[{"name":"wp","href":"https:\/\/api.w.org\/{rel}","templated":true}]}}