{"id":1655,"date":"2022-05-08T16:33:04","date_gmt":"2022-05-08T16:33:04","guid":{"rendered":"https:\/\/saintmargaretmary.org\/?page_id=1655"},"modified":"2026-02-25T16:11:53","modified_gmt":"2026-02-25T22:11:53","slug":"community-outreach","status":"publish","type":"page","link":"https:\/\/saintmargaretmary.org\/pl\/community-outreach","title":{"rendered":"Zasi\u0119g spo\u0142eczno\u015bci"},"content":{"rendered":"<div id=\"outreach\" class=\"fusion-container-anchor\"><div class=\"fusion-fullwidth fullwidth-box fusion-builder-row-1 fusion-flex-container has-pattern-background has-mask-background nonhundred-percent-fullwidth non-hundred-percent-height-scrolling\" style=\"--awb-border-radius-top-left:0px;--awb-border-radius-top-right:0px;--awb-border-radius-bottom-right:0px;--awb-border-radius-bottom-left:0px;--awb-flex-wrap:wrap;\" ><div class=\"fusion-builder-row fusion-row fusion-flex-align-items-flex-start fusion-flex-content-wrap\" style=\"max-width:1248px;margin-left: calc(-4% \/ 2 );margin-right: calc(-4% \/ 2 );\"><div class=\"fusion-layout-column fusion_builder_column fusion-builder-column-0 fusion_builder_column_1_1 1_1 fusion-flex-column\" style=\"--awb-bg-size:cover;--awb-width-large:100%;--awb-margin-top-large:0px;--awb-spacing-right-large:1.92%;--awb-margin-bottom-large:20px;--awb-spacing-left-large:1.92%;--awb-width-medium:100%;--awb-order-medium:0;--awb-spacing-right-medium:1.92%;--awb-spacing-left-medium:1.92%;--awb-width-small:100%;--awb-order-small:0;--awb-spacing-right-small:1.92%;--awb-spacing-left-small:1.92%;\"><div class=\"fusion-column-wrapper fusion-column-has-shadow fusion-flex-justify-content-flex-start fusion-content-layout-column\"><div class=\"fusion-menu-anchor\" id=\"outreach\"><\/div><div class=\"fusion-text fusion-text-1\"><h4>Zasi\u0119g spo\u0142eczno\u015bci<\/h4>\n<ul>\n<li><strong>Pomoc dla bezdomnych:<\/strong> Dwa miesi\u0119czne zespo\u0142y robi\u0105 zakupy, gotuj\u0105, dostarczaj\u0105 i serwuj\u0105 \u015bniadania dla bezdomnych w Elgin, raz w miesi\u0105cu, w r\u00f3\u017cne poniedzia\u0142ki, razem z innymi grupami ekumenicznymi. \u201eBo by\u0142em g\u0142odny, a dali\u015bcie mi je\u015b\u0107\u201d. Mateusza 25:35<\/li>\n<li><strong>Zesp\u00f3\u0142 pocztowy<\/strong><\/li>\n<li><strong>Kairos m\u0119ski \u2013 wi\u0119zienie:<\/strong><\/li>\n<li><strong>Szale modlitewne:\u00a0<\/strong>Razem robimy na drutach, szyde\u0142kujemy i tworzymy r\u0119kodzie\u0142o, aby zapewni\u0107 r\u0119cznie robiony szal tym, kt\u00f3rzy potrzebuj\u0105 uzdrowienia, pocieszenia lub \u015bwi\u0119towania radosnej okazji. Wykonane z modlitw\u0105 i podarowane ze wsp\u00f3\u0142czuciem lub rado\u015bci\u0105, szale modlitewne s\u0105 darem mi\u0142o\u015bci, przyja\u017ani i troski. Oparte na wsp\u00f3\u0142czuciu i trosce o innych, a tak\u017ce na mi\u0142o\u015bci do sztuki w\u0142\u00f3kienniczej. Spotykamy si\u0119 w \u015brody rano od 10:00 do 11:00 na dolnym poziomie Activity Room w Eastgate Manor. Trzeci poniedzia\u0142ek miesi\u0105ca od 19:00 do 20:30 w pokoju 6 w Ministry Center.<\/li>\n<li><strong>Producenci r\u00f3\u017ca\u0144c\u00f3w:\u00a0<\/strong>Tw\u00f3rcy r\u00f3\u017ca\u0144c\u00f3w spotykaj\u0105 si\u0119 w Ministry Center. Je\u015bli masz niepe\u0142nosprawno\u015b\u0107 i chcia\u0142by\u015b wzi\u0105\u0107 udzia\u0142, pomo\u017cemy ci. R\u00f3\u017ca\u0144ce s\u0105 przekazywane do szpitali, organizacji charytatywnych, naszego ko\u015bcio\u0142a i szko\u0142y. Mo\u017cesz pracowa\u0107 we w\u0142asnym tempie i zam\u00f3wi\u0107 tyle niedrogich paczek koralik\u00f3w, ile potrzebujesz.<\/li>\n<li><strong>Zasi\u0119g spo\u0142eczny:<\/strong> Wolontariusze rodzin parafialnych, kt\u00f3rzy udzielaj\u0105 pomocy potrzebuj\u0105cym w okolicznej spo\u0142eczno\u015bci. Obejmuje to dostarczanie przybor\u00f3w szkolnych dla dzieci, organizowanie parafialnego drzewka \u015bwi\u0105tecznego, kt\u00f3re dostarcza prezenty osobom starszym, rodzinom i samotnym matkom, kt\u00f3re do\u015bwiadczaj\u0105 trudno\u015bci finansowych, a tak\u017ce dostarczanie ubra\u0144 do r\u00f3\u017cnych schronisk dla bezdomnych. W duchu mi\u0142o\u015bci i wsp\u00f3\u0142czucia Jezusa wszyscy ludzie s\u0105 wspierani bez zastrze\u017ce\u0144.<\/li>\n<li><strong>Stowarzyszenie \u015aw. Wincentego de Paul:<\/strong> Zainspirowane warto\u015bciami ewangelicznymi, Towarzystwo \u015bw. Wincentego De Paul prowadzi kobiety i m\u0119\u017cczyzn do duchowego rozwoju poprzez oferowanie osobistej, domowej pomocy tym, kt\u00f3rzy s\u0105 w potrzebie w regionie Algonquin i LITH. Jego cz\u0142onkowie, zwani Wincentianami, odzwierciedlaj\u0105 ca\u0142\u0105 rodzin\u0119 Boga. Modlitwa, refleksja i wzajemnie wspieraj\u0105ce si\u0119 spotkania od\u017cywiaj\u0105 nas. Towarzystwo wsp\u00f3\u0142pracuje z innymi organizacjami spo\u0142ecznymi i charytatywnymi. Nie robimy \u017cadnych rozr\u00f3\u017cnie\u0144 w tych, kt\u00f3rym s\u0142u\u017cymy, poniewa\u017c w nich Wincentianie widz\u0105 Oblicze Chrystusa w ka\u017cdym Przyjacielu w Potrzebie.<\/li>\n<li><strong>Ministerstwo internetowe:<\/strong> Ewangelizacja za pomoc\u0105 nowszego medium. Podstawowe umiej\u0119tno\u015bci komputerowe (internet, korzystanie z oprogramowania) i ch\u0119\u0107 wywierania pozytywnego wp\u0142ywu na Ko\u015bci\u00f3\u0142 Chrystusa to wszystko, czego potrzeba. Szukamy wszystkich, kt\u00f3rzy ulepsz\u0105 i\/lub pomog\u0105 utrzyma\u0107 nasz\u0105 stale rozwijaj\u0105c\u0105 si\u0119 witryn\u0119. Je\u015bli posiadasz takie umiej\u0119tno\u015bci, mogliby\u015bmy skorzysta\u0107 z Twojej pomocy.<\/li>\n<\/ul>\n<\/div><\/div><\/div><\/div><\/div><\/div>","protected":false},"excerpt":{"rendered":"","protected":false},"author":1,"featured_media":0,"parent":0,"menu_order":0,"comment_status":"closed","ping_status":"closed","template":"","meta":{"_monsterinsights_skip_tracking":false,"_monsterinsights_sitenote_active":false,"_monsterinsights_sitenote_note":"","_monsterinsights_sitenote_category":0,"footnotes":""},"class_list":["post-1655","page","type-page","status-publish","hentry"],"aioseo_notices":[],"_links":{"self":[{"href":"https:\/\/saintmargaretmary.org\/pl\/wp-json\/wp\/v2\/pages\/1655","targetHints":{"allow":["GET"]}}],"collection":[{"href":"https:\/\/saintmargaretmary.org\/pl\/wp-json\/wp\/v2\/pages"}],"about":[{"href":"https:\/\/saintmargaretmary.org\/pl\/wp-json\/wp\/v2\/types\/page"}],"author":[{"embeddable":true,"href":"https:\/\/saintmargaretmary.org\/pl\/wp-json\/wp\/v2\/users\/1"}],"replies":[{"embeddable":true,"href":"https:\/\/saintmargaretmary.org\/pl\/wp-json\/wp\/v2\/comments?post=1655"}],"version-history":[{"count":8,"href":"https:\/\/saintmargaretmary.org\/pl\/wp-json\/wp\/v2\/pages\/1655\/revisions"}],"predecessor-version":[{"id":5355,"href":"https:\/\/saintmargaretmary.org\/pl\/wp-json\/wp\/v2\/pages\/1655\/revisions\/5355"}],"wp:attachment":[{"href":"https:\/\/saintmargaretmary.org\/pl\/wp-json\/wp\/v2\/media?parent=1655"}],"curies":[{"name":"wp","href":"https:\/\/api.w.org\/{rel}","templated":true}]}}