{"id":1657,"date":"2022-05-08T16:33:17","date_gmt":"2022-05-08T16:33:17","guid":{"rendered":"https:\/\/saintmargaretmary.org\/?page_id=1657"},"modified":"2026-02-25T16:11:53","modified_gmt":"2026-02-25T22:11:53","slug":"faith-formation","status":"publish","type":"page","link":"https:\/\/saintmargaretmary.org\/pl\/faith-formation","title":{"rendered":"Formacja Wiary"},"content":{"rendered":"<div id=\"formation\" class=\"fusion-container-anchor\"><div class=\"fusion-fullwidth fullwidth-box fusion-builder-row-1 fusion-flex-container has-pattern-background has-mask-background nonhundred-percent-fullwidth non-hundred-percent-height-scrolling\" style=\"--awb-border-radius-top-left:0px;--awb-border-radius-top-right:0px;--awb-border-radius-bottom-right:0px;--awb-border-radius-bottom-left:0px;--awb-flex-wrap:wrap;\" ><div class=\"fusion-builder-row fusion-row fusion-flex-align-items-flex-start fusion-flex-content-wrap\" style=\"max-width:1248px;margin-left: calc(-4% \/ 2 );margin-right: calc(-4% \/ 2 );\"><div class=\"fusion-layout-column fusion_builder_column fusion-builder-column-0 fusion_builder_column_1_1 1_1 fusion-flex-column\" style=\"--awb-bg-size:cover;--awb-width-large:100%;--awb-margin-top-large:0px;--awb-spacing-right-large:1.92%;--awb-margin-bottom-large:20px;--awb-spacing-left-large:1.92%;--awb-width-medium:100%;--awb-order-medium:0;--awb-spacing-right-medium:1.92%;--awb-spacing-left-medium:1.92%;--awb-width-small:100%;--awb-order-small:0;--awb-spacing-right-small:1.92%;--awb-spacing-left-small:1.92%;\"><div class=\"fusion-column-wrapper fusion-column-has-shadow fusion-flex-justify-content-flex-start fusion-content-layout-column\"><div class=\"fusion-menu-anchor\" id=\"formation\"><\/div><div class=\"fusion-text fusion-text-1\"><h4>Formacja Wiary<\/h4>\n<ul>\n<li><strong><a title=\"Katolicy wracaj\u0105 do domu\" href=\"https:\/\/saintmargaretmary.org\/pl\/catholics-returning-home\/\">Katolicy wracaj\u0105 do domu<\/a>:<\/strong> Jeste\u015bmy pos\u0142ug\u0105 mi\u0142o\u015bci i wsp\u00f3\u0142czucia, dzi\u0119ki kt\u00f3rej cz\u0142onkowie zespo\u0142u do\u015bwiadczaj\u0105 mi\u0142o\u015bci Boga w wyj\u0105tkowy spos\u00f3b, b\u0119d\u0105c \u015bwiadkami dzia\u0142ania Ducha \u015awi\u0119tego poprzez siebie, innych cz\u0142onk\u00f3w zespo\u0142u i tych, kt\u00f3rzy powracaj\u0105 do Ko\u015bcio\u0142a. Niewiele mo\u017ce si\u0119 r\u00f3wna\u0107 z ucztowaniem, jakie prze\u017cywa\u0142 ojciec syna marnotrawnego: \u201e\u2026uczcijmy, poniewa\u017c ten m\u00f3j syn by\u0142 umar\u0142y, a o\u017cy\u0142; zagin\u0105\u0142, a odnalaz\u0142 si\u0119\u201d. ~\u0141ukasza 15: 23-24<\/li>\n<li><strong><a href=\"https:\/\/smmym.org\/confirmation\">Przygotowanie do bierzmowania<\/a>:<\/strong> Przygotowanie do konfirmacji w St. Margaret Mary to roczny, o\u015bmiosesyjny proces, kt\u00f3ry rozpoczyna si\u0119 we wrze\u015bniu i ko\u0144czy konfirmacj\u0105 wiosn\u0105. W diecezji Rockford nastolatkowie mog\u0105 by\u0107 konfirmowani ju\u017c w 9 klasie. Je\u015bli masz ponad 18 lat i nie uko\u0144czy\u0142e\u015b szko\u0142y \u015bredniej i chcia\u0142by\u015b zosta\u0107 konfirmowany w Ko\u015bciele Katolickim, skontaktuj si\u0119 z biurem parafialnym w sprawie przygotowania do konfirmacji dla doros\u0142ych.<\/li>\n<li><a href=\"https:\/\/smmym.org\/gather#finding\"><strong>Wsp\u00f3lne odnajdywanie Boga:<\/strong><\/a> Jezus powiedzia\u0142: \u201ePozw\u00f3lcie dzieciom przychodzi\u0107 do mnie\u2026 bo do takich nale\u017cy kr\u00f3lestwo niebieskie\u201d. Rodzice, dziadkowie lub opiekunowie maj\u0105 szczeg\u00f3lne zadanie, aby przedstawi\u0107 dzieciom Jezusa i nauczy\u0107 je Jego dr\u00f3g. Czasami w \u017cyciu zdarzaj\u0105 si\u0119 okoliczno\u015bci, kt\u00f3re uniemo\u017cliwiaj\u0105 nam przedstawienie Boga naszym dzieciom w m\u0142odym wieku. Nie martw si\u0119! Jezus jest tutaj dla ciebie. Ten program pomaga dzieciom pozna\u0107 Boga i zbli\u017cy\u0107 si\u0119 do Jezusa poprzez Jego s\u0142owa, przyk\u0142ady i modlitwy. Ta klasa jest skierowana do dzieci w klasach 3\u20135, kt\u00f3re pragn\u0105 przyj\u0105\u0107 sakrament chrztu i\/lub pierwszej komunii \u015bwi\u0119tej. Rodzic musi towarzyszy\u0107 swojemu dziecku i uczestniczy\u0107 w programie dla rodzic\u00f3w.<\/li>\n<li><strong><a href=\"https:\/\/smmym.org\/gather\">ZEBRA\u0106<\/a>:<\/strong> Program Family Faith Formation jest przeznaczony dla wszystkich uczni\u00f3w, kt\u00f3rzy nie ucz\u0119szczaj\u0105 do szko\u0142y katolickiej. Wszystkie klasy uczni\u00f3w: od przedszkola do liceum. Musz\u0105 uczestniczy\u0107 przynajmniej z jednym rodzicem. Rodziny ze szk\u00f3\u0142 katolickich s\u0105 mile widziane.<\/li>\n<li><a href=\"https:\/\/saintmargaretmary.org\/pl\/ocia\/\"><strong>OCIA &#8211;<\/strong> <\/a><strong>Order of Christian Initiation of Adults:<\/strong> Program dla doros\u0142ych, kt\u00f3rzy chc\u0105 zg\u0142\u0119bia\u0107 wiar\u0119 katolick\u0105. Osoby, kt\u00f3re wybior\u0105, mog\u0105 przygotowa\u0107 si\u0119 do przyj\u0119cia sakrament\u00f3w inicjacji: chrztu, komunii i bierzmowania. Program ten jest przeznaczony dla os\u00f3b, kt\u00f3re nie zosta\u0142y wychowane w wierze katolickiej, w tym dla nieochrzczonych, ochrzczonych protestant\u00f3w lub ochrzczonych katolik\u00f3w.<\/li>\n<li><strong>M\u0142odzie\u017c i m\u0142odzi doro\u015bli:<\/strong> Jeste\u015bmy spo\u0142eczno\u015bci\u0105 szk\u00f3\u0142 \u015brednich, \u015brednich i m\u0142odych doros\u0142ych w St. Margaret Mary. W tej erze nowej ewangelizacji przynosimy Chrystusa m\u0142odym ludziom i objawiamy prawd\u0119, dobro\u0107 i pi\u0119kno ko\u015bcio\u0142a. Odwied\u017a nasz\u0105 stron\u0119 internetow\u0105 pod adresem <a href=\"http:\/\/smmym.org\">Zapraszamy na nasz\u0105 stron\u0119 internetow\u0105.<\/a><\/li>\n<\/ul>\n<\/div><\/div><\/div><\/div><\/div><\/div>","protected":false},"excerpt":{"rendered":"","protected":false},"author":1,"featured_media":0,"parent":0,"menu_order":0,"comment_status":"closed","ping_status":"closed","template":"","meta":{"_monsterinsights_skip_tracking":false,"_monsterinsights_sitenote_active":false,"_monsterinsights_sitenote_note":"","_monsterinsights_sitenote_category":0,"footnotes":""},"class_list":["post-1657","page","type-page","status-publish","hentry"],"aioseo_notices":[],"_links":{"self":[{"href":"https:\/\/saintmargaretmary.org\/pl\/wp-json\/wp\/v2\/pages\/1657","targetHints":{"allow":["GET"]}}],"collection":[{"href":"https:\/\/saintmargaretmary.org\/pl\/wp-json\/wp\/v2\/pages"}],"about":[{"href":"https:\/\/saintmargaretmary.org\/pl\/wp-json\/wp\/v2\/types\/page"}],"author":[{"embeddable":true,"href":"https:\/\/saintmargaretmary.org\/pl\/wp-json\/wp\/v2\/users\/1"}],"replies":[{"embeddable":true,"href":"https:\/\/saintmargaretmary.org\/pl\/wp-json\/wp\/v2\/comments?post=1657"}],"version-history":[{"count":16,"href":"https:\/\/saintmargaretmary.org\/pl\/wp-json\/wp\/v2\/pages\/1657\/revisions"}],"predecessor-version":[{"id":5127,"href":"https:\/\/saintmargaretmary.org\/pl\/wp-json\/wp\/v2\/pages\/1657\/revisions\/5127"}],"wp:attachment":[{"href":"https:\/\/saintmargaretmary.org\/pl\/wp-json\/wp\/v2\/media?parent=1657"}],"curies":[{"name":"wp","href":"https:\/\/api.w.org\/{rel}","templated":true}]}}