{"id":1659,"date":"2022-05-08T16:33:49","date_gmt":"2022-05-08T16:33:49","guid":{"rendered":"https:\/\/saintmargaretmary.org\/?page_id=1659"},"modified":"2026-04-22T18:47:36","modified_gmt":"2026-04-22T23:47:36","slug":"liturgical-ministries","status":"publish","type":"page","link":"https:\/\/saintmargaretmary.org\/pl\/liturgical-ministries","title":{"rendered":"Pos\u0142ugi liturgiczne"},"content":{"rendered":"<div id=\"liturgical\" class=\"fusion-container-anchor\"><div class=\"fusion-fullwidth fullwidth-box fusion-builder-row-1 fusion-flex-container has-pattern-background has-mask-background nonhundred-percent-fullwidth non-hundred-percent-height-scrolling\" style=\"--awb-border-radius-top-left:0px;--awb-border-radius-top-right:0px;--awb-border-radius-bottom-right:0px;--awb-border-radius-bottom-left:0px;--awb-flex-wrap:wrap;\" ><div class=\"fusion-builder-row fusion-row fusion-flex-align-items-flex-start fusion-flex-content-wrap\" style=\"max-width:1248px;margin-left: calc(-4% \/ 2 );margin-right: calc(-4% \/ 2 );\"><div class=\"fusion-layout-column fusion_builder_column fusion-builder-column-0 fusion_builder_column_1_1 1_1 fusion-flex-column\" style=\"--awb-bg-size:cover;--awb-width-large:100%;--awb-margin-top-large:0px;--awb-spacing-right-large:1.92%;--awb-margin-bottom-large:0px;--awb-spacing-left-large:1.92%;--awb-width-medium:100%;--awb-spacing-right-medium:1.92%;--awb-spacing-left-medium:1.92%;--awb-width-small:100%;--awb-spacing-right-small:1.92%;--awb-spacing-left-small:1.92%;\"><div class=\"fusion-column-wrapper fusion-flex-justify-content-flex-start fusion-content-layout-column\"><div class=\"fusion-menu-anchor\" id=\"liturgical\"><\/div><div class=\"fusion-text fusion-text-1\"><ul>\n<li><strong>Ministrant:<\/strong> S\u0142u\u017cy\u0107 na mszy i innych celebracjach liturgicznych. Ch\u0142opcy i dziewcz\u0119ta, klasa 3 lub starsi. Zapewniamy miesi\u0119czne spotkania i szkolenia.<\/li>\n<li><strong>Sztuka i \u015brodowisko:<\/strong> Zdefiniuj i stw\u00f3rz \u015brodowisko ko\u015bcielne w oparciu o sezon liturgiczny. Nie jest wymagane \u017cadne szkolenie. Zobowi\u0105zanie miesi\u0119czne lub oparte na sezonowych potrzebach.<\/li>\n<li><strong>Koordynatorzy chrztu:<\/strong> Radosna, wspieraj\u0105ca pos\u0142uga, kt\u00f3ra pomaga m\u0142odym rodzinom w dniu chrztu. Nie s\u0105 wymagane \u017cadne spotkania, wystarczy troch\u0119 wi\u0119cej czasu, gdy uczestniczysz we mszy \u015bwi\u0119tej, aby powita\u0107 nasze rodziny chrzcielne przed i po mszy. Przypomnij sobie w\u0142asne przyrzeczenia chrzcielne i celebruj pi\u0119kny sakrament chrztu z najnowszymi i najcenniejszymi cz\u0142onkami naszej parafii. Szkolenie jest zapewnione. Wymagany jest certyfikat Protecting God&#039;s Children.<\/li>\n<li><strong>Koordynator pogrzebowy:<\/strong> Bo\u017ce powo\u0142anie do pomagania innym w bardzo trudnym okresie ich \u017cycia\u2026 satysfakcjonuj\u0105ce do\u015bwiadczenie. Koordynator pogrzebowy pomaga ksi\u0119dzu podczas katolickiej mszy pogrzebowej, wykonuj\u0105c szereg zada\u0144, w tym przygotowanie ko\u015bcio\u0142a, przygotowanie o\u0142tarza, zapalenie kadzid\u0142a, przejrzenie arkusza pogrzebowego (dostarczonego przez biuro ko\u015bcielne), ustawienie czyta\u0144, komunikacja z ministrantami i wype\u0142nianie obowi\u0105zk\u00f3w szafarza Eucharystii. Spotkasz si\u0119 z rodzin\u0105 zmar\u0142ego, gdy przyb\u0119dzie do ko\u015bcio\u0142a, aby om\u00f3wi\u0107 czytania, ustali\u0107, kto przyniesie dary, ustawi\u0107 sto\u0142y\/krzes\u0142a, sztalugi do zdj\u0119\u0107 i zaoferowa\u0107 swoje pocieszenie i wsparcie podczas mszy. Zapewnione zostanie szkolenie dla s\u0142u\u017cby pogrzebowej.<\/li>\n<li><strong>Koordynator \u015blub\u00f3w:<\/strong> Prowadzenie pr\u00f3b weselnych, ustawianie mebli i otoczenia, koordynowanie ruch\u00f3w i dzia\u0142a\u0144 pary m\u0142odej i uczestnik\u00f3w w dniu \u015blubu. Bardzo satysfakcjonuj\u0105ce! Wymagane i zapewnione jest szkolenie. Zaanga\u017cowanie obejmuje pr\u00f3b\u0119 i dzie\u0144 \u015blubu.<\/li>\n<li><strong>Nadzwyczajni Szafarze Eucharystii (EME):<\/strong> Nadzwyczajni Szafarze Komunii \u015awi\u0119tej (EMHC) s\u0142u\u017c\u0105 modlitw\u0105 wiernym parafii \u015bw. Ma\u0142gorzaty Marii, rozdaj\u0105c Cia\u0142o i Krew Chrystusa podczas celebracji Eucharystycznych.<\/li>\n<li><strong>Powitania:<\/strong> Every parishioner is called to offer a friendly, welcoming face that says, \u201cAll are welcome!\u201d This ministry stands at the door to welcome people upon arriving at church and to say goodbye upon dismissal. Minimal commitment. Informal training provided.<\/li>\n<li><strong>Lektorzy:<\/strong> \u201eSerca wiernych, kt\u00f3rzy gromadz\u0105 si\u0119 w dniu Pa\u0144skim, karmi\u0105 si\u0119 zar\u00f3wno Jego S\u0142owem, jak i Chlebem \u017cycia wiecznego\u201d \u2013 powiedzia\u0142 papie\u017c Franciszek.<br \/>Lektorzy wspieraj\u0105 wa\u017cn\u0105 cz\u0119\u015b\u0107 celebracji liturgii, S\u0142owo Bo\u017ce. Ta pos\u0142uga jest dla os\u00f3b, kt\u00f3re modl\u0105 si\u0119 Pismem \u015awi\u0119tym i chc\u0105 dzieli\u0107 si\u0119 owocami swojej modlitwy i refleksji poprzez proklamacj\u0119. G\u0142osiciele mog\u0105 wybra\u0107 msz\u0119, w kt\u00f3rej wol\u0105 uczestniczy\u0107, i s\u0105 odpowiednio planowani. (Mo\u017ce by\u0107 raz w miesi\u0105cu lub co drugi miesi\u0105c). Zapewniamy szkolenie i materia\u0142y.<\/li>\n<li><strong>Media and Communications Ministry: <\/strong>We&#8217;re a small group of men and women who support our liturgy with live streaming of masses so shut-ins, remote parishioners, and family members can participate in Holy Mass even when they cannot be here in person. We also develop and maintain our parish website and consult with parish staff when needed on technology topics.<\/li>\n<li><strong>Zespo\u0142y muzyczne:<\/strong> Zapraszamy \u015bpiewak\u00f3w i instrumentalist\u00f3w w ka\u017cdym wieku i na ka\u017cdym poziomie umiej\u0119tno\u015bci. \u015apiewacy nie musz\u0105 czyta\u0107 nut, ale musz\u0105 by\u0107 w stanie utrzyma\u0107 melodi\u0119. Wymagane kr\u00f3tkie przes\u0142uchanie dla muzyk\u00f3w i \u015bpiewak\u00f3w. Cotygodniowe pr\u00f3by i msze od wrze\u015bnia do czerwca. Zaanga\u017cowanie wzrasta w okresie Bo\u017cego Narodzenia i Wielkanocy. Kantorzy musz\u0105 r\u00f3wnie\u017c uczestniczy\u0107 w ch\u00f3rze dla doros\u0142ych.<br \/>o Ch\u00f3r doros\u0142ych<br \/>o Kantorzy<br \/>o Ch\u00f3r pogrzebowy (w razie potrzeby)<br \/>o Ch\u00f3r m\u0142odzie\u017cowy (klasy 6-12)<br \/>o Ch\u00f3r dzieci\u0119cy (klasy K-5)<\/li>\n<li><strong>Zakrystian \/ Marta<\/strong>: Za kulisami zakrystianie przygotowuj\u0105 ko\u015bci\u00f3\u0142 i o\u0142tarz na msze weekendowe i \u015bwi\u0105teczne. Martha&#039;s pomagaj\u0105 utrzyma\u0107 ko\u015bci\u00f3\u0142 w czysto\u015bci. Pierz\u0105 i prasuj\u0105 obrusy o\u0142tarzowe i komunijne. Zapewniamy szkolenie. Zobowi\u0105zanie co tydzie\u0144 lub rzadziej w zale\u017cno\u015bci od liczby dost\u0119pnych duchownych. Zobowi\u0105zanie oko\u0142o dwa razy w miesi\u0105cu.<\/li>\n<li><strong>Bilety:<\/strong> Porz\u0105dkowi s\u0105 jednym z pierwszych punkt\u00f3w kontaktu z go\u015bcinno\u015bci\u0105 i powitaniem. S\u0105 wzywani do udzielania wsparcia przed, w trakcie i po celebracji liturgii. Dbaj\u0105 o wygod\u0119 i bezpiecze\u0144stwo zgromadzenia oraz pomagaj\u0105 w utrzymaniu porz\u0105dku podczas wydarze\u0144 liturgicznych. Porz\u0105dkowi s\u0142u\u017c\u0105 podczas mszy wed\u0142ug w\u0142asnego wyboru.<\/li>\n<li><strong>S\u0142u\u017cba Wizytacyjna \u2013 <em>(Szpital, dom opieki i dom opieki) <\/em><\/strong>Jednym z naszych pos\u0142ug liturgicznych w parafii \u015bw. Ma\u0142gorzaty Marii jest pos\u0142uga wizytacyjna. Celem tej pos\u0142ugi jest niesienie S\u0142owa i drogocennego Cia\u0142a Chrystusa chorym, starszym i umieraj\u0105cym. Ministrowie wizytacyjni s\u0105 nieustannym przypomnieniem dla tych, kt\u00f3rzy nie mog\u0105 uczestniczy\u0107 we mszy, \u017ce nadal s\u0105 cz\u0119\u015bci\u0105 naszej rodziny parafialnej \u015bw. Ma\u0142gorzaty Marii.<br \/>o <strong>Wizyty domowe<\/strong> \u2013 duchowni odwiedzaj\u0105 parafian w ich domach, kt\u00f3rzy s\u0105 chorzy, starsi lub umieraj\u0105cy.<br \/>o <strong>Wizyty w domach senior\u00f3w<\/strong> \u2013 duchowni prowadz\u0105 kr\u00f3tk\u0105 Komuni\u0119 \u015awi\u0119t\u0105 w ka\u017cd\u0105 niedziel\u0119 w nast\u0119puj\u0105cych domach senior\u00f3w: Arden Rose, Clarendale, Eastgate i Village Green. Dodatkowe nabo\u017ce\u0144stwa odbywaj\u0105 si\u0119 w \u015arod\u0119 Popielcow\u0105 i Wielki Pi\u0105tek. Ponadto raz w miesi\u0105cu odprawiana jest Msza \u015awi\u0119ta w Eastgate i Clarendale.<br \/>o <strong>Wizyty w szpitalu Shermana<\/strong> \u2013 Parafia \u015bw. Ma\u0142gorzaty Marii jest odpowiedzialna za dostarczanie Komunii \u015awi\u0119tej pacjentom katolickim w szpitalu Sherman w ka\u017cdy poniedzia\u0142ek.<br \/>Musimy da\u0107 zna\u0107 wszystkim parafianom, \u017ce istnieje to Ministerstwo Wizytacji. Je\u015bli Ty lub cz\u0142onek Twojej rodziny lub przyjaciel nie mo\u017ce uczestniczy\u0107 we mszy z powodu kr\u00f3tkoterminowej choroby lub operacji, lub je\u015bli jest trwale przykuty do domu, skontaktuj si\u0119 z Mary LeRoy pod numerem 815-321-9590 lub z biurem ko\u015bcio\u0142a STMM pod numerem 847-658-7625. Je\u015bli kto\u015b jest ch\u0119tny i zainteresowany zostaniem Ministrem Wizytacji w kt\u00f3rejkolwiek z kategorii wymienionych powy\u017cej, zadzwo\u0144 do Mary LeRoy lub do biura ko\u015bcio\u0142a. Prosimy o modlitewne rozwa\u017cenie do\u0142\u0105czenia do tej wa\u017cnej pos\u0142ugi. Mo\u017cesz my\u015ble\u0107, \u017ce to wykracza poza Twoj\u0105 stref\u0119 komfortu, ale potrzebujemy pomocy!<\/li>\n<\/ul>\n<\/div><\/div><\/div><\/div><\/div><\/div>","protected":false},"excerpt":{"rendered":"","protected":false},"author":1,"featured_media":0,"parent":0,"menu_order":0,"comment_status":"closed","ping_status":"closed","template":"","meta":{"_monsterinsights_skip_tracking":false,"_monsterinsights_sitenote_active":false,"_monsterinsights_sitenote_note":"","_monsterinsights_sitenote_category":0,"footnotes":""},"class_list":["post-1659","page","type-page","status-publish","hentry"],"aioseo_notices":[],"_links":{"self":[{"href":"https:\/\/saintmargaretmary.org\/pl\/wp-json\/wp\/v2\/pages\/1659","targetHints":{"allow":["GET"]}}],"collection":[{"href":"https:\/\/saintmargaretmary.org\/pl\/wp-json\/wp\/v2\/pages"}],"about":[{"href":"https:\/\/saintmargaretmary.org\/pl\/wp-json\/wp\/v2\/types\/page"}],"author":[{"embeddable":true,"href":"https:\/\/saintmargaretmary.org\/pl\/wp-json\/wp\/v2\/users\/1"}],"replies":[{"embeddable":true,"href":"https:\/\/saintmargaretmary.org\/pl\/wp-json\/wp\/v2\/comments?post=1659"}],"version-history":[{"count":22,"href":"https:\/\/saintmargaretmary.org\/pl\/wp-json\/wp\/v2\/pages\/1659\/revisions"}],"predecessor-version":[{"id":5499,"href":"https:\/\/saintmargaretmary.org\/pl\/wp-json\/wp\/v2\/pages\/1659\/revisions\/5499"}],"wp:attachment":[{"href":"https:\/\/saintmargaretmary.org\/pl\/wp-json\/wp\/v2\/media?parent=1659"}],"curies":[{"name":"wp","href":"https:\/\/api.w.org\/{rel}","templated":true}]}}