{"id":1661,"date":"2022-05-08T16:34:09","date_gmt":"2022-05-08T16:34:09","guid":{"rendered":"https:\/\/saintmargaretmary.org\/?page_id=1661"},"modified":"2026-02-25T16:10:52","modified_gmt":"2026-02-25T22:10:52","slug":"spiritual-life","status":"publish","type":"page","link":"https:\/\/saintmargaretmary.org\/pl\/spiritual-life","title":{"rendered":"\u017bycie duchowe"},"content":{"rendered":"<div id=\"spiritual\" class=\"fusion-container-anchor\"><div class=\"fusion-fullwidth fullwidth-box fusion-builder-row-1 fusion-flex-container has-pattern-background has-mask-background nonhundred-percent-fullwidth non-hundred-percent-height-scrolling\" style=\"--awb-border-radius-top-left:0px;--awb-border-radius-top-right:0px;--awb-border-radius-bottom-right:0px;--awb-border-radius-bottom-left:0px;--awb-flex-wrap:wrap;\" ><div class=\"fusion-builder-row fusion-row fusion-flex-align-items-flex-start fusion-flex-content-wrap\" style=\"max-width:1248px;margin-left: calc(-4% \/ 2 );margin-right: calc(-4% \/ 2 );\"><div class=\"fusion-layout-column fusion_builder_column fusion-builder-column-0 fusion_builder_column_1_1 1_1 fusion-flex-column\" style=\"--awb-bg-size:cover;--awb-width-large:100%;--awb-margin-top-large:0px;--awb-spacing-right-large:1.92%;--awb-margin-bottom-large:20px;--awb-spacing-left-large:1.92%;--awb-width-medium:100%;--awb-order-medium:0;--awb-spacing-right-medium:1.92%;--awb-spacing-left-medium:1.92%;--awb-width-small:100%;--awb-order-small:0;--awb-spacing-right-small:1.92%;--awb-spacing-left-small:1.92%;\"><div class=\"fusion-column-wrapper fusion-column-has-shadow fusion-flex-justify-content-flex-start fusion-content-layout-column\"><div class=\"fusion-menu-anchor\" id=\"spiritual\"><\/div><div class=\"fusion-text fusion-text-1\"><ul>\n<li><strong>Adoracja<\/strong><br \/>\n<em><strong>Modlitwa charyzmatyczna:<\/strong><a href=\"https:\/\/saintmargaretmary.org\/pl\/bible-study\/\"> W grupie modlitewnej \u201eDuch i Prawda\u201d.<\/a><\/em> Do\u015bwiadczamy \u0142aski Pi\u0119\u0107dziesi\u0105tnicy poprzez dary i charyzmaty Ducha \u015awi\u0119tego, aby budowa\u0107 Cia\u0142o Chrystusa.<br \/>\n\u201eB\u00f3g jest Duchem, a ci, kt\u00f3rzy Go czcz\u0105, winni oddawa\u0107 Mu cze\u015b\u0107 w Duchu i prawdzie.\u201d ~Jana 4:24<br \/>\n<em><strong>Adoracja Eucharystyczna:<\/strong><\/em> Adoracja Eucharystyczna jest form\u0105 modlitwy, kt\u00f3ra wprowadza nas w obecno\u015b\u0107 Jezusa w Naj\u015bwi\u0119tszym Sakramencie. Nasz Pan ofiarowuje nam szczeg\u00f3lne \u0142aski, gdy sp\u0119dzamy z Nim cichy czas. Adoracja jest cich\u0105 i spokojn\u0105 modlitw\u0105 z Jezusem, kt\u00f3ry jest widzialny, ods\u0142oni\u0119ty i prawdziwie obecny w Hostii w monstrancji. Wszystkich zach\u0119camy do uczestnictwa w tej pos\u0142udze tak cz\u0119sto, jak to mo\u017cliwe, po prostu odwiedzaj\u0105c Ko\u015bci\u00f3\u0142 w dowolnej godzinie, w kt\u00f3rej w parafii zaplanowana jest Adoracja. Po prostu wejd\u017a i po ukl\u0119kni\u0119ciu przed monstrancj\u0105 ukl\u0119knij lub usi\u0105d\u017a. Kiedy stajesz twarz\u0105 w twarz z Panem w Eucharystii, mo\u017cesz modli\u0107 si\u0119 w ciszy lub po prostu by\u0107 z Nim, s\u0142uchaj\u0105c Jego cichego, spokojnego g\u0142osu, kt\u00f3ry do ciebie m\u00f3wi. Niekt\u00f3rzy czytaj\u0105 Bibli\u0119 lub inn\u0105 religijn\u0105 ksi\u0105\u017ck\u0119 lub odmawiaj\u0105 R\u00f3\u017caniec \u015awi\u0119ty lub Koronk\u0119 do Mi\u0142osierdzia Bo\u017cego (r\u00f3\u017ca\u0144ce, ksi\u0105\u017ceczki i modlitwy do twojego u\u017cytku znajduj\u0105 si\u0119 w holu Ko\u015bcio\u0142a po lewej stronie drzwi wej\u015bciowych). Wielu zostaje na godzin\u0119. Niekt\u00f3rzy zostaj\u0105 na p\u00f3\u0142 godziny, a niekt\u00f3rzy zostaj\u0105 na 5 minut. Kiedy wychodzisz z Ko\u015bcio\u0142a, ukl\u0119knij, a nast\u0119pnie oddaj ksi\u0105\u017cki, kt\u00f3rych mog\u0142e\u015b u\u017cy\u0107.<br \/>\n<em><strong>Komitet Adoracji Eucharystycznej: <\/strong><\/em>Ten komitet to grupa parafian, kt\u00f3rzy spotykaj\u0105 si\u0119 raz w miesi\u0105cu, aby zaplanowa\u0107 przysz\u0142e dzia\u0142ania zwi\u0105zane z adoracj\u0105 eucharystyczn\u0105 w naszej parafii. Dzia\u0142ania te obejmuj\u0105 ustawianie o\u0142tarza i udzia\u0142 w corocznej procesji Bo\u017cego Cia\u0142a, edukacj\u0119 i podnoszenie \u015bwiadomo\u015bci (artyku\u0142y w biuletynach, m\u00f3wcy, wyk\u0142ady mszalne, sto\u0142y informacyjne itp.), koordynacj\u0119 oznakowania adoracji i innych wydarze\u0144. Cz\u0142onek tego komitetu powinien spodziewa\u0107 si\u0119 sp\u0119dzenia od 2 do 4 godzin miesi\u0119cznie i uczestnictwa w adoracji eucharystycznej w dowolnych zaplanowanych godzinach parafialnych.<br \/>\n<em><strong>Pierwszy pi\u0105tek \u2013 godzina przygotowania:<\/strong> <\/em>W pierwszy pi\u0105tek ka\u017cdego miesi\u0105ca po\u015bwi\u0119camy godzin\u0119 zado\u015b\u0107uczynienia i modlitwy Naj\u015bwi\u0119tszemu Sercu Jezusa.<br \/>\n<em><strong>Zaplanowany Adorator:<\/strong><\/em> Podczas wszystkich godzin adoracji istnieje potrzeba, aby adoratorzy byli obecni z Jezusem w Naj\u015bwi\u0119tszym Sakramencie. Niekt\u00f3rzy ludzie s\u0105 w stanie sp\u0119dzi\u0107 czas z Panem przez t\u0119 sam\u0105 godzin\u0119 w ka\u017cd\u0105 \u015brod\u0119 i\/lub pierwszy pi\u0105tek. Ci adoratorzy zobowi\u0105zali si\u0119, aby zapewni\u0107, \u017ce ich godzina zostanie wype\u0142niona w ka\u017cdym tygodniu. Je\u015bli pojawi si\u0119 konflikt, zabezpieczaj\u0105 zast\u0119pc\u0119, kt\u00f3ry ich zast\u0105pi w tym czasie lub zamieniaj\u0105 si\u0119 godzinami z innym zaplanowanym adoratorem (prosz\u0105c przyjaciela lub kogo\u015b z listy zast\u0119pc\u00f3w). Je\u015bli uwa\u017casz, \u017ce mo\u017cesz zosta\u0107 zaplanowanym adoratorem lub by\u0142by\u015b dost\u0119pny, aby s\u0142u\u017cy\u0107 jako zast\u0119pczy adorator, skontaktuj si\u0119 z Dee Gard pod numerem 847-769-5091 lub <a href=\"mailto:d&#109;&#103;&#97;&#114;&#100;&#49;&#48;&#64;&#103;&#109;&#x61;&#x69;&#x6c;&#x2e;&#x63;&#x6f;&#x6d;\">dmgard10@gmail.com<\/a>.<br \/>\n<strong><em>Godzina powo\u0142ania:<\/em> <\/strong>Ka\u017cdego miesi\u0105ca parafianie s\u0105 zach\u0119cani do wsp\u00f3lnej modlitwy w kaplicy o powo\u0142ania kap\u0142a\u0144skie i zakonne. W programie jest adoracja Naj\u015bwi\u0119tszego Sakramentu.<\/li>\n<li><strong>Studium Biblii<\/strong><\/li>\n<li><strong>Grupy dziel\u0105ce si\u0119 wiar\u0105:<\/strong> R\u00f3\u017cne grupy dzielenia si\u0119 wiar\u0105 m\u0119\u017cczyzn i kobiet spotykaj\u0105 si\u0119 co tydzie\u0144. Format r\u00f3\u017cni si\u0119 w zale\u017cno\u015bci od grupy, kt\u00f3ra mo\u017ce koncentrowa\u0107 si\u0119 na: czytaniach mszalnych tygodnia i momentach z Bogiem, studium ksi\u0105\u017cki lub studium Biblii. Jest grupa dla ka\u017cdego! Razem wzrastamy w naszej wierze katolickiej na drodze do \u015bwi\u0119to\u015bci.<\/li>\n<li><strong>Sie\u0107 modlitewna:<\/strong> Prayer Network to spo\u0142eczno\u015b\u0107 parafian, kt\u00f3rzy modl\u0105 si\u0119 o troski i potrzeby os\u00f3b z parafii St. Margaret Mary. Pro\u015bby o modlitw\u0119 s\u0105 wysy\u0142ane poczt\u0105 elektroniczn\u0105 do Rosemary, a ona wysy\u0142a je poczt\u0105 elektroniczn\u0105 do cz\u0142onk\u00f3w, gdy s\u0105 potrzebne. \u201eBardzo podoba\u0142a mi si\u0119 praca w tej pos\u0142udze, poniewa\u017c czuj\u0119, \u017ce jednoczy ona spo\u0142eczno\u015b\u0107, gdy dziel\u0105 si\u0119 ci\u0119\u017carem swojego \u017cycia w duchowy spos\u00f3b\u201d. Rosemary<\/li>\n<li><strong><span class=\"kma42e\"><span id=\"rAECCd\" role=\"heading\" aria-level=\"1\">She Shall Be Called Woman:<\/span><\/span><\/strong><\/li>\n<li><strong>Ten m\u0119\u017cczyzna to Ty (TMIY)<\/strong><a href=\"https:\/\/saintmargaretmary.org\/pl\/that-man-is-you\/\"><strong>:<\/strong><\/a> Interaktywny, multimedialny program m\u0119skiego przyw\u00f3dztwa skupiony na rozwoju m\u0119\u017cczyzn we wsp\u00f3\u0142czesnym \u015bwiecie. \u0141\u0105czy najlepsze badania naukowe z naukami wiary katolickiej i m\u0105dro\u015bci\u0105 \u015bwi\u0119tych, aby rozwin\u0105\u0107 wizj\u0119 autentycznych m\u0119\u017cczyzn zdolnych do transformacji siebie, swoich rodzin i wi\u0119kszego spo\u0142ecze\u0144stwa. That Man is You wita du\u017c\u0105 liczb\u0119 m\u0119\u017cczyzn w ka\u017cdym wieku, w tym m\u0142odszych m\u0119\u017cczyzn, kt\u00f3rzy nadal aktywnie wychowuj\u0105 dzieci, a nast\u0119pnie transformuj\u0105 swoje \u017cycie duchowe.<\/li>\n<li><strong>\u015awiat\u0142o \u015awiata (LOTW):<\/strong> Zaanga\u017cowanie zaczyna si\u0119 od uczestnictwa w weekendowym odosobnieniu LOTW na miejscu. Nast\u0119pnie udzia\u0142 mo\u017ce by\u0107 kontynuowany w ma\u0142ych grupach poprzez dzielenie si\u0119 wiar\u0105, wykonywanie prac i ewentualnie pomoc w kolejnym odosobnieniu LOTW.<\/li>\n<\/ul>\n<\/div><\/div><\/div><\/div><\/div><\/div>","protected":false},"excerpt":{"rendered":"","protected":false},"author":1,"featured_media":0,"parent":0,"menu_order":0,"comment_status":"closed","ping_status":"closed","template":"","meta":{"_monsterinsights_skip_tracking":false,"_monsterinsights_sitenote_active":false,"_monsterinsights_sitenote_note":"","_monsterinsights_sitenote_category":0,"footnotes":""},"class_list":["post-1661","page","type-page","status-publish","hentry"],"aioseo_notices":[],"_links":{"self":[{"href":"https:\/\/saintmargaretmary.org\/pl\/wp-json\/wp\/v2\/pages\/1661","targetHints":{"allow":["GET"]}}],"collection":[{"href":"https:\/\/saintmargaretmary.org\/pl\/wp-json\/wp\/v2\/pages"}],"about":[{"href":"https:\/\/saintmargaretmary.org\/pl\/wp-json\/wp\/v2\/types\/page"}],"author":[{"embeddable":true,"href":"https:\/\/saintmargaretmary.org\/pl\/wp-json\/wp\/v2\/users\/1"}],"replies":[{"embeddable":true,"href":"https:\/\/saintmargaretmary.org\/pl\/wp-json\/wp\/v2\/comments?post=1661"}],"version-history":[{"count":11,"href":"https:\/\/saintmargaretmary.org\/pl\/wp-json\/wp\/v2\/pages\/1661\/revisions"}],"predecessor-version":[{"id":5378,"href":"https:\/\/saintmargaretmary.org\/pl\/wp-json\/wp\/v2\/pages\/1661\/revisions\/5378"}],"wp:attachment":[{"href":"https:\/\/saintmargaretmary.org\/pl\/wp-json\/wp\/v2\/media?parent=1661"}],"curies":[{"name":"wp","href":"https:\/\/api.w.org\/{rel}","templated":true}]}}