{"id":25,"date":"2020-06-29T19:31:13","date_gmt":"2020-06-29T19:31:13","guid":{"rendered":"https:\/\/saintmargaretmary.org\/?page_id=25"},"modified":"2026-02-25T16:10:51","modified_gmt":"2026-02-25T22:10:51","slug":"ministries","status":"publish","type":"page","link":"https:\/\/saintmargaretmary.org\/pl\/ministries","title":{"rendered":"Ministerstwa"},"content":{"rendered":"<div class=\"fusion-fullwidth fullwidth-box fusion-builder-row-1 fusion-flex-container nonhundred-percent-fullwidth non-hundred-percent-height-scrolling\" style=\"--awb-border-radius-top-left:0px;--awb-border-radius-top-right:0px;--awb-border-radius-bottom-right:0px;--awb-border-radius-bottom-left:0px;--awb-flex-wrap:wrap;\" ><div class=\"fusion-builder-row fusion-row fusion-flex-align-items-flex-start fusion-flex-content-wrap\" style=\"max-width:1248px;margin-left: calc(-4% \/ 2 );margin-right: calc(-4% \/ 2 );\"><div class=\"fusion-layout-column fusion_builder_column fusion-builder-column-0 fusion_builder_column_1_1 1_1 fusion-flex-column\" style=\"--awb-bg-size:cover;--awb-width-large:100%;--awb-margin-top-large:0px;--awb-spacing-right-large:1.92%;--awb-margin-bottom-large:20px;--awb-spacing-left-large:1.92%;--awb-width-medium:100%;--awb-order-medium:0;--awb-spacing-right-medium:1.92%;--awb-spacing-left-medium:1.92%;--awb-width-small:100%;--awb-order-small:0;--awb-spacing-right-small:1.92%;--awb-spacing-left-small:1.92%;\"><div class=\"fusion-column-wrapper fusion-column-has-shadow fusion-flex-justify-content-flex-start fusion-content-layout-column\"><div class=\"fusion-text fusion-text-1\"><h5><strong>O naszych pos\u0142ugach parafialnych<\/strong><\/h5>\n<div class=\"gmail_default\">\n<p><strong>NASZE POWO\u0141ANIE DO S\u0141U\u017bBY<\/strong><\/p>\n<p><img decoding=\"async\" class=\"size-full wp-image-5046 imgborder alignright\" src=\"https:\/\/saintmargaretmary.org\/wp-content\/uploads\/ministry_240x200-1.jpg\" alt=\"ministry_240x200\" \/>Jako katolicy, powo\u0142anie Bo\u017ce jest dla nas powo\u0142aniem do s\u0142u\u017cby. Jest to powo\u0142anie do s\u0142u\u017cenia sobie nawzajem poprzez budowanie Jego Kr\u00f3lestwa poprzez Jego Ko\u015bci\u00f3\u0142. Liczne pos\u0142ugi naszej parafii s\u0105 w stanie zaspokoi\u0107 potrzeby ludzi tylko dzi\u0119ki hojnemu po\u015bwi\u0119ceniu Czasu i Talentu naszych parafian. Chocia\u017c \u017cyjemy w bardzo zabieganym \u015bwiecie i nigdy nie wydaje si\u0119, aby by\u0142o wystarczaj\u0105co du\u017co czasu, powo\u0142anie do wykonywania pracy Bo\u017cej wymaga, aby\u015bmy w jaki\u015b spos\u00f3b po\u015bwi\u0119cili siebie. Niekt\u00f3re pos\u0142ugi s\u0105 bardzo czasoch\u0142onne, a inne wymagaj\u0105 mniej. Prosimy ka\u017cd\u0105 rodzin\u0119 o modlitw\u0119 nad powo\u0142aniem od Boga do s\u0142u\u017cby i wybranie jednej lub dw\u00f3ch pos\u0142ug, aby po\u015bwi\u0119ci\u0107 sw\u00f3j Czas i Talenty swojej parafii.<\/p>\n<\/div>\n<\/div><div class=\"fusion-reading-box-container reading-box-container-1\" style=\"--awb-title-color:var(--awb-color6);--awb-margin-top:0px;--awb-margin-bottom:20px;\"><div class=\"reading-box\" style=\"background-color:var(--awb-color2);border-width:1px;border-color:rgba(226,226,226,0);border-left-width:3px;border-left-color:var(--primary_color);border-style:solid;\"><div class=\"reading-box-additional\">\n<div class=\"gmail_default\">\n<p style=\"text-align: center;\"><strong><em>\u201eAlbowiem i Syn Cz\u0142owieczy nie przyszed\u0142, aby Mu s\u0142u\u017cono,<br \/>\nlecz \u017ceby s\u0142u\u017cy\u0107 i da\u0107 swoje \u017cycie na okup za wielu\u201d.<br \/>\n~Marek 10:45<\/em>.<\/strong><\/p>\n<\/div>\n<\/div><div class=\"fusion-clearfix\"><\/div><\/div><\/div><\/div><\/div><\/div><\/div>","protected":false},"excerpt":{"rendered":"","protected":false},"author":1,"featured_media":0,"parent":0,"menu_order":0,"comment_status":"closed","ping_status":"closed","template":"","meta":{"_monsterinsights_skip_tracking":false,"_monsterinsights_sitenote_active":false,"_monsterinsights_sitenote_note":"","_monsterinsights_sitenote_category":0,"footnotes":""},"class_list":["post-25","page","type-page","status-publish","hentry"],"aioseo_notices":[],"_links":{"self":[{"href":"https:\/\/saintmargaretmary.org\/pl\/wp-json\/wp\/v2\/pages\/25","targetHints":{"allow":["GET"]}}],"collection":[{"href":"https:\/\/saintmargaretmary.org\/pl\/wp-json\/wp\/v2\/pages"}],"about":[{"href":"https:\/\/saintmargaretmary.org\/pl\/wp-json\/wp\/v2\/types\/page"}],"author":[{"embeddable":true,"href":"https:\/\/saintmargaretmary.org\/pl\/wp-json\/wp\/v2\/users\/1"}],"replies":[{"embeddable":true,"href":"https:\/\/saintmargaretmary.org\/pl\/wp-json\/wp\/v2\/comments?post=25"}],"version-history":[{"count":3,"href":"https:\/\/saintmargaretmary.org\/pl\/wp-json\/wp\/v2\/pages\/25\/revisions"}],"predecessor-version":[{"id":2353,"href":"https:\/\/saintmargaretmary.org\/pl\/wp-json\/wp\/v2\/pages\/25\/revisions\/2353"}],"wp:attachment":[{"href":"https:\/\/saintmargaretmary.org\/pl\/wp-json\/wp\/v2\/media?parent=25"}],"curies":[{"name":"wp","href":"https:\/\/api.w.org\/{rel}","templated":true}]}}