{"id":2595,"date":"2022-08-21T12:09:46","date_gmt":"2022-08-21T17:09:46","guid":{"rendered":"https:\/\/saintmargaretmary.org\/?page_id=2595"},"modified":"2026-02-25T16:10:52","modified_gmt":"2026-02-25T22:10:52","slug":"praying-the-rosary","status":"publish","type":"page","link":"https:\/\/saintmargaretmary.org\/pl\/praying-the-rosary","title":{"rendered":"Modlitwa r\u00f3\u017ca\u0144cowa"},"content":{"rendered":"<p><div class=\"fusion-fullwidth fullwidth-box fusion-builder-row-1 fusion-flex-container has-pattern-background has-mask-background nonhundred-percent-fullwidth non-hundred-percent-height-scrolling\" style=\"--awb-border-radius-top-left:0px;--awb-border-radius-top-right:0px;--awb-border-radius-bottom-right:0px;--awb-border-radius-bottom-left:0px;--awb-flex-wrap:wrap;\" ><div class=\"fusion-builder-row fusion-row fusion-flex-align-items-flex-start fusion-flex-content-wrap\" style=\"max-width:1248px;margin-left: calc(-4% \/ 2 );margin-right: calc(-4% \/ 2 );\"><div class=\"fusion-layout-column fusion_builder_column fusion-builder-column-0 fusion_builder_column_1_1 1_1 fusion-flex-column\" style=\"--awb-bg-size:cover;--awb-width-large:100%;--awb-margin-top-large:0px;--awb-spacing-right-large:1.92%;--awb-margin-bottom-large:20px;--awb-spacing-left-large:1.92%;--awb-width-medium:100%;--awb-order-medium:0;--awb-spacing-right-medium:1.92%;--awb-spacing-left-medium:1.92%;--awb-width-small:100%;--awb-order-small:0;--awb-spacing-right-small:1.92%;--awb-spacing-left-small:1.92%;\"><div class=\"fusion-column-wrapper fusion-column-has-shadow fusion-flex-justify-content-flex-start fusion-content-layout-column\"><div class=\"fusion-reading-box-container reading-box-container-1\" style=\"--awb-title-color:var(--awb-color6);--awb-margin-top:0px;--awb-margin-bottom:20px;\"><div class=\"reading-box\" style=\"background-color:var(--awb-color3);border-width:1px;border-color:rgba(226,226,226,0);border-left-width:3px;border-left-color:var(--primary_color);border-style:solid;\"><div class=\"reading-box-additional\">\n<p><strong>Arcybiskup Fulton Sheen powiedzia\u0142<\/strong>, <em>\u201eR\u00f3\u017caniec jest ksi\u0119g\u0105 niewidomych, gdzie dusze widz\u0105 i odgrywaj\u0105 najwi\u0119kszy dramat mi\u0142o\u015bci, jaki \u015bwiat kiedykolwiek zna\u0142; jest ksi\u0119g\u0105 prostych, kt\u00f3ra wprowadza ich w tajemnice i wiedz\u0119 bardziej satysfakcjonuj\u0105c\u0105 ni\u017c edukacja innych ludzi; jest ksi\u0119g\u0105 starszych, kt\u00f3rych oczy zamykaj\u0105 si\u0119 na cie\u0144 tego \u015bwiata, a otwieraj\u0105 na istot\u0119 nast\u0119pnego. Moc r\u00f3\u017ca\u0144ca jest nie do opisania\u201d.<\/em><\/p>\n<\/div><div class=\"fusion-clearfix\"><\/div><\/div><\/div><div class=\"fusion-text fusion-text-1\"><p>Modlitwa r\u00f3\u017ca\u0144cowa sk\u0142ada si\u0119 z trzech cz\u0119\u015bci:<\/p>\n<ul>\n<li><strong>Przygotowanie<\/strong> \u2013 koraliki od krucyfiksu do pi\u0119ciu dziesi\u0105tk\u00f3w<\/li>\n<li><strong>Serce<\/strong> \u2013 koraliki pi\u0119ciu dekad<\/li>\n<li><strong>Wniosek<\/strong><\/li>\n<\/ul>\n<\/div><div class=\"fusion-text fusion-text-2\"><h4><strong>Przygotowanie<\/strong><\/h4>\n<p><strong>Zacznij od uczynienia znaku krzy\u017ca<\/strong>:<br \/>\nW imi\u0119 Ojca i Syna i Ducha \u015awi\u0119tego. Amen.<\/p>\n<p><strong>Nast\u0119pnie odm\u00f3w Wyznanie Apostolskie<\/strong>:<br \/>\nWierz\u0119 w Boga Ojca Wszechmog\u0105cego, Stworzyciela nieba i ziemi; i w Jezusa Chrystusa, Syna Jego jedynego, Pana naszego, kt\u00f3ry si\u0119 pocz\u0105\u0142 z Ducha \u015awi\u0119tego, narodzi\u0142 si\u0119 z Maryi Panny, um\u0119czon pod Ponckim Pi\u0142atem, ukrzy\u017cowan, umar\u0142 i pogrzebion. Zst\u0105pi\u0142 do piekie\u0142; trzeciego dnia zmartwychwsta\u0142; wst\u0105pi\u0142 do nieba, siedzi po prawicy Boga Ojca Wszechmog\u0105cego; stamt\u0105d przyjdzie s\u0105dzi\u0107 \u017cywych i umar\u0142ych. Wierz\u0119 w Ducha \u015awi\u0119tego, \u015bwi\u0119ty Ko\u015bci\u00f3\u0142 powszechny, \u015bwi\u0119tych obcowanie, grzech\u00f3w odpuszczenie, cia\u0142a zmartwychwstanie i \u017cycie wieczne. Amen.<\/p>\n<\/div><div class=\"fusion-text fusion-text-3\"><p><strong>A potem m\u00f3dl si\u0119\u2026<\/strong><br \/>\n\u2022 \u201eOjcze nasz\u201d<br \/>\n\u2022 Trzy \u201eZdrowa\u015b Maryjo\u201d (o cnotach Wiary, Nadziei i Mi\u0142o\u015bci)<br \/>\n\u2022 \u201eChwa\u0142a Ojcu\u201d<\/p>\n<p><strong>Ojcze nasz<\/strong>, Kt\u00f3ry jeste\u015b w niebie, \u015awi\u0119\u0107 si\u0119 imi\u0119 Twoje. Przyjd\u017a Kr\u00f3lestwo Twoje. B\u0105d\u017a wola Twoja, jako w niebie, tak i na ziemi. Chleba naszego powszedniego daj nam dzisiaj. I odpu\u015b\u0107 nam nasze winy, jako i my odpuszczamy naszym winowajcom. I nie w\u00f3d\u017a nas na pokuszenie, ale nas zbaw ode z\u0142ego. Amen.<\/p>\n<p><strong>Zdrowa\u015b Maryjo<\/strong>, \u0142aski pe\u0142na, Pan z Tob\u0105; B\u0142ogos\u0142awiona jeste\u015b mi\u0119dzy niewiastami i b\u0142ogos\u0142awiony owoc \u017cywota Twojego, Jezus. \u015awi\u0119ta Maryjo, Matko Bo\u017ca, m\u00f3dl si\u0119 za nami grzesznymi, teraz i w godzin\u0119 \u015bmierci. Amen.<\/p>\n<p><strong>Chwa\u0142a Ojcu<\/strong>, i Synowi, i Duchowi \u015awi\u0119temu. Jak by\u0142o na pocz\u0105tku, tak jest teraz i zawsze, na wieki wiek\u00f3w. Amen.<\/p>\n<\/div><div class=\"fusion-text fusion-text-4\"><h4><strong>Serce<\/strong><\/h4>\n<p>R\u00f3\u017caniec sk\u0142ada si\u0119 w istocie z dziesi\u0105tk\u00f3w i zwi\u0105zanych z nimi tajemnic, i tylko one musz\u0105 by\u0107 odmawiane, aby \u201eodmawia\u0107 r\u00f3\u017caniec\u201d.<\/p>\n<p>Rozwa\u017caj\u0105c tajemnice, m\u00f3dl si\u0119:<br \/>\n\u2022 \u201eOjcze nasz\u201d (du\u017cy koralik)<br \/>\n\u2022 Dziesi\u0119\u0107 \u201eZdrowa\u015b Maryjo\u201d (ma\u0142e koraliki)<br \/>\n\u2022 \u201eChwa\u0142a Ojcu\u201d<br \/>\n\u2022 \u201eModlitwa fatimska\u201d<\/p>\n<p><strong>Modlitwa Fatimska:<\/strong> O m\u00f3j Jezu, przebacz nam nasze grzechy, zachowaj nas od ognia piekielnego, zaprowad\u017a wszystkie dusze do nieba, a szczeg\u00f3lnie te, kt\u00f3re najbardziej potrzebuj\u0105 Twojego mi\u0142osierdzia.<\/p>\n<p><strong>Prosz\u0119 skorzysta\u0107 z poni\u017cszego nagrania audio, aby towarzyszy\u0107 modlitwie r\u00f3\u017ca\u0144cowej\u2026<br \/>\n<\/strong><br \/>\nAby kontynuowa\u0107, kliknij przycisk \u201eOdtw\u00f3rz\u201d poni\u017cej.<\/p>\n<\/div><div class=\"fusion-text fusion-text-5\"><p class=\"title-heading-left fusion-responsive-typography-calculated\" data-fontsize=\"64\" data-lineheight=\"76.8px\">R\u00f3\u017caniec Tajemnice Chwalebne<\/p>\n<\/div><div class=\"fusion-audio fusion-audio-1\" style=\"--awb-progress-color:var(--awb-color1);--awb-border-color:var(--awb-color1);--awb-background-color:var(--awb-color8);--awb-max-width:100%;--awb-border-size:0;--awb-border-top-left-radius:0px;--awb-border-top-right-radius:0px;--awb-border-bottom-right-radius:0px;--awb-border-bottom-left-radius:0px;\"><audio class=\"wp-audio-shortcode\" id=\"audio-2595-1\" preload=\"none\" style=\"width: 100%;\" controls=\"controls\"><source type=\"audio\/mpeg\" src=\"https:\/\/saintmargaretmary.org\/wp-content\/uploads\/Rosary-Glorious-Mysteries.mp3?_=1\" \/><a href=\"https:\/\/saintmargaretmary.org\/wp-content\/uploads\/Rosary-Glorious-Mysteries.mp3\">https:\/\/saintmargaretmary.org\/wp-content\/uploads\/Rosary-Glorious-Mysteries.mp3<\/a><\/audio><\/div><div class=\"fusion-text fusion-text-6\"><p>R\u00f3\u017caniec Tajemnice Bolesne<\/p>\n<\/div><div class=\"fusion-audio fusion-audio-2\" style=\"--awb-progress-color:var(--awb-color1);--awb-border-color:var(--awb-color1);--awb-background-color:var(--awb-color8);--awb-max-width:100%;--awb-border-size:0;--awb-border-top-left-radius:0px;--awb-border-top-right-radius:0px;--awb-border-bottom-right-radius:0px;--awb-border-bottom-left-radius:0px;\"><audio class=\"wp-audio-shortcode\" id=\"audio-2595-2\" preload=\"none\" style=\"width: 100%;\" controls=\"controls\"><source type=\"audio\/mpeg\" src=\"https:\/\/saintmargaretmary.org\/wp-content\/uploads\/Rosary-Sorrowful-Mystieries.mp3?_=2\" \/><a href=\"https:\/\/saintmargaretmary.org\/wp-content\/uploads\/Rosary-Sorrowful-Mystieries.mp3\">https:\/\/saintmargaretmary.org\/wp-content\/uploads\/Rosary-Sorrowful-Mystieries.mp3<\/a><\/audio><\/div><div class=\"fusion-text fusion-text-7\"><p>R\u00f3\u017caniec Tajemnice Radosne<\/p>\n<\/div><div class=\"fusion-audio fusion-audio-3\" style=\"--awb-progress-color:var(--awb-color1);--awb-border-color:var(--awb-color1);--awb-background-color:var(--awb-color8);--awb-max-width:100%;--awb-border-size:0;--awb-border-top-left-radius:0px;--awb-border-top-right-radius:0px;--awb-border-bottom-right-radius:0px;--awb-border-bottom-left-radius:0px;\"><audio class=\"wp-audio-shortcode\" id=\"audio-2595-3\" preload=\"none\" style=\"width: 100%;\" controls=\"controls\"><source type=\"audio\/mpeg\" src=\"https:\/\/saintmargaretmary.org\/wp-content\/uploads\/Rosary-Joyful-Mysteries.mp3?_=3\" \/><a href=\"https:\/\/saintmargaretmary.org\/wp-content\/uploads\/Rosary-Joyful-Mysteries.mp3\">https:\/\/saintmargaretmary.org\/wp-content\/uploads\/Rosary-Joyful-Mysteries.mp3<\/a><\/audio><\/div><\/div><\/div><\/div><\/div><div class=\"fusion-fullwidth fullwidth-box fusion-builder-row-2 fusion-flex-container has-pattern-background has-mask-background nonhundred-percent-fullwidth non-hundred-percent-height-scrolling\" style=\"--awb-border-radius-top-left:0px;--awb-border-radius-top-right:0px;--awb-border-radius-bottom-right:0px;--awb-border-radius-bottom-left:0px;--awb-flex-wrap:wrap;\" ><div class=\"fusion-builder-row fusion-row fusion-flex-align-items-flex-start fusion-flex-content-wrap\" style=\"max-width:1248px;margin-left: calc(-4% \/ 2 );margin-right: calc(-4% \/ 2 );\"><div class=\"fusion-layout-column fusion_builder_column fusion-builder-column-1 fusion_builder_column_1_1 1_1 fusion-flex-column\" style=\"--awb-bg-size:cover;--awb-width-large:100%;--awb-margin-top-large:0px;--awb-spacing-right-large:1.92%;--awb-margin-bottom-large:20px;--awb-spacing-left-large:1.92%;--awb-width-medium:100%;--awb-order-medium:0;--awb-spacing-right-medium:1.92%;--awb-spacing-left-medium:1.92%;--awb-width-small:100%;--awb-order-small:0;--awb-spacing-right-small:1.92%;--awb-spacing-left-small:1.92%;\"><div class=\"fusion-column-wrapper fusion-column-has-shadow fusion-flex-justify-content-flex-start fusion-content-layout-column\"><div class=\"fusion-text fusion-text-8\"><h4>Wniosek<\/h4>\n<p><strong>Po wype\u0142nieniu Pi\u0119ciu Tajemnic pom\u00f3dl si\u0119\u2026<\/strong><br \/>\n(Wszyscy) Witaj, \u015bwi\u0119ta Kr\u00f3lowo, Matko mi\u0142osierdzia, nasze \u017cycie, nasza s\u0142odycz i nasza nadziejo. Do Ciebie wo\u0142amy, biedne wygnane dzieci Ewy. Do Ciebie wzdychamy, \u017ca\u0142uj\u0105c i p\u0142acz\u0105c w tej dolinie \u0142ez. Zwr\u00f3\u0107 wi\u0119c, naj\u0142askawsza Or\u0119downiczko, Twoje mi\u0142osierne oczy ku nam, a po tym wygnaniu poka\u017c nam b\u0142ogos\u0142awiony owoc Twojego \u0142ona, Jezusa. O \u0142askawa, o kochaj\u0105ca, o s\u0142odka Dziewico Maryjo.<\/p>\n<p>(Lider) M\u00f3dl si\u0119 za nami, \u015bwi\u0119ta Matko Bo\u017ca.<\/p>\n<p>(Wszyscy) Aby\u015bmy si\u0119 stali godnymi obietnic Chrystusowych.<\/p>\n<p>(Lider) M\u00f3dlmy si\u0119,<\/p>\n<p>(Wszyscy) O Bo\u017ce, kt\u00f3rego Jednorodzony Syn, przez swoje \u017cycie, \u015bmier\u0107 i zmartwychwstanie, naby\u0142 dla nas nagrod\u0119 \u017cycia wiecznego. Spraw, prosimy Ci\u0119, aby\u015bmy podczas rozwa\u017cania tych tajemnic naj\u015bwi\u0119tszego R\u00f3\u017ca\u0144ca Naj\u015bwi\u0119tszej Maryi Panny, mogli zar\u00f3wno na\u015bladowa\u0107 to, co zawieraj\u0105, jak i uzyska\u0107 to, co obiecuj\u0105, przez Chrystusa, Pana naszego. Amen.<\/p>\n<p>(Wszyscy) W imi\u0119 Ojca i Syna i Ducha \u015awi\u0119tego. Amen.<\/p>\n<p>(Wszyscy) Pami\u0119taj, o naj\u0142askawsza Dziewico Maryjo, \u017ce nigdy nie s\u0142yszano, aby ktokolwiek, kto ucieka si\u0119 do Twojej obrony, b\u0142aga Twojej pomocy lub prosi o Twoje wstawiennictwo, zosta\u0142 pozostawiony bez pomocy. Natchniony t\u0105 ufno\u015bci\u0105, uciekam si\u0119 do Ciebie, o Dziewico nad dziewicami, moja Matko; do Ciebie przychodz\u0119, przed Tob\u0105 stoj\u0119, grzeszny i smutny. O Matko S\u0142owa Wcielonego, nie gard\u017a moimi pro\u015bbami, ale w swoim mi\u0142osierdziu wys\u0142uchaj mnie i odpowiedz mi. Amen.<\/p>\n<\/div><\/div><\/div><\/div><\/div><\/p>","protected":false},"excerpt":{"rendered":"","protected":false},"author":1,"featured_media":0,"parent":0,"menu_order":0,"comment_status":"closed","ping_status":"closed","template":"","meta":{"_monsterinsights_skip_tracking":false,"_monsterinsights_sitenote_active":false,"_monsterinsights_sitenote_note":"","_monsterinsights_sitenote_category":0,"footnotes":""},"class_list":["post-2595","page","type-page","status-publish","hentry"],"aioseo_notices":[],"_links":{"self":[{"href":"https:\/\/saintmargaretmary.org\/pl\/wp-json\/wp\/v2\/pages\/2595","targetHints":{"allow":["GET"]}}],"collection":[{"href":"https:\/\/saintmargaretmary.org\/pl\/wp-json\/wp\/v2\/pages"}],"about":[{"href":"https:\/\/saintmargaretmary.org\/pl\/wp-json\/wp\/v2\/types\/page"}],"author":[{"embeddable":true,"href":"https:\/\/saintmargaretmary.org\/pl\/wp-json\/wp\/v2\/users\/1"}],"replies":[{"embeddable":true,"href":"https:\/\/saintmargaretmary.org\/pl\/wp-json\/wp\/v2\/comments?post=2595"}],"version-history":[{"count":16,"href":"https:\/\/saintmargaretmary.org\/pl\/wp-json\/wp\/v2\/pages\/2595\/revisions"}],"predecessor-version":[{"id":2662,"href":"https:\/\/saintmargaretmary.org\/pl\/wp-json\/wp\/v2\/pages\/2595\/revisions\/2662"}],"wp:attachment":[{"href":"https:\/\/saintmargaretmary.org\/pl\/wp-json\/wp\/v2\/media?parent=2595"}],"curies":[{"name":"wp","href":"https:\/\/api.w.org\/{rel}","templated":true}]}}