{"id":2650,"date":"2022-08-21T12:14:09","date_gmt":"2022-08-21T17:14:09","guid":{"rendered":"https:\/\/saintmargaretmary.org\/?page_id=2650"},"modified":"2026-02-25T16:10:51","modified_gmt":"2026-02-25T22:10:51","slug":"holy-week-mass-schedule","status":"publish","type":"page","link":"https:\/\/saintmargaretmary.org\/pl\/holy-week-mass-schedule","title":{"rendered":"Harmonogram sesji wielkopostnej i wielkanocnej"},"content":{"rendered":"<div class=\"fusion-fullwidth fullwidth-box fusion-builder-row-1 fusion-flex-container has-pattern-background has-mask-background nonhundred-percent-fullwidth non-hundred-percent-height-scrolling\" style=\"--awb-border-radius-top-left:0px;--awb-border-radius-top-right:0px;--awb-border-radius-bottom-right:0px;--awb-border-radius-bottom-left:0px;--awb-flex-wrap:wrap;\" ><div class=\"fusion-builder-row fusion-row fusion-flex-align-items-flex-start fusion-flex-content-wrap\" style=\"max-width:1248px;margin-left: calc(-4% \/ 2 );margin-right: calc(-4% \/ 2 );\"><div class=\"fusion-layout-column fusion_builder_column fusion-builder-column-0 fusion_builder_column_1_1 1_1 fusion-flex-column\" style=\"--awb-bg-size:cover;--awb-width-large:100%;--awb-margin-top-large:0px;--awb-spacing-right-large:1.92%;--awb-margin-bottom-large:20px;--awb-spacing-left-large:1.92%;--awb-width-medium:100%;--awb-order-medium:0;--awb-spacing-right-medium:1.92%;--awb-spacing-left-medium:1.92%;--awb-width-small:100%;--awb-order-small:0;--awb-spacing-right-small:1.92%;--awb-spacing-left-small:1.92%;\"><div class=\"fusion-column-wrapper fusion-column-has-shadow fusion-flex-justify-content-flex-start fusion-content-layout-column\"><div class=\"fusion-title title fusion-title-1 fusion-sep-none fusion-title-text fusion-title-size-one\" style=\"--awb-margin-top-small:10px;--awb-margin-right-small:0px;--awb-margin-bottom-small:10px;--awb-margin-left-small:0px;\"><h1 class=\"fusion-title-heading title-heading-left\" style=\"margin:0;\"><h3 style=\"text-align: left;\">Harmonogram Wielkiego Postu i Wielkanocy<\/h3><\/h1><\/div><div class=\"fusion-separator fusion-full-width-sep\" style=\"align-self: center;margin-left: auto;margin-right: auto;width:100%;\"><div class=\"fusion-separator-border sep-double\" style=\"--awb-height:20px;--awb-amount:20px;border-color:var(--awb-color3);border-top-width:1px;border-bottom-width:1px;\"><\/div><\/div><div class=\"fusion-text fusion-text-1\"><p class=\"p1\"><b>Catholics in good health ages 18 &#8211; 59 are required to fast <\/b><b>and abstain from meat on Ash Wednesday and Good Friday.<br \/>\n<\/b>Fasting consists of eating only one meal, with the possibility of two smaller snacks that do not add up to a single full meal.<br \/>\n<b>Catholics age 14 &amp; older are to abstain from meat on all <\/b><b>Fridays in Lent.<\/b><\/p>\n<p><strong>Ash Wednesday &#8211; February 18, 2026<br \/>\n<\/strong>6:45 rano \u2013 Msza \u015bw.<br \/>\n9:30 AM \u2013 Msza szkolna<br \/>\n12:00 PM \u2013 Nabo\u017ce\u0144stwo liturgiczne z posypaniem g\u0142\u00f3w popio\u0142em<br \/>\n16:00 \u2013 Nabo\u017ce\u0144stwo liturgiczne z posypaniem g\u0142\u00f3w popio\u0142em<br \/>\n18:00 \u2013 Msza \u2013 po angielsku<br \/>\n19:30 \u2013 Msza \u015awi\u0119ta \u2013 po polsku<br \/>\nAdoration will take place in the chapel from 9:00 AM &#8211; 6:00 PM<\/p>\n<p><strong>Stacje Drogi Krzy\u017cowej<\/strong><br \/>\nKa\u017cdy pi\u0105tek<br \/>\n19:00 po angielsku<br \/>\n8:00 PM Polski<\/p>\n<p><strong>Misja Wielkopostna (w ko\u015bciele)<br \/>\nPolski: <\/strong>By Fr. Dariusz Gaczynski<br \/>\nMarch 28th at 6:30 PM (Confessions at 7:30 PM)<br \/>\nMarch 29th at 1:00 PM (Confessions at 2:00 PM)<\/p>\n<p><strong>Lenten Mission<br \/>\nAngielski: <\/strong>March 15th, March 16th, and March 17th at 7:00 PM in the Church<\/p>\n<p><strong>Pogodzi\u0107 si\u0119<br \/>\n<\/strong><i>Diocesan\u2013Wide Day of Reconciliation<br \/>\n<\/i>Wednesday, March 25 from 9:00 AM to 8:00 PM in the Chapel<\/p>\n<p><strong>Us\u0142ugi pokutne wsp\u00f3lnotowe<\/strong> (begin at 7:00 PM)<br \/>\nTuesday, March 31,\u00a0 St. Margaret Mary<\/p>\n<p><strong>Ryba sma\u017cona na Wielkopost<\/strong><br \/>\nFridays: February 20th, March 6th and March 2oth<br \/>\n4:30PM &#8211; 8:00 PM<\/p>\n<p><strong><span id=\"page1874R_mcid64\" class=\"markedContent\"><span dir=\"ltr\" role=\"presentation\">Niedziela Palmowa<\/span> <span dir=\"ltr\" role=\"presentation\">&#8211;<\/span> <span dir=\"ltr\" role=\"presentation\">Sunday, March 29th<br \/>\n<\/span><\/span><\/strong><span id=\"page1874R_mcid65\" class=\"markedContent\"><\/span><span id=\"page1874R_mcid65\" class=\"markedContent\"><span dir=\"ltr\" role=\"presentation\">Regularne niedzielne msze \u015bwi\u0119te z b\u0142ogos\u0142awie\u0144stwem i rozdawaniem<\/span><span dir=\"ltr\" role=\"presentation\">naci\u0119cie d\u0142oni<\/span><\/span><\/p>\n<p><span id=\"page1874R_mcid67\" class=\"markedContent\"><strong><span dir=\"ltr\" role=\"presentation\">Wielki Czwartek<\/span> <span dir=\"ltr\" role=\"presentation\">&#8211;<\/span> Msza Wieczerzy Pa\u0144skiej \u2013 <\/strong><span dir=\"ltr\" role=\"presentation\"><strong>April 2nd<br \/>\n<\/strong><\/span><\/span><span class=\"markedContent\"><span dir=\"ltr\" role=\"presentation\">Wieloj\u0119zyczna Msza Pa\u0144ska<\/span><span dir=\"ltr\" role=\"presentation\">&#039;<\/span><span dir=\"ltr\" role=\"presentation\">s Supper at <strong>19:30<\/strong><br \/>\n<\/span><\/span>Following Mass, there will be a procession to the Altar of Repose with Adoration of the Eucharist until Midnight<span id=\"page1874R_mcid68\" class=\"markedContent\"><\/span><\/p>\n<p><strong><span id=\"page1874R_mcid70\" class=\"markedContent\"><span dir=\"ltr\" role=\"presentation\">Wielki Pi\u0105tek<\/span> <span dir=\"ltr\" role=\"presentation\">&#8211;<\/span> M\u0119ka Pa\u0144ska \u2013 <span dir=\"ltr\" role=\"presentation\">April 3rd (no Holy Mass)<br \/>\n<\/span><\/span><\/strong><span id=\"page1874R_mcid71\" class=\"markedContent\"><\/span><span id=\"page1874R_mcid71\" class=\"markedContent\"><\/span><span id=\"page1874R_mcid71\" class=\"markedContent\"><span dir=\"ltr\" role=\"presentation\">Nowenna do Mi\u0142osierdzia Bo\u017cego o 11:45<\/span><\/span><span id=\"page1874R_mcid72\" class=\"markedContent\"><br role=\"presentation\" \/><span dir=\"ltr\" role=\"presentation\">12:00 PM \u2013 angielski<br \/>\n<strong>5:00 PM<\/strong> &#8211; Polish<\/span><br role=\"presentation\" \/><span dir=\"ltr\" role=\"presentation\"><strong>19:30<\/strong> &#8211; English<br \/>\n<\/span><\/span><\/p>\n<p><strong><span id=\"page1874R_mcid74\" class=\"markedContent\"><span dir=\"ltr\" role=\"presentation\">Wielka Sobota<\/span> <span dir=\"ltr\" role=\"presentation\">&#8211;<\/span> <span dir=\"ltr\" role=\"presentation\">April 4th<br \/>\n<\/span><\/span><\/strong><span id=\"page1874R_mcid75\" class=\"markedContent\"><\/span><span id=\"page1874R_mcid75\" class=\"markedContent\"><span dir=\"ltr\" role=\"presentation\">B\u0142ogos\u0142awie\u0144stwo koszyczk\u00f3w z \u017cywno\u015bci\u0105 wielkanocn\u0105: 11:00, 12:30 i 13:45<br \/>\nMsze Wigilii Paschalnej:<\/span><br \/>\n<span dir=\"ltr\" role=\"presentation\"><strong>5:00 PM<\/strong> &#8211; Polish<\/span><\/span><span id=\"page1874R_mcid76\" class=\"markedContent\"><\/span><span id=\"page1874R_mcid77\" class=\"markedContent\"><br role=\"presentation\" \/><span dir=\"ltr\" role=\"presentation\"><strong>20:00<\/strong> &#8211; English<br \/>\n<em>Nie, msza w sobot\u0119 o godz. 16:30 lub 18:30<\/em><br \/>\n<\/span><\/span><\/p>\n<p style=\"text-align: left;\"><span id=\"page1874R_mcid79\" class=\"markedContent\"><strong><span dir=\"ltr\" role=\"presentation\">Niedziela Wielkanocna<\/span> <span dir=\"ltr\" role=\"presentation\">&#8211;<\/span> <\/strong><span dir=\"ltr\" role=\"presentation\"><strong>April 5th<br \/>\n<\/strong>5:00 AM \u2013 polski<strong><br \/>\n<\/strong><\/span><\/span>7:00 rano \u2013 angielski<br \/>\n<strong>9:00 AM \u2013 angielski<\/strong><br \/>\n11:00 AM \u2013 angielski<br \/>\n<strong>13:00 \u2013 polski<\/strong><br \/>\n<em>Niedzielna msza o godz. 16:30<\/em><\/p>\n<p><strong><span id=\"page1874R_mcid76\" class=\"markedContent\"><span dir=\"ltr\" role=\"presentation\">Mi\u0142osierdzie Bo\u017ce<\/span><\/span> Holy Hour &#8211; April 12h<br \/>\n<\/strong><span id=\"page1874R_mcid80\" class=\"markedContent\"><\/span>15:00 \u2013 16:00<\/p>\n<p class=\"p1\"><b><i>*<\/i><\/b><i>If you are unable to attend Mass in person, the Masses that are <\/i><i>highlighted above will be live streamed online<\/i><\/p>\n<\/div><\/div><\/div><\/div><\/div>","protected":false},"excerpt":{"rendered":"","protected":false},"author":1,"featured_media":0,"parent":0,"menu_order":0,"comment_status":"closed","ping_status":"closed","template":"","meta":{"_monsterinsights_skip_tracking":false,"_monsterinsights_sitenote_active":false,"_monsterinsights_sitenote_note":"","_monsterinsights_sitenote_category":0,"footnotes":""},"class_list":["post-2650","page","type-page","status-publish","hentry"],"aioseo_notices":[],"_links":{"self":[{"href":"https:\/\/saintmargaretmary.org\/pl\/wp-json\/wp\/v2\/pages\/2650","targetHints":{"allow":["GET"]}}],"collection":[{"href":"https:\/\/saintmargaretmary.org\/pl\/wp-json\/wp\/v2\/pages"}],"about":[{"href":"https:\/\/saintmargaretmary.org\/pl\/wp-json\/wp\/v2\/types\/page"}],"author":[{"embeddable":true,"href":"https:\/\/saintmargaretmary.org\/pl\/wp-json\/wp\/v2\/users\/1"}],"replies":[{"embeddable":true,"href":"https:\/\/saintmargaretmary.org\/pl\/wp-json\/wp\/v2\/comments?post=2650"}],"version-history":[{"count":46,"href":"https:\/\/saintmargaretmary.org\/pl\/wp-json\/wp\/v2\/pages\/2650\/revisions"}],"predecessor-version":[{"id":5409,"href":"https:\/\/saintmargaretmary.org\/pl\/wp-json\/wp\/v2\/pages\/2650\/revisions\/5409"}],"wp:attachment":[{"href":"https:\/\/saintmargaretmary.org\/pl\/wp-json\/wp\/v2\/media?parent=2650"}],"curies":[{"name":"wp","href":"https:\/\/api.w.org\/{rel}","templated":true}]}}