{"id":2652,"date":"2022-08-21T12:17:10","date_gmt":"2022-08-21T17:17:10","guid":{"rendered":"https:\/\/saintmargaretmary.org\/?page_id=2652"},"modified":"2026-02-25T16:11:53","modified_gmt":"2026-02-25T22:11:53","slug":"christmas-mass-schedule","status":"publish","type":"page","link":"https:\/\/saintmargaretmary.org\/pl\/christmas-mass-schedule","title":{"rendered":"Harmonogram Adwentu i Bo\u017cego Narodzenia"},"content":{"rendered":"<div class=\"fusion-fullwidth fullwidth-box fusion-builder-row-1 fusion-flex-container has-pattern-background has-mask-background nonhundred-percent-fullwidth non-hundred-percent-height-scrolling\" style=\"--awb-border-radius-top-left:0px;--awb-border-radius-top-right:0px;--awb-border-radius-bottom-right:0px;--awb-border-radius-bottom-left:0px;--awb-flex-wrap:wrap;\" ><div class=\"fusion-builder-row fusion-row fusion-flex-align-items-flex-start fusion-flex-content-wrap\" style=\"max-width:1248px;margin-left: calc(-4% \/ 2 );margin-right: calc(-4% \/ 2 );\"><div class=\"fusion-layout-column fusion_builder_column fusion-builder-column-0 fusion_builder_column_1_1 1_1 fusion-flex-column\" style=\"--awb-bg-size:cover;--awb-width-large:100%;--awb-margin-top-large:0px;--awb-spacing-right-large:1.92%;--awb-margin-bottom-large:20px;--awb-spacing-left-large:1.92%;--awb-width-medium:100%;--awb-order-medium:0;--awb-spacing-right-medium:1.92%;--awb-spacing-left-medium:1.92%;--awb-width-small:100%;--awb-order-small:0;--awb-spacing-right-small:1.92%;--awb-spacing-left-small:1.92%;\"><div class=\"fusion-column-wrapper fusion-column-has-shadow fusion-flex-justify-content-flex-start fusion-content-layout-column\"><div class=\"fusion-text fusion-text-1\"><p><strong>Pierwszy dzie\u0144 Adwentu<\/strong><br \/>\nNovember 29, 2025 and November 30, 2025<\/p>\n<p><strong>Misje parafialne Adwentu<br \/>\n<\/strong>English &#8211; December 14-16, 2025 @7:00 PM<br \/>\npresented by Fr. John p McNamara, pastor of St Catherine of Siena<br \/>\nPolish &#8211; December 20th @ 6:30 PM, confession @ 7:30 PM<br \/>\nDecember 21th @ 1:00 PM, confession @ 2:00 PM<br \/>\npresented by Fr. \u0141ukasz M\u0119\u017cyk<\/p>\n<p><strong>Sakrament pojednania (spowied\u017a)<\/strong><\/p>\n<p><strong>Communal Reconciliation Services\u00a0<\/strong><\/p>\n<p>St. Thomas the Apostle, CL (Oak Street Church)<br \/>\nTuesday, December 16th at 7:00 PM<\/p>\n<p><strong>Indywidualne pojednanie<\/strong><\/p>\n<p>St. Margaret Mary Chapel &#8211; English &amp; Polish<br \/>\nTuesday, December 16th<br \/>\n18:00 \u2013 19:00<\/p>\n<p>St. Margaret Mary Church &#8211; English &amp; Polish<br \/>\nSaturday, December 20th<br \/>\n9:00 rano \u2013 10:00 rano<br \/>\n15:00 \u2013 16:00<br \/>\n7:30 PM &#8211; 8:30 PM<\/p>\n<p>St. Margaret Mary Church &#8211; English &amp; Polish<br \/>\nSunday, December 21th<br \/>\n2:00 PM &#8211; 3:00 PM<\/p>\n<p><strong>\u015aniadanie z Miko\u0142ajem<br \/>\n<\/strong>Sunday, December 14th<br \/>\n8:00 AM &#8211; 12:00 PM<\/p>\n<p><strong>Simbang Gabi<br \/>\n<\/strong>All services at 7:00 PM<strong><br \/>\n<\/strong>Monday, Dec 15 &#8211; Christ the Teacher &#8211; Dekalb, IL<br \/>\nTuesday, Dec 16 &#8211; St Catherine Siena &#8211; Dundee, IL<br \/>\nWednesday, Dec 17 &#8211; St Patrick &#8211; St Charles, IL<br \/>\nThursday, Dec 18 &#8211; St Margaret Mary, Algonquin, IL<br \/>\nFriday, Dec 19 &#8211; Church of Holy Apostles, McHenry, IL<br \/>\nSaturday, Dec 20 &#8211; St Thomas More, Elgin, IL<br \/>\nSunday, Dec 21 &#8211; St Elizabeth Ann Seton, Crystal Lake, IL<br \/>\nMonday, Dec 22 &#8211; Christ the King, Wonder Lake, IL<br \/>\nTuesday, Dec 23 &#8211; St Mary, Huntley, IL<\/p>\n<\/div><div class=\"fusion-text fusion-text-2\"><h3><strong>Harmonogram mszy \u015bwi\u0105tecznych<\/strong><\/h3>\n<h4 style=\"text-align: left;\"><strong>\u015awi\u0119towanie Bo\u017cego Narodzenia<\/strong><\/h4>\n<p style=\"text-align: left;\"><em><strong>Narodzi\u0142 si\u0119 Zbawiciel! \u015awi\u0119tuj z nami Bo\u017ce Narodzenie\u2026<\/strong><\/em><\/p>\n<p style=\"text-align: left;\"><em><strong>All Masses are held in St. Margaret Mary Church<\/strong><\/em><\/p>\n<p style=\"text-align: left;\"><img decoding=\"async\" class=\"size-medium wp-image-2750 alignnone\" src=\"https:\/\/saintmargaretmary.org\/wp-content\/uploads\/Card_Pic2_lowres-300x218.jpg\" alt=\"\" width=\"300\" height=\"218\" srcset=\"https:\/\/saintmargaretmary.org\/wp-content\/uploads\/Card_Pic2_lowres-200x145.jpg 200w, https:\/\/saintmargaretmary.org\/wp-content\/uploads\/Card_Pic2_lowres-300x218.jpg 300w, https:\/\/saintmargaretmary.org\/wp-content\/uploads\/Card_Pic2_lowres-400x290.jpg 400w, https:\/\/saintmargaretmary.org\/wp-content\/uploads\/Card_Pic2_lowres.jpg 600w\" sizes=\"(max-width: 300px) 100vw, 300px\" \/><\/p>\n<p><strong>Wigilia<\/strong><br \/>\n24 grudnia angielski: <strong>16:00*<\/strong> (Kolorowanka dla dzieci)<br \/>\n18:00, <strong>P\u00f3\u0142noc*<\/strong><br \/>\n<em>Lekcje i kol\u0119dy o 23:30<\/em><br \/>\nPolski <strong>21:00*<\/strong><\/p>\n<p><strong>Bo\u017ce Narodzenie \u2013 Narodzenie Pa\u0144skie<\/strong><br \/>\n<em>\u015awi\u0119to nakazane<\/em><br \/>\n25 grudnia angielski: 7:00 rano, <strong>9:00 rano*<\/strong>, 11:00 rano<br \/>\nPolski: <strong>13:00*<br \/>\n<\/strong>(No 4:30 pm Mass)<strong><br \/>\n<\/strong><\/p>\n<p><strong>Uroczysto\u015b\u0107 \u015awi\u0119tej Bo\u017cej Rodzicielki Maryi<br \/>\n\u015awi\u0119to nakazane<\/strong><br \/>\n31 grudnia: 16:30 (wielokulturowo\u015b\u0107)<br \/>\n1 stycznia: angielski: <strong>9:00 rano*<\/strong>, <strong>11:00 rano* <\/strong>(Polski)<\/p>\n<p><em>Uprzejmie informujemy, \u017ce biura parafialne b\u0119d\u0105 zamkni\u0119te w dniach 24-26 grudnia i 31 grudnia-2 stycznia z powodu \u015bwi\u0105t.<\/em><\/p>\n<div class=\"page\" style=\"text-align: left;\" title=\"Strona 5\">\n<div class=\"layoutArea\">\n<div class=\"column\">\n<p>*Je\u015bli nie mo\u017cesz uczestniczy\u0107 we Mszy osobi\u015bcie, Msze wyr\u00f3\u017cnione pogrubion\u0105 czcionk\u0105 b\u0119d\u0105 transmitowane na \u017cywo.<\/p>\n<hr \/>\n<\/div>\n<\/div>\n<\/div>\n<h5 style=\"text-align: left;\"><strong>Wybierasz si\u0119 za miasto i szukasz ko\u015bcio\u0142a?<\/strong><\/h5>\n<p style=\"text-align: left;\">ODWIEDZA\u0106: <a href=\"http:\/\/www.parishesonline.com\">www.parishesonline.com<\/a>, kt\u00f3ra oferuje r\u00f3\u017cnorodne kryteria wyszukiwania umo\u017cliwiaj\u0105ce znalezienie ko\u015bcio\u0142a katolickiego na danej trasie, a tak\u017ce udost\u0119pnia map\u0119 i godziny mszy.<\/p>\n<hr \/>\n<p style=\"text-align: left;\"><em><strong>\u00a0<\/strong><\/em><\/p>\n<\/div><\/div><\/div><\/div><\/div>","protected":false},"excerpt":{"rendered":"","protected":false},"author":1,"featured_media":0,"parent":0,"menu_order":0,"comment_status":"closed","ping_status":"closed","template":"","meta":{"_monsterinsights_skip_tracking":false,"_monsterinsights_sitenote_active":false,"_monsterinsights_sitenote_note":"","_monsterinsights_sitenote_category":0,"footnotes":""},"class_list":["post-2652","page","type-page","status-publish","hentry"],"aioseo_notices":[],"_links":{"self":[{"href":"https:\/\/saintmargaretmary.org\/pl\/wp-json\/wp\/v2\/pages\/2652","targetHints":{"allow":["GET"]}}],"collection":[{"href":"https:\/\/saintmargaretmary.org\/pl\/wp-json\/wp\/v2\/pages"}],"about":[{"href":"https:\/\/saintmargaretmary.org\/pl\/wp-json\/wp\/v2\/types\/page"}],"author":[{"embeddable":true,"href":"https:\/\/saintmargaretmary.org\/pl\/wp-json\/wp\/v2\/users\/1"}],"replies":[{"embeddable":true,"href":"https:\/\/saintmargaretmary.org\/pl\/wp-json\/wp\/v2\/comments?post=2652"}],"version-history":[{"count":32,"href":"https:\/\/saintmargaretmary.org\/pl\/wp-json\/wp\/v2\/pages\/2652\/revisions"}],"predecessor-version":[{"id":5281,"href":"https:\/\/saintmargaretmary.org\/pl\/wp-json\/wp\/v2\/pages\/2652\/revisions\/5281"}],"wp:attachment":[{"href":"https:\/\/saintmargaretmary.org\/pl\/wp-json\/wp\/v2\/media?parent=2652"}],"curies":[{"name":"wp","href":"https:\/\/api.w.org\/{rel}","templated":true}]}}