{"id":3,"date":"2020-05-04T15:41:48","date_gmt":"2020-05-04T15:41:48","guid":{"rendered":"https:\/\/saintmargaretmary.org\/?page_id=3"},"modified":"2026-02-25T16:11:17","modified_gmt":"2026-02-25T22:11:17","slug":"privacy-policy","status":"publish","type":"page","link":"https:\/\/saintmargaretmary.org\/pl\/privacy-policy","title":{"rendered":"Warunki korzystania ze strony internetowej"},"content":{"rendered":"<div class=\"fusion-fullwidth fullwidth-box fusion-builder-row-1 fusion-flex-container has-pattern-background has-mask-background nonhundred-percent-fullwidth non-hundred-percent-height-scrolling\" style=\"--awb-border-radius-top-left:0px;--awb-border-radius-top-right:0px;--awb-border-radius-bottom-right:0px;--awb-border-radius-bottom-left:0px;--awb-flex-wrap:wrap;\" ><div class=\"fusion-builder-row fusion-row fusion-flex-align-items-flex-start fusion-flex-content-wrap\" style=\"max-width:1248px;margin-left: calc(-4% \/ 2 );margin-right: calc(-4% \/ 2 );\"><div class=\"fusion-layout-column fusion_builder_column fusion-builder-column-0 fusion_builder_column_1_1 1_1 fusion-flex-column\" style=\"--awb-bg-size:cover;--awb-width-large:100%;--awb-margin-top-large:0px;--awb-spacing-right-large:1.92%;--awb-margin-bottom-large:20px;--awb-spacing-left-large:1.92%;--awb-width-medium:100%;--awb-order-medium:0;--awb-spacing-right-medium:1.92%;--awb-spacing-left-medium:1.92%;--awb-width-small:100%;--awb-order-small:0;--awb-spacing-right-small:1.92%;--awb-spacing-left-small:1.92%;\"><div class=\"fusion-column-wrapper fusion-column-has-shadow fusion-flex-justify-content-flex-start fusion-content-layout-column\"><div class=\"fusion-text fusion-text-1\"><div id=\"main\" role=\"main\">\n<div id=\"contentarea\" class=\"row clearfix\">\n<div class=\"main-content grid_12\">\n<div class=\"grid_bg\">\n<article id=\"page-6658\" class=\"clearfix post-6658 page type-page status-publish hentry\">\n<div class=\"entry-content\">\n<h4><strong>Warunki korzystania ze strony internetowej<\/strong><\/h4>\n<p><strong>Ograniczenia prawne, polityka prywatno\u015bci i zasady korzystania ze zdj\u0119\u0107 uczni\u00f3w\/os\u00f3b niepe\u0142noletnich<\/strong><\/p>\n<p><strong>OG\u0141OSZENIE:\u00a0<\/strong>Przeczytaj te warunki w ca\u0142o\u015bci przed skorzystaniem z tej witryny internetowej. Korzystanie z tej witryny internetowej oznacza akceptacj\u0119 tych warunk\u00f3w. Je\u015bli nie akceptujesz tych warunk\u00f3w, nie kontynuuj. Poni\u017csze zasady obowi\u0105zuj\u0105 dla wszystkich stron internetowych b\u0119d\u0105cych w\u0142asno\u015bci\u0105 i obs\u0142ugiwanych przez Ko\u015bci\u00f3\u0142 Katolicki \u015bw. Ma\u0142gorzaty Mary. W Ko\u015bciele \u015bw. Ma\u0142gorzaty Mary zobowi\u0105zujemy si\u0119 do ochrony prywatno\u015bci wszystkich parafian, pracownik\u00f3w, go\u015bci, student\u00f3w, kandydat\u00f3w i klient\u00f3w korzystaj\u0105cych z naszych witryn internetowych. Nie kompilujemy, nie wynajmujemy, nie sprzedajemy ani nie wymieniamy list mailingowych naszych parafian, pracownik\u00f3w, go\u015bci, student\u00f3w, kandydat\u00f3w ani klient\u00f3w.<\/p>\n<p><strong>KORZYSTANIE Z WITRYNY:\u00a0<\/strong>Ko\u015bci\u00f3\u0142 katolicki \u015bw. Ma\u0142gorzaty Marii upowa\u017cnia Ci\u0119 do przegl\u0105dania i pobierania materia\u0142\u00f3w zawartych na tej stronie internetowej. Nie mo\u017cesz zmienia\u0107 ani modyfikowa\u0107 materia\u0142\u00f3w na tej stronie w \u017caden spos\u00f3b. Jakiekolwiek wykorzystanie tych materia\u0142\u00f3w na innych stronach internetowych lub w \u015brodowisku komputerowym w sieci jest surowo zabronione. Materia\u0142y i tre\u015bci na tej stronie s\u0105 chronione prawem autorskim, a jakiekolwiek nieautoryzowane wykorzystanie tych materia\u0142\u00f3w mo\u017ce narusza\u0107 prawa autorskie, znaki towarowe lub inne prawa. Ka\u017cde naruszenie niniejszych warunk\u00f3w spowoduje wyga\u015bni\u0119cie Twojej autoryzacji do korzystania z tej strony, a wszelkie materia\u0142y wcze\u015bniej pobrane lub wydrukowane musz\u0105 zosta\u0107 zniszczone.<\/p>\n<p><strong>PRZESY\u0141ANE PRZEZ U\u017bYTKOWNIK\u00d3W:\u00a0<\/strong>Ko\u015bci\u00f3\u0142 katolicki \u015bw. Ma\u0142gorzaty Marii i jego przedstawiciele b\u0119d\u0105 mogli kopiowa\u0107, ujawnia\u0107, rozpowszechnia\u0107 i w inny spos\u00f3b wykorzystywa\u0107 komunikaty oraz wszystkie dane, obrazy, d\u017awi\u0119ki, tekst i inne rzeczy w nich zawarte w celach komercyjnych lub niekomercyjnych. Wszystkim innym osobom surowo zabrania si\u0119 zamieszczania lub przesy\u0142ania do lub z tej witryny jakichkolwiek materia\u0142\u00f3w niezgodnych z prawem, gro\u017anych, znies\u0142awiaj\u0105cych, oszczerczych, obscenicznych, pornograficznych lub innych, kt\u00f3re narusza\u0142yby jakiekolwiek prawo.<\/p>\n<p><strong>POLITYKA AKCEPTACJI ZAM\u00d3WIE\u0143:<\/strong> Potwierdzenia zam\u00f3wienia nie s\u0105 umow\u0105 i nie stanowi\u0105 akceptacji zam\u00f3wienia, a jedynie zapis Twojej oferty zakupu okre\u015blonego przedmiotu po okre\u015blonej cenie. Ko\u015bci\u00f3\u0142 katolicki \u015bw. Ma\u0142gorzaty Marii i jego przedstawiciele zastrzegaj\u0105 sobie prawo do przyj\u0119cia, odrzucenia lub ograniczenia Twojego zam\u00f3wienia z dowolnego powodu, w tym, ale nie wy\u0142\u0105cznie, z powodu przegl\u0105du kredytowego, niedost\u0119pno\u015bci produktu lub b\u0142\u0119d\u00f3w cenowych i opis\u00f3w produkt\u00f3w zamieszczonych na tej stronie internetowej. Sk\u0142adaj\u0105c zam\u00f3wienie w dowolnym miejscu na tej stronie, zgadzasz si\u0119 zaakceptowa\u0107 wszystkie warunki i postanowienia okre\u015blone w dowolnym miejscu na tej stronie.<\/p>\n<p><strong>LINKI DO INNYCH WITRYN:<\/strong> Linki do stron internetowych os\u00f3b trzecich na tej stronie s\u0105 udost\u0119pniane wy\u0142\u0105cznie dla wygody u\u017cytkownik\u00f3w. Je\u015bli skorzystasz z tych link\u00f3w, opu\u015bcisz t\u0119 stron\u0119. Wszystkie strony os\u00f3b trzecich zosta\u0142y sprawdzone przez Ko\u015bci\u00f3\u0142 Katolicki \u015bw. Ma\u0142gorzaty Marii. Jednak Ko\u015bci\u00f3\u0142 Katolicki \u015bw. Ma\u0142gorzaty Marii nie kontroluje i nie ponosi odpowiedzialno\u015bci za \u017cadn\u0105 z tych stron ani ich zawarto\u015b\u0107. Ponadto Ko\u015bci\u00f3\u0142 Katolicki \u015bw. Ma\u0142gorzaty Marii nie popiera ani nie sk\u0142ada \u017cadnych o\u015bwiadcze\u0144 na temat tych stron os\u00f3b trzecich ani \u017cadnych informacji, oprogramowania lub innych produkt\u00f3w lub materia\u0142\u00f3w tam znalezionych, ani \u017cadnych wynik\u00f3w, kt\u00f3re mo\u017cna uzyska\u0107 z korzystania z tych stron. Dost\u0119p do kt\u00f3rejkolwiek ze stron os\u00f3b trzecich po\u0142\u0105czonych z t\u0105 stron\u0105 odbywa si\u0119 wy\u0142\u0105cznie na w\u0142asne ryzyko.<\/p>\n<p><strong>ZASTRZE\u017bENIE:<\/strong> Ko\u015bci\u00f3\u0142 katolicki \u015bw. Ma\u0142gorzaty Marii zastrzega sobie prawo do dokonywania zmian w materia\u0142ach i tre\u015bciach zamieszczonych na tej stronie w dowolnym momencie i bez uprzedzenia, w tym, mi\u0119dzy innymi, w us\u0142ugach i\/lub produktach i\/lub cenach opisanych w niniejszym dokumencie.<\/p>\n<p><strong>OGRANICZENIE ODPOWIEDZIALNO\u015aCI:<\/strong> W \u017bADNYM WYPADKU KO\u015aCI\u00d3\u0141 KATOLICKI \u015aW. MARGARET MARY ANI INNE STRONY TRZECIE WYMIENIONE NA TEJ STRONIE NIE PONOSZ\u0104 ODPOWIEDZIALNO\u015aCI ZA JAKIEKOLWIEK SZKODY (W TYM, BEZ OGRANICZE\u0143, SZKODY WYNIKAJ\u0104CE Z UTRATY ZYSK\u00d3W, UTRATY DANYCH LUB PRZERWY W DZIA\u0141ALNO\u015aCI) WYNIKAJ\u0104CE Z U\u017bYTKOWANIA, NIEMO\u017bNO\u015aCI U\u017bYTKOWANIA LUB SKUTK\u00d3W U\u017bYTKOWANIA TEJ STRONY, JAKICHKOLWIEK STRON INTERNETOWYCH POWI\u0104ZANYCH Z T\u0104 STRON\u0104 LUB MATERIA\u0141\u00d3W LUB INFORMACJI ZAWARTYCH NA JAKIEJKOLWIEK LUB WSZYSTKICH TAKICH STRONACH, CZY TO NA PODSTAWIE GWARANCJI, UMOWY, CZYNU NIEDOZWOLONEGO CZY JAKIEJKOLWIEK INNEJ PODSTAWY PRAWNEJ I NIEZALE\u017bNIE CZY ZOSTALI POINFORMOWANI O MO\u017bLIWO\u015aCI WYST\u0104PIENIA TAKICH SZK\u00d3D. JE\u015aLI TWOJE U\u017bYCIE MATERIA\u0141\u00d3W LUB INFORMACJI Z TEJ STRONY SKUTKUJE POTRZEB\u0104 SERWISOWANIA, NAPRAWY LUB KOREKTY SPRZ\u0118TU LUB DANYCH, PONOSISZ WSZYSTKIE KOSZTY Z TEGO TYTU\u0141U. OBOWI\u0104ZUJ\u0104CE PRAWO MO\u017bE NIE ZEZWALA\u0106 NA WY\u0141\u0104CZENIE LUB OGRANICZENIE ODSZKODOWA\u0143 PRZYPADKOWYCH LUB WT\u00d3RNYCH, WI\u0118C POWY\u017bSZE OGRANICZENIE LUB WY\u0141\u0104CZENIE MO\u017bE NIE MIE\u0106 DO CIEBIE ZASTOSOWANIA.<\/p>\n<p><strong>OG\u00d3LNY:<\/strong> Ko\u015bci\u00f3\u0142 katolicki \u015bw. Ma\u0142gorzaty Marii mo\u017ce w ka\u017cdej chwili zmieni\u0107 niniejsze Warunki korzystania, Ograniczenia prawne i Polityk\u0119 prywatno\u015bci, aktualizuj\u0105c ten wpis. Prosimy o regularne sprawdzanie tej strony w celu zapoznania si\u0119 z aktualnymi warunkami.<\/p>\n<p><strong>POLITYKA PRYWATNO\u015aCI:\u00a0<\/strong>Ko\u015bci\u00f3\u0142 katolicki \u015bw. Ma\u0142gorzaty Marii szanuje prywatno\u015b\u0107 u\u017cytkownik\u00f3w i parafian odwiedzaj\u0105cych nasze witryny. Nie podejmujemy \u017cadnych dzia\u0142a\u0144 w celu identyfikacji os\u00f3b bez ich wiedzy. Gdy odwiedzaj\u0105cy \u017c\u0105da stron w naszej witrynie, nasz serwer internetowy ma mo\u017cliwo\u015b\u0107 rozpoznania nazwy domeny przegl\u0105darki i adresu IP. Nasz serwer nie rejestruje adres\u00f3w e-mail. Gromadzimy nazwy domen i adresy IP w celu agregowania informacji o tym, do jakich stron u\u017cytkownik uzyskuje dost\u0119p lub kt\u00f3re odwiedza. Informacje te s\u0105 gromadzone wy\u0142\u0105cznie w celach statystycznych i nie s\u0105 wykorzystywane do identyfikacji os\u00f3b. W naszych formularzach mo\u017cemy prosi\u0107 u\u017cytkownik\u00f3w o podanie adresu e-mail lub adresu pocztowego w celu wys\u0142ania informacji lub \u015bwiadczenia dodatkowych us\u0142ug. Zawsze, gdy rejestrowana jest to\u017csamo\u015b\u0107 odwiedzaj\u0105cego, wyra\u017anie wska\u017cemy cel \u017c\u0105dania przed za\u017c\u0105daniem informacji.<\/p>\n<p><strong>ZASADY WYKORZYSTYWANIA ZDJ\u0118\u0106 PRZEZ UCZNI\u00d3W\/OSOBY NIELETNIE:\u00a0<\/strong><br \/>\nStrona internetowa ko\u015bcio\u0142a katolickiego St. Margaret Mary zapewnia: Nie b\u0119d\u0105 publikowane \u017cadne indywidualne zdj\u0119cia uczni\u00f3w. Nazwisko ucznia\/nieletniego nigdy nie jest publikowane obok fotografii. Je\u015bli zostanie wydrukowane imi\u0119 ucznia\/nieletniego, fotografia tej osoby (kt\u00f3ra nie jest uwa\u017cana za fotografi\u0119 grupow\u0105) nie zostanie opublikowana. W Internecie nie b\u0119d\u0105 zamieszczane \u017cadne materia\u0142y identyfikacyjne (takie jak osobiste numery telefon\u00f3w, adresy domowe lub wiek). Je\u015bli do projektu potrzebna jest osoba kontaktowa, b\u0119dzie to nauczyciel lub osoba doros\u0142a, a nie ucze\u0144\/nieletni.<\/p>\n<p><strong>O KO\u015aCIELE I SZKOLE KATOLICKIEJ \u015aW. MA\u0141GARETTY:\u00a0<\/strong><br \/>\nKo\u015bci\u00f3\u0142 katolicki \u015bw. Ma\u0142gorzaty Marii jest organizacj\u0105 non-profit 501(c)(3), kt\u00f3rej celem i dzia\u0142alno\u015bci\u0105 zajmuj\u0105 si\u0119 wy\u0142\u0105cznie cele religijne.<\/p>\n<\/div>\n<\/article>\n<\/div>\n<\/div>\n<\/div>\n<\/div>\n<\/div><\/div><\/div><\/div><\/div>","protected":false},"excerpt":{"rendered":"","protected":false},"author":1,"featured_media":0,"parent":0,"menu_order":0,"comment_status":"closed","ping_status":"closed","template":"","meta":{"_monsterinsights_skip_tracking":false,"_monsterinsights_sitenote_active":false,"_monsterinsights_sitenote_note":"","_monsterinsights_sitenote_category":0,"footnotes":""},"class_list":["post-3","page","type-page","status-publish","hentry"],"aioseo_notices":[],"_links":{"self":[{"href":"https:\/\/saintmargaretmary.org\/pl\/wp-json\/wp\/v2\/pages\/3","targetHints":{"allow":["GET"]}}],"collection":[{"href":"https:\/\/saintmargaretmary.org\/pl\/wp-json\/wp\/v2\/pages"}],"about":[{"href":"https:\/\/saintmargaretmary.org\/pl\/wp-json\/wp\/v2\/types\/page"}],"author":[{"embeddable":true,"href":"https:\/\/saintmargaretmary.org\/pl\/wp-json\/wp\/v2\/users\/1"}],"replies":[{"embeddable":true,"href":"https:\/\/saintmargaretmary.org\/pl\/wp-json\/wp\/v2\/comments?post=3"}],"version-history":[{"count":5,"href":"https:\/\/saintmargaretmary.org\/pl\/wp-json\/wp\/v2\/pages\/3\/revisions"}],"predecessor-version":[{"id":3572,"href":"https:\/\/saintmargaretmary.org\/pl\/wp-json\/wp\/v2\/pages\/3\/revisions\/3572"}],"wp:attachment":[{"href":"https:\/\/saintmargaretmary.org\/pl\/wp-json\/wp\/v2\/media?parent=3"}],"curies":[{"name":"wp","href":"https:\/\/api.w.org\/{rel}","templated":true}]}}