{"id":3513,"date":"2023-08-13T15:02:28","date_gmt":"2023-08-13T20:02:28","guid":{"rendered":"https:\/\/saintmargaretmary.org\/?page_id=3513"},"modified":"2026-02-25T16:11:53","modified_gmt":"2026-02-25T22:11:53","slug":"adoration-2","status":"publish","type":"page","link":"https:\/\/saintmargaretmary.org\/pl\/adoration-2","title":{"rendered":"Adoracja"},"content":{"rendered":"<div class=\"fusion-fullwidth fullwidth-box fusion-builder-row-1 fusion-flex-container has-pattern-background has-mask-background nonhundred-percent-fullwidth non-hundred-percent-height-scrolling\" style=\"--awb-border-radius-top-left:0px;--awb-border-radius-top-right:0px;--awb-border-radius-bottom-right:0px;--awb-border-radius-bottom-left:0px;--awb-flex-wrap:wrap;\" ><div class=\"fusion-builder-row fusion-row fusion-flex-align-items-flex-start fusion-flex-content-wrap\" style=\"max-width:1248px;margin-left: calc(-4% \/ 2 );margin-right: calc(-4% \/ 2 );\"><div class=\"fusion-layout-column fusion_builder_column fusion-builder-column-0 fusion_builder_column_1_1 1_1 fusion-flex-column\" style=\"--awb-bg-size:cover;--awb-width-large:100%;--awb-margin-top-large:0px;--awb-spacing-right-large:1.92%;--awb-margin-bottom-large:20px;--awb-spacing-left-large:1.92%;--awb-width-medium:100%;--awb-order-medium:0;--awb-spacing-right-medium:1.92%;--awb-spacing-left-medium:1.92%;--awb-width-small:100%;--awb-order-small:0;--awb-spacing-right-small:1.92%;--awb-spacing-left-small:1.92%;\"><div class=\"fusion-column-wrapper fusion-column-has-shadow fusion-flex-justify-content-flex-start fusion-content-layout-column\"><div class=\"fusion-text fusion-text-1\"><h4>Adoracja<\/h4>\n<blockquote>\n<p><em>\u201eJe\u015bli chcemy do\u015bwiadczy\u0107 Eucharystii jako \u00ab\u017ar\u00f3d\u0142a i szczytu \u017cycia chrze\u015bcija\u0144skiego\u00bb (Lumen Gentium, 11), musimy j\u0105 celebrowa\u0107 z wiar\u0105, przyjmowa\u0107 z czci\u0105 i pozwoli\u0107 jej przemienia\u0107 nasz umys\u0142 i serce poprzez modlitw\u0119 adoracyjn\u0105\u201d. <\/em>\u00a0\u015aw. Jan Pawe\u0142 II<\/p>\n<\/blockquote>\n<p><img decoding=\"async\" class=\"size-medium wp-image-3522 alignleft\" src=\"https:\/\/saintmargaretmary.org\/wp-content\/uploads\/monstrance-1-214x300.jpg\" alt=\"\" width=\"214\" height=\"300\" srcset=\"https:\/\/saintmargaretmary.org\/wp-content\/uploads\/monstrance-1-200x280.jpg 200w, https:\/\/saintmargaretmary.org\/wp-content\/uploads\/monstrance-1-214x300.jpg 214w, https:\/\/saintmargaretmary.org\/wp-content\/uploads\/monstrance-1-400x561.jpg 400w, https:\/\/saintmargaretmary.org\/wp-content\/uploads\/monstrance-1.jpg 428w\" sizes=\"(max-width: 214px) 100vw, 214px\" \/>Naszym najwi\u0119kszym darem jest \u017ar\u00f3d\u0142o i szczyt naszej liturgii, Eucharystia, kt\u00f3r\u0105 jest sam Jezus dany nam, aby\u015bmy mogli by\u0107 prawdziwie z Nim zjednoczeni, aby w pe\u0142ni do\u015bwiadczy\u0107 Jego obecno\u015bci i mi\u0142o\u015bci. W ka\u017cd\u0105 \u015brod\u0119 i pierwszy pi\u0105tek spotykamy si\u0119 twarz\u0105 w twarz z naszym Panem w spokojnym pi\u0119knie naszego Ko\u015bcio\u0142a, aby adorowa\u0107 samego naszego Pana w Eucharystii. Co godzin\u0119 wierni parafianie sp\u0119dzaj\u0105 czas z Jezusem w Naj\u015bwi\u0119tszym Sakramencie, aby adorowa\u0107, modli\u0107 si\u0119 i s\u0142ucha\u0107 naszego Pana przemawiaj\u0105cego do ich serc.<\/p>\n<p><strong><u>Poniedzia\u0142ki<\/u><\/strong><\/p>\n<p>20:00 \u2013 21:00<\/p>\n<p><strong><u>\u015arody<\/u><\/strong><\/p>\n<p>Rozpoczyna si\u0119 po mszy o godz. 8:30 i ko\u0144czy w czwartek przed msz\u0105 o godz. 6:45. (Je\u015bli planujesz uczestniczy\u0107 w mszy pomi\u0119dzy 23:00 a 4:30, skontaktuj si\u0119 z biurem parafialnym z wyprzedzeniem, aby otrzyma\u0107 klucz umo\u017cliwiaj\u0105cy dost\u0119p w godzinach nocnych)<\/p>\n<p><strong><u>Pi\u0105tki<\/u><\/strong><\/p>\n<p>Rozpoczyna si\u0119 po Mszy \u015bw. o godz. 9.15 (Msza \u015bw. o godz. 8.30 latem) i trwa do godziny 18.00, gdzie ko\u0144czy si\u0119 modlitw\u0105 b\u0142ogos\u0142awie\u0144stwa.<\/p>\n<p><strong><u>Czym jest adoracja i dlaczego jest wa\u017cna?<\/u><\/strong><\/p>\n<p>Adoracja Eucharystyczna jest form\u0105 modlitwy, kt\u00f3ra wprowadza nas w obecno\u015b\u0107 Jezusa w Naj\u015bwi\u0119tszym Sakramencie. Nasz Pan obdarza nas szczeg\u00f3lnymi \u0142askami, gdy sp\u0119dzamy z Nim cichy czas. Adoracja jest spokojn\u0105 modlitw\u0105 z Jezusem, kt\u00f3ry jest widoczny, ods\u0142oni\u0119ty i prawdziwie obecny, w Hostii, w monstrancji. Adoracja jest bardzo osobist\u0105 modlitw\u0105 dzi\u0119kczynn\u0105, uwielbienia, pro\u015bby i ciszy. Jest to bycie z Jezusem i s\u0142uchanie Go. Jest to akt mi\u0142o\u015bci do Niego.<\/p>\n<blockquote>\n<p><em>\u201eJezus czeka na nas w tym sakramencie mi\u0142o\u015bci. B\u0105d\u017amy hojni w po\u015bwi\u0119caniu czasu na spotkanie z Nim w adoracji\u2026\u201d<\/em> \u015aw. Jan Pawe\u0142 II<\/p>\n<\/blockquote>\n<p>Papie\u017c Pius X uzna\u0142 nieustaj\u0105c\u0105 adoracj\u0119 Naj\u015bwi\u0119tszego Sakramentu za nabo\u017ce\u0144stwo g\u00f3ruj\u0105ce nad wszystkimi innymi.<\/p>\n<p><strong><u>Co robisz b\u0119d\u0105c w ko\u015bciele podczas adoracji?<\/u><\/strong><\/p>\n<p>Po prostu wejd\u017a i po przykl\u0119kni\u0119ciu przed monstrancj\u0105, ukl\u0119knij lub usi\u0105d\u017a. Kiedy stajesz twarz\u0105 w twarz z Panem w Eucharystii, mo\u017cesz modli\u0107 si\u0119 w ciszy lub po prostu by\u0107 z Nim, s\u0142uchaj\u0105c Jego cichego, cichego g\u0142osu, kt\u00f3ry do ciebie m\u00f3wi. Niekt\u00f3rzy czytaj\u0105 Bibli\u0119 lub inn\u0105 religijn\u0105 ksi\u0105\u017ck\u0119 lub odmawiaj\u0105 R\u00f3\u017caniec \u015awi\u0119ty lub Koronk\u0119 do Mi\u0142osierdzia Bo\u017cego.<\/p>\n<p>Wielu zostaje na godzin\u0119. Niekt\u00f3rzy zostaj\u0105 na p\u00f3\u0142 godziny, a niekt\u00f3rzy na 5 minut.<\/p>\n<p>Chocia\u017c ka\u017cdy, kto sp\u0119dza czas z Jezusem podczas adoracji Eucharystycznej, prze\u017cywa wyj\u0105tkowe, osobiste prze\u017cycia, to jednak prze\u017cycia te zawsze umacniaj\u0105 jego wi\u0119\u017a z naszym kochaj\u0105cym Zbawicielem.<\/p>\n<p><strong><u>Kim jest adorator zaplanowany i jak nim zosta\u0107?<\/u><\/strong><\/p>\n<p>Podczas wszystkich godzin adoracji istnieje potrzeba, aby adoratorzy byli obecni z Jezusem w Naj\u015bwi\u0119tszym Sakramencie. Niekt\u00f3rzy ludzie s\u0105 w stanie sp\u0119dzi\u0107 czas z Panem przez t\u0119 sam\u0105 godzin\u0119 w ka\u017cd\u0105 \u015brod\u0119 i\/lub pierwszy pi\u0105tek. Ci adoratorzy zobowi\u0105zali si\u0119, aby zapewni\u0107, \u017ce ich godzina zostanie wype\u0142niona w ka\u017cdym tygodniu. Je\u015bli pojawi si\u0119 konflikt, zabezpieczaj\u0105 zast\u0119pc\u0119, kt\u00f3ry ich zast\u0105pi w tym czasie lub zamieniaj\u0105 si\u0119 godzinami z innym zaplanowanym adoratorem (prosz\u0105c przyjaciela lub kogo\u015b z listy zast\u0119pc\u00f3w).<\/p>\n<p>If you feel that you are able to become a scheduled adorer or would be available to serve as a substitute adorer, please contact Dee Gard at 847-769-5091 or &#100;&#x6d;g&#97;&#x72;d&#x31;&#x30;&#64;&#x67;m&#97;&#x69;l&#46;&#x63;&#111;&#x6d;<\/p>\n<blockquote>\n<p><em>\u201eCo do mojego domu, b\u0119dziemy s\u0142u\u017cy\u0107 Panu\u201d Jozuego 24:15<\/em><\/p>\n<\/blockquote>\n<p><strong><u>Jak mog\u0119 dowiedzie\u0107 si\u0119 wi\u0119cej o Prawdziwej Obecno\u015bci Jezusa w Eucharystii i Adoracji Eucharystycznej<\/u><\/strong><\/p>\n<p>Obecnie jeste\u015bmy w drugim roku Narodowego Odrodzenia Eucharystycznego w Stanach Zjednoczonych. W tym roku na poziomie parafii odbywa si\u0119 wiele wydarze\u0144, kt\u00f3re pomagaj\u0105 nam zbli\u017cy\u0107 si\u0119 do Jezusa, poznaj\u0105c lepiej Jego prawdziw\u0105 obecno\u015b\u0107 w Eucharystii.<\/p>\n<p>Jednym z takich wydarze\u0144 w naszej parafii na pocz\u0105tku tego roku by\u0142a 3-tygodniowa wystawa w holu naszego ko\u015bcio\u0142a po\u015bwi\u0119cona Cudom Eucharystycznym \u015awiata. Je\u015bli chcesz dowiedzie\u0107 si\u0119 wi\u0119cej na ten temat i zobaczy\u0107 dodatkowe plakaty, skorzystaj z poni\u017cszego \u0142\u0105cza. Po klikni\u0119ciu tego \u0142\u0105cza przewi\u0144 w d\u00f3\u0142 tej witryny, aby znale\u017a\u0107 cuda z ka\u017cdego kraju. Wybieraj\u0105c dowoln\u0105 z zak\u0142adek u g\u00f3ry tej witryny, mo\u017cesz uzyska\u0107 dost\u0119p do wielu informacji zwi\u0105zanych z Prawdziw\u0105 Obecno\u015bci\u0105 Jezusa.<\/p>\n<p><strong><a href=\"http:\/\/www.therealpresence.org\/eucharst\/mir\/engl_mir.htm\">Cuda Eucharystyczne \u015awiata \u2013 Mi\u0119dzynarodowa Wystawa Watyka\u0144ska<\/a><\/strong><\/p>\n<p>Je\u015bli chcesz dowiedzie\u0107 si\u0119 wi\u0119cej na temat Narodowego Odrodzenia Eucharystycznego, skorzystaj z poni\u017cszego linku, aby uzyska\u0107 dost\u0119p do tych informacji.<\/p>\n<p><a href=\"https:\/\/www.eucharisticrevival.org\/\"><strong>Narodowe odrodzenie Eucharystii: oddolna odpowied\u017a na zaproszenie Boga<\/strong><\/a><\/p>\n<p>W poni\u017cszym linku znajduje si\u0119 bardzo ciekawy kr\u00f3tki film dotycz\u0105cy odrodzenia eucharystycznego<\/p>\n<p><a href=\"https:\/\/youtu.be\/hDNZeBtCjjc\"><strong>Wideo Narodowego Odrodzenia Eucharystycznego<\/strong><\/a><\/p>\n<\/div><\/div><\/div><\/div><\/div>","protected":false},"excerpt":{"rendered":"","protected":false},"author":1,"featured_media":0,"parent":0,"menu_order":0,"comment_status":"closed","ping_status":"closed","template":"","meta":{"_monsterinsights_skip_tracking":false,"_monsterinsights_sitenote_active":false,"_monsterinsights_sitenote_note":"","_monsterinsights_sitenote_category":0,"footnotes":""},"class_list":["post-3513","page","type-page","status-publish","hentry"],"aioseo_notices":[],"_links":{"self":[{"href":"https:\/\/saintmargaretmary.org\/pl\/wp-json\/wp\/v2\/pages\/3513","targetHints":{"allow":["GET"]}}],"collection":[{"href":"https:\/\/saintmargaretmary.org\/pl\/wp-json\/wp\/v2\/pages"}],"about":[{"href":"https:\/\/saintmargaretmary.org\/pl\/wp-json\/wp\/v2\/types\/page"}],"author":[{"embeddable":true,"href":"https:\/\/saintmargaretmary.org\/pl\/wp-json\/wp\/v2\/users\/1"}],"replies":[{"embeddable":true,"href":"https:\/\/saintmargaretmary.org\/pl\/wp-json\/wp\/v2\/comments?post=3513"}],"version-history":[{"count":5,"href":"https:\/\/saintmargaretmary.org\/pl\/wp-json\/wp\/v2\/pages\/3513\/revisions"}],"predecessor-version":[{"id":3931,"href":"https:\/\/saintmargaretmary.org\/pl\/wp-json\/wp\/v2\/pages\/3513\/revisions\/3931"}],"wp:attachment":[{"href":"https:\/\/saintmargaretmary.org\/pl\/wp-json\/wp\/v2\/media?parent=3513"}],"curies":[{"name":"wp","href":"https:\/\/api.w.org\/{rel}","templated":true}]}}