{"id":3531,"date":"2023-08-23T10:24:49","date_gmt":"2023-08-23T15:24:49","guid":{"rendered":"https:\/\/saintmargaretmary.org\/?page_id=3531"},"modified":"2026-04-27T12:53:46","modified_gmt":"2026-04-27T17:53:46","slug":"flocknotes","status":"publish","type":"page","link":"https:\/\/saintmargaretmary.org\/pl\/flocknotes","title":{"rendered":"Flocknotes"},"content":{"rendered":"<div class=\"fusion-fullwidth fullwidth-box fusion-builder-row-1 fusion-flex-container has-pattern-background has-mask-background nonhundred-percent-fullwidth non-hundred-percent-height-scrolling\" style=\"--awb-border-radius-top-left:0px;--awb-border-radius-top-right:0px;--awb-border-radius-bottom-right:0px;--awb-border-radius-bottom-left:0px;--awb-flex-wrap:wrap;\" ><div class=\"fusion-builder-row fusion-row fusion-flex-align-items-flex-start fusion-flex-content-wrap\" style=\"max-width:1248px;margin-left: calc(-4% \/ 2 );margin-right: calc(-4% \/ 2 );\"><div class=\"fusion-layout-column fusion_builder_column fusion-builder-column-0 fusion_builder_column_1_1 1_1 fusion-flex-column\" style=\"--awb-bg-size:cover;--awb-width-large:100%;--awb-margin-top-large:0px;--awb-spacing-right-large:1.92%;--awb-margin-bottom-large:20px;--awb-spacing-left-large:1.92%;--awb-width-medium:100%;--awb-order-medium:0;--awb-spacing-right-medium:1.92%;--awb-spacing-left-medium:1.92%;--awb-width-small:100%;--awb-order-small:0;--awb-spacing-right-small:1.92%;--awb-spacing-left-small:1.92%;\"><div class=\"fusion-column-wrapper fusion-column-has-shadow fusion-flex-justify-content-flex-start fusion-content-layout-column\"><div class=\"fusion-text fusion-text-1\"><div>\n<div><strong>4th Sunday of Easter \u00a0&#8211; April 26th, 2026<\/strong><\/div>\n<div><\/div>\n<div>Today we celebrate the 4<sup>t<\/sup> Sunday of Easter or Good Shepherd Sunday! \u00a0 Christ the Good Shepherd tends us, protects us, and cares for us.<\/div>\n<div>So, as we enter into this Eucharist, let us come to know Christ more deeply as our Good Shepard caring and nurturing us in our journey of faith with Him as one of His flock.<\/div>\n<div><strong>Link do\u00a0<\/strong><a href=\"https:\/\/email-mg.flocknote.com\/c\/eJw0zbFuxCAMgOGngRHFxsFkYOiS9wjY3KHLhSqhlfr2VYZb_-H_JDF4ZLKagJkRkAnsM2GJcfOgIEGYlLXOi8wbYgbxNSy2JZwwTIQBCBDBLeprnkuNJEwxZkNT3Xt5HX2oK_1t9_Qc4_sy_svganDNLe_qfq5Ssuvn41MMrqdu0o7HZXC9AQyu1Le9R02SDwy8zGDPVNohf4am0XPfr1dzhw77m_A_AAD__681PrM\"><strong>Niedziela Rea<\/strong><strong>dings for April 26th, 2026<\/strong><\/a><\/div>\n<\/div>\n<\/div><div class=\"fusion-text fusion-text-2\"><p><img decoding=\"async\" class=\"wp-image-3539 size-full alignnone\" src=\"https:\/\/saintmargaretmary.org\/wp-content\/uploads\/full-1.jpg\" alt=\"\" width=\"328\" height=\"103\" srcset=\"https:\/\/saintmargaretmary.org\/wp-content\/uploads\/full-1-200x63.jpg 200w, https:\/\/saintmargaretmary.org\/wp-content\/uploads\/full-1-300x94.jpg 300w, https:\/\/saintmargaretmary.org\/wp-content\/uploads\/full-1.jpg 328w\" sizes=\"(max-width: 328px) 100vw, 328px\" \/><\/p>\n<ul>\n<li>The end of the 2025 Diocesan Appeal is April 30<sup>t<\/sup>, and we are a bit short of our Parish&#8217;s goal. \u00a0If you have not contributed, please consider doing so, as any shortfall will have to made up from our operating budget. \u00a0See the bulletin for details.<\/li>\n<li>Next Saturday, May 2<sup>i<\/sup>, there will not be an 8:30 AM morning Mass or 9:00 AM Confessions due to First Holy Communion! \u00a0Please pray for our youth on this special day.<\/li>\n<li><strong>(Saturday 4:30 PM, Sunday 7:00 AM and 9:00 AM Only)<\/strong> Stop into the Nazareth room today for a blood pressure screening by our parish health ministry.<\/li>\n<li>For any 8<sup>t<\/sup> graders to seniors graduating from high school, come join the youth in attending the Steubenville Conference in Rochester Minnesota from July 10<sup>t<\/sup> do 12<sup>t<\/sup>.<\/li>\n<li>Join us for an evening together at Feed My Starving Children on Monday, April 27<sup>t<\/sup> from 7:00 PM to 9:00 PM. \u00a0The SHE Ministry is sponsoring this evening, but all women of the parish and family members are welcome and encouraged to join!<\/li>\n<li>Vacation Bible School is right around the corner. Mark your calendars for June 22<sup>i<\/sup> to 26<sup>t<\/sup> in the evening from 5:30 PM to 8:00 PM. Get registered before it fills up.<\/li>\n<li>Join several St. Margaret Mary parishioners along with 7,000 of the faithful on a 22-mile walking pilgrimage from the Shrine of Saint Joseph in De Pere, Wisconsin to Our Lady of Good Help in Champion, Wisconsin on May 2<sup>i<\/sup>starting at 2:30AM to 11:00 PM. \u00a0Pickup and return via coach bus from St. Margaret Mary. \u00a0 Please grab a flyer in the lobby today for more information.<\/li>\n<li>\n<div>Odwied\u017a sklep The Walking Together Resale Shop i zapoznaj si\u0119 z ofertami specjalnymi tygodnia.<\/div>\n<\/li>\n<li>Je\u015bli chcesz zamie\u015bci\u0107 reklam\u0119 w naszym biuletynie, instrukcje znajdziesz w biuletynie.<\/li>\n<li>Zapisz si\u0119 do programu Raise Right ju\u017c teraz. Instrukcje znajdziesz w Biuletynie i w Lobby.<\/li>\n<li>Darowizny na rzecz St. Margaret Mary mo\u017cna sk\u0142ada\u0107 co tydzie\u0144 poprzez offertorium przy wej\u015bciu do ko\u015bcio\u0142a lub online poprzez give central. Dzi\u0119kujemy wszystkim za hojno\u015b\u0107 w celu wsparcia naszej parafii w St Margaret Mary.<\/li>\n<\/ul>\n<\/div><div ><a class=\"fusion-button button-3d button-large button-default fusion-button-default button-1 fusion-button-default-span\" target=\"_self\" href=\"https:\/\/stmargaretmary111.flocknote.com\/everyone\"><span class=\"fusion-button-text awb-button__text awb-button__text--default\">Zarejestruj si\u0119 na Flocknotes<\/span><\/a><\/div><\/div><\/div><\/div><\/div>","protected":false},"excerpt":{"rendered":"","protected":false},"author":1,"featured_media":0,"parent":0,"menu_order":0,"comment_status":"closed","ping_status":"closed","template":"","meta":{"_monsterinsights_skip_tracking":false,"_monsterinsights_sitenote_active":false,"_monsterinsights_sitenote_note":"","_monsterinsights_sitenote_category":0,"footnotes":""},"class_list":["post-3531","page","type-page","status-publish","hentry"],"aioseo_notices":[],"_links":{"self":[{"href":"https:\/\/saintmargaretmary.org\/pl\/wp-json\/wp\/v2\/pages\/3531","targetHints":{"allow":["GET"]}}],"collection":[{"href":"https:\/\/saintmargaretmary.org\/pl\/wp-json\/wp\/v2\/pages"}],"about":[{"href":"https:\/\/saintmargaretmary.org\/pl\/wp-json\/wp\/v2\/types\/page"}],"author":[{"embeddable":true,"href":"https:\/\/saintmargaretmary.org\/pl\/wp-json\/wp\/v2\/users\/1"}],"replies":[{"embeddable":true,"href":"https:\/\/saintmargaretmary.org\/pl\/wp-json\/wp\/v2\/comments?post=3531"}],"version-history":[{"count":155,"href":"https:\/\/saintmargaretmary.org\/pl\/wp-json\/wp\/v2\/pages\/3531\/revisions"}],"predecessor-version":[{"id":5505,"href":"https:\/\/saintmargaretmary.org\/pl\/wp-json\/wp\/v2\/pages\/3531\/revisions\/5505"}],"wp:attachment":[{"href":"https:\/\/saintmargaretmary.org\/pl\/wp-json\/wp\/v2\/media?parent=3531"}],"curies":[{"name":"wp","href":"https:\/\/api.w.org\/{rel}","templated":true}]}}