{"id":37,"date":"2020-06-29T19:33:02","date_gmt":"2020-06-29T19:33:02","guid":{"rendered":"https:\/\/saintmargaretmary.org\/?page_id=37"},"modified":"2026-02-25T16:11:53","modified_gmt":"2026-02-25T22:11:53","slug":"bible-study-prayer-groups","status":"publish","type":"page","link":"https:\/\/saintmargaretmary.org\/pl\/bible-study-prayer-groups","title":{"rendered":"Studia Biblijne i Grupy Modlitewne"},"content":{"rendered":"<p><div class=\"fusion-fullwidth fullwidth-box fusion-builder-row-1 fusion-flex-container nonhundred-percent-fullwidth non-hundred-percent-height-scrolling\" style=\"--awb-border-radius-top-left:0px;--awb-border-radius-top-right:0px;--awb-border-radius-bottom-right:0px;--awb-border-radius-bottom-left:0px;--awb-flex-wrap:wrap;\" ><div class=\"fusion-builder-row fusion-row fusion-flex-align-items-flex-start fusion-flex-content-wrap\" style=\"max-width:1248px;margin-left: calc(-4% \/ 2 );margin-right: calc(-4% \/ 2 );\"><div class=\"fusion-layout-column fusion_builder_column fusion-builder-column-0 fusion_builder_column_1_1 1_1 fusion-flex-column\" style=\"--awb-bg-size:cover;--awb-width-large:100%;--awb-margin-top-large:0px;--awb-spacing-right-large:1.92%;--awb-margin-bottom-large:20px;--awb-spacing-left-large:1.92%;--awb-width-medium:100%;--awb-order-medium:0;--awb-spacing-right-medium:1.92%;--awb-spacing-left-medium:1.92%;--awb-width-small:100%;--awb-order-small:0;--awb-spacing-right-small:1.92%;--awb-spacing-left-small:1.92%;\"><div class=\"fusion-column-wrapper fusion-column-has-shadow fusion-flex-justify-content-flex-start fusion-content-layout-column\"><div class=\"fusion-text fusion-text-1\"><h4 class=\"fusion-responsive-typography-calculated\" style=\"--fontsize: 24; line-height: 1.2;\" data-fontsize=\"24\" data-lineheight=\"28.799999237060547px\">Studia Biblijne i Grupy Modlitewne<strong><br \/>\n<\/strong><\/h4>\n<div class=\"gmail_default\">\n<p><strong>Studium Biblii lub Pisma \u015awi\u0119tego<\/strong> jest og\u00f3lnie definiowane jako nauka tego, co konkretna ksi\u0119ga Biblii m\u00f3wi i oznacza. \u015awi\u0119te Pisma Biblii zosta\u0142y napisane w r\u00f3\u017cnych czasach i w r\u00f3\u017cnych stylach, r\u00f3\u017cnych gatunkach literackich i r\u00f3\u017cnych j\u0119zykach, w kt\u00f3rych czytamy je dzisiaj. Aby w pe\u0142ni zrozumie\u0107 tekst, konieczne jest poznanie autora, zamierzonego czytelnika, sytuacji, rodzaju literatury i j\u0119zyka. Jako katolicy wierzymy og\u00f3lnie w kontekstowe podej\u015bcie do czytania i rozumienia Pisma \u015awi\u0119tego i jako katolicy ostatecznie prosimy ko\u015bci\u00f3\u0142 o przekazanie ostatecznego znaczenia tekstu. Aby lepiej zrozumie\u0107 katolickie podej\u015bcie do Pisma \u015awi\u0119tego, prosimy <a href=\"https:\/\/saintmargaretmary.org\/wp-content\/uploads\/the_word_of_god.pdf\">pobierz (PDF)<\/a> dokument wyja\u015bniaj\u0105cy katolickie podej\u015bcie do rozumienia S\u0142owa Bo\u017cego.<\/p>\n<p><strong>Biblia lub refleksja nad Pismem \u015awi\u0119tym <\/strong>jest inny. Pyta nas nie o to, co dany fragment oznacza, ale jak on nas inspiruje. Nie jest to Pismo \u015awi\u0119te ani Studium Biblii, ale refleksja nad fragmentem Pisma \u015awi\u0119tego.<\/p>\n<\/div>\n<\/div><\/div><\/div><\/div><\/div><div class=\"fusion-fullwidth fullwidth-box fusion-builder-row-2 fusion-flex-container nonhundred-percent-fullwidth non-hundred-percent-height-scrolling\" style=\"--awb-border-radius-top-left:0px;--awb-border-radius-top-right:0px;--awb-border-radius-bottom-right:0px;--awb-border-radius-bottom-left:0px;--awb-flex-wrap:wrap;\" ><div class=\"fusion-builder-row fusion-row fusion-flex-align-items-flex-start fusion-flex-content-wrap\" style=\"max-width:1248px;margin-left: calc(-4% \/ 2 );margin-right: calc(-4% \/ 2 );\"><div class=\"fusion-layout-column fusion_builder_column fusion-builder-column-1 fusion_builder_column_1_1 1_1 fusion-flex-column\" style=\"--awb-bg-size:cover;--awb-width-large:100%;--awb-margin-top-large:0px;--awb-spacing-right-large:1.92%;--awb-margin-bottom-large:20px;--awb-spacing-left-large:1.92%;--awb-width-medium:100%;--awb-order-medium:0;--awb-spacing-right-medium:1.92%;--awb-spacing-left-medium:1.92%;--awb-width-small:100%;--awb-order-small:0;--awb-spacing-right-small:1.92%;--awb-spacing-left-small:1.92%;\"><div class=\"fusion-column-wrapper fusion-column-has-shadow fusion-flex-justify-content-flex-start fusion-content-layout-column\"><div class=\"fusion-text fusion-text-2\"><h4><span style=\"font-size: 14pt;\">Studium Biblii Jesienne<\/span><\/h4>\n<p>Szczeg\u00f3\u0142y wkr\u00f3tce!<\/p>\n<h4><span style=\"font-size: 14pt;\">Studium Biblijne Wiosenne<\/span><\/h4>\n<p><strong>Gdy:<\/strong>\u00a0Wtorki w godzinach 13:00-15:00 \u2014 LUB \u2014 19:30-21:00 ~ Centrum Ministerstwa<\/p>\n<p>Ten <em>Ksi\u0119ga Izajasza<\/em> jest cytowany w Nowym Testamencie cz\u0119\u015bciej ni\u017c jakikolwiek inny tekst Starego Testamentu, poza <em>Psalmy.<\/em> Izajasz uzna\u0142, \u017ce \u017cycie w obecno\u015bci tak \u015bwi\u0119tego Boga wymaga\u0142o etycznego zachowania i polegania na obietnicach Boga. <em>Nowa ameryka\u0144ska Biblia<\/em> wst\u0119p do ksi\u0105\u017cki opisuje j\u0105 jako wyroczni\u0119 \u201eo wyj\u0105tkowej poetyckiej urodzie i mocy\u2026 w kt\u00f3rej zaskakuj\u0105ce zmiany sk\u0142adni, \u015bmia\u0142e kalambury i podw\u00f3jne lub potr\u00f3jne znaczenie s\u0105 sta\u0142\u0105 cech\u0105\u201d. Zaj\u0119cia odbywaj\u0105 si\u0119 w <strong>Centrum Ministerstwa<\/strong> na trzyna\u015bcie popo\u0142udni (13:00-15:00)<em><strong> Lub<\/strong> <\/em>sesje wieczorne (7:30-9:00 PM) we wtorki i chocia\u017c zaj\u0119cia rozpocz\u0119\u0142y si\u0119 17 stycznia, nie jest za p\u00f3\u017ano, aby do\u0142\u0105czy\u0107. Sesje trwaj\u0105 do 2 maja z 3-tygodniow\u0105 przerw\u0105 od 14 do 28 lutego. Mo\u017cesz odebra\u0107 arkusz informacyjny w biurze ko\u015bcielnym, aby dowiedzie\u0107 si\u0119 wi\u0119cej.<\/p>\n<p>Aby si\u0119 zapisa\u0107, mo\u017cesz odwiedzi\u0107 lub zadzwoni\u0107 do biura parafialnego, albo po prostu pojawi\u0107 si\u0119 we wtorek po po\u0142udniu lub wieczorem. Op\u0142ata za materia\u0142y wynosi $15 za ksi\u0105\u017cki. <em><strong>Zapraszamy zar\u00f3wno osoby m\u0142ode, jak i senior\u00f3w.<\/strong><\/em><\/p>\n<p>Pytania? Prosimy o kontakt ze Stevem Kuffnerem pod numerem 847-302-7433 lub z biurem parafii pod numerem 847-658-7625.<\/p>\n<\/div><\/div><\/div><\/div><\/div><div class=\"fusion-fullwidth fullwidth-box fusion-builder-row-3 fusion-flex-container nonhundred-percent-fullwidth non-hundred-percent-height-scrolling\" style=\"--awb-border-radius-top-left:0px;--awb-border-radius-top-right:0px;--awb-border-radius-bottom-right:0px;--awb-border-radius-bottom-left:0px;--awb-flex-wrap:wrap;\" ><div class=\"fusion-builder-row fusion-row fusion-flex-align-items-flex-start fusion-flex-content-wrap\" style=\"max-width:1248px;margin-left: calc(-4% \/ 2 );margin-right: calc(-4% \/ 2 );\"><div class=\"fusion-layout-column fusion_builder_column fusion-builder-column-2 fusion_builder_column_1_1 1_1 fusion-flex-column\" style=\"--awb-bg-size:cover;--awb-width-large:100%;--awb-margin-top-large:0px;--awb-spacing-right-large:1.92%;--awb-margin-bottom-large:20px;--awb-spacing-left-large:1.92%;--awb-width-medium:100%;--awb-order-medium:0;--awb-spacing-right-medium:1.92%;--awb-spacing-left-medium:1.92%;--awb-width-small:100%;--awb-order-small:0;--awb-spacing-right-small:1.92%;--awb-spacing-left-small:1.92%;\"><div class=\"fusion-column-wrapper fusion-column-has-shadow fusion-flex-justify-content-flex-start fusion-content-layout-column\"><div class=\"fusion-text fusion-text-3\"><h2><span style=\"font-size: 18pt;\">Grupa modlitewna \u201eW Duchu i w Prawdzie\u201d<\/span><\/h2>\n<p>Grupa modlitewna In Spirit and In Truth spotyka si\u0119 w 2. i 4. pi\u0105tek ka\u017cdego miesi\u0105ca o 20:00 w McDonnell Hall. Poprzez modlitw\u0119, Pismo \u015awi\u0119te, \u015bwiadectwo, uwielbienie i \u015bpiew dzielimy si\u0119 nasz\u0105 wiar\u0105 i rozwijamy zaufanie do Ducha \u015awi\u0119tego. <em>\u201eGdzie dw\u00f3ch lub wi\u0119cej jest zgromadzonych w imi\u0119 moje, tam jestem ja\u201d.<\/em><\/p>\n<p>Przyjd\u017a na spotkanie lub zadzwo\u0144 do Johna Moriciego \u2013 847-915-0223 lub MaryAnn Watt \u2013 847-854-3178, aby uzyska\u0107 wi\u0119cej informacji. Popro\u015b o umieszczenie na naszej li\u015bcie e-mailowej na nadchodz\u0105ce wydarzenia.<\/p>\n<p><em>Zapraszamy wszystkich!<\/em><\/p>\n<\/div><\/div><\/div><\/div><\/div><div class=\"fusion-fullwidth fullwidth-box fusion-builder-row-4 fusion-flex-container nonhundred-percent-fullwidth non-hundred-percent-height-scrolling\" style=\"--awb-border-radius-top-left:0px;--awb-border-radius-top-right:0px;--awb-border-radius-bottom-right:0px;--awb-border-radius-bottom-left:0px;--awb-flex-wrap:wrap;\" ><div class=\"fusion-builder-row fusion-row fusion-flex-align-items-flex-start fusion-flex-content-wrap\" style=\"max-width:1248px;margin-left: calc(-4% \/ 2 );margin-right: calc(-4% \/ 2 );\"><div class=\"fusion-layout-column fusion_builder_column fusion-builder-column-3 fusion_builder_column_1_1 1_1 fusion-flex-column\" style=\"--awb-bg-size:cover;--awb-width-large:100%;--awb-margin-top-large:0px;--awb-spacing-right-large:1.92%;--awb-margin-bottom-large:20px;--awb-spacing-left-large:1.92%;--awb-width-medium:100%;--awb-order-medium:0;--awb-spacing-right-medium:1.92%;--awb-spacing-left-medium:1.92%;--awb-width-small:100%;--awb-order-small:0;--awb-spacing-right-small:1.92%;--awb-spacing-left-small:1.92%;\"><div class=\"fusion-column-wrapper fusion-column-has-shadow fusion-flex-justify-content-flex-start fusion-content-layout-column\"><div class=\"fusion-text fusion-text-4\"><h4><strong>Grupy modlitewne<\/strong><\/h4>\n<h5><strong>GRUPY MODLITEWNE DLA M\u0118\u017bCZYZN<\/strong><\/h5>\n<p>Saturday Mornings &#8211; 6:00 AM &#8211; This Man is You<\/p>\n<div class=\"page\" title=\"Strona 8\">\n<div class=\"section\">\n<div class=\"layoutArea\">\n<div class=\"column\">\n<p>Wednesday Evenings &#8211; 7:00 PM (in person and Zoom)<br \/>\n<em>Skontaktuj si\u0119 z Dave&#039;em Philippsem pod numerem 815-347-6093<\/em><\/p>\n<\/div>\n<\/div>\n<\/div>\n<\/div>\n<h5><strong>GRUPY MODLITEWNE DLA KOBIET<\/strong><\/h5>\n<p>Wednesday Mornings &#8211; 9:30 AM (in person and Zoom)<br \/>\n<em>Skontaktuj si\u0119 z Mary Philipps pod adresem <\/em><em>847 650-6852<\/em><br \/>\n<em><a href=\"\/pl\/&\/#x6d;a&#x69;&#108;&#x74;&#111;:&#x50;&#104;&#x69;&#108;i&#x70;&#112;&#x73;&#77;D&#x32;0&#x30;&#48;&#x40;&#x79;a&#x68;&#111;&#x6f;&#46;c&#x6f;&#109;\">E-mail<\/a><\/em><\/p>\n<\/div><\/div><\/div><\/div><\/div><\/p>","protected":false},"excerpt":{"rendered":"","protected":false},"author":1,"featured_media":0,"parent":0,"menu_order":0,"comment_status":"closed","ping_status":"closed","template":"","meta":{"_monsterinsights_skip_tracking":false,"_monsterinsights_sitenote_active":false,"_monsterinsights_sitenote_note":"","_monsterinsights_sitenote_category":0,"footnotes":""},"class_list":["post-37","page","type-page","status-publish","hentry"],"aioseo_notices":[],"_links":{"self":[{"href":"https:\/\/saintmargaretmary.org\/pl\/wp-json\/wp\/v2\/pages\/37","targetHints":{"allow":["GET"]}}],"collection":[{"href":"https:\/\/saintmargaretmary.org\/pl\/wp-json\/wp\/v2\/pages"}],"about":[{"href":"https:\/\/saintmargaretmary.org\/pl\/wp-json\/wp\/v2\/types\/page"}],"author":[{"embeddable":true,"href":"https:\/\/saintmargaretmary.org\/pl\/wp-json\/wp\/v2\/users\/1"}],"replies":[{"embeddable":true,"href":"https:\/\/saintmargaretmary.org\/pl\/wp-json\/wp\/v2\/comments?post=37"}],"version-history":[{"count":23,"href":"https:\/\/saintmargaretmary.org\/pl\/wp-json\/wp\/v2\/pages\/37\/revisions"}],"predecessor-version":[{"id":5204,"href":"https:\/\/saintmargaretmary.org\/pl\/wp-json\/wp\/v2\/pages\/37\/revisions\/5204"}],"wp:attachment":[{"href":"https:\/\/saintmargaretmary.org\/pl\/wp-json\/wp\/v2\/media?parent=37"}],"curies":[{"name":"wp","href":"https:\/\/api.w.org\/{rel}","templated":true}]}}