{"id":39,"date":"2020-06-29T19:46:28","date_gmt":"2020-06-29T19:46:28","guid":{"rendered":"https:\/\/saintmargaretmary.org\/?page_id=39"},"modified":"2026-02-25T16:11:53","modified_gmt":"2026-02-25T22:11:53","slug":"catholics-returning-home","status":"publish","type":"page","link":"https:\/\/saintmargaretmary.org\/pl\/catholics-returning-home","title":{"rendered":"Katolicy wracaj\u0105 do domu"},"content":{"rendered":"<div class=\"fusion-fullwidth fullwidth-box fusion-builder-row-1 fusion-flex-container nonhundred-percent-fullwidth non-hundred-percent-height-scrolling\" style=\"--awb-border-radius-top-left:0px;--awb-border-radius-top-right:0px;--awb-border-radius-bottom-right:0px;--awb-border-radius-bottom-left:0px;--awb-flex-wrap:wrap;\" ><div class=\"fusion-builder-row fusion-row fusion-flex-align-items-flex-start fusion-flex-content-wrap\" style=\"max-width:1248px;margin-left: calc(-4% \/ 2 );margin-right: calc(-4% \/ 2 );\"><div class=\"fusion-layout-column fusion_builder_column fusion-builder-column-0 fusion_builder_column_1_1 1_1 fusion-flex-column\" style=\"--awb-bg-size:cover;--awb-width-large:100%;--awb-margin-top-large:0px;--awb-spacing-right-large:1.92%;--awb-margin-bottom-large:20px;--awb-spacing-left-large:1.92%;--awb-width-medium:100%;--awb-order-medium:0;--awb-spacing-right-medium:1.92%;--awb-spacing-left-medium:1.92%;--awb-width-small:100%;--awb-order-small:0;--awb-spacing-right-small:1.92%;--awb-spacing-left-small:1.92%;\"><div class=\"fusion-column-wrapper fusion-column-has-shadow fusion-flex-justify-content-flex-start fusion-content-layout-column\"><div class=\"fusion-text fusion-text-1\"><h5 align=\"left\"><strong>WITAMY W DOMU!<\/strong><\/h5>\n<p>Dzisiaj nie musimy szuka\u0107 daleko, aby znale\u017a\u0107 ludzi, kt\u00f3rzy zostali wychowani jako rzymscy katolicy, a przez lata od\u0142\u0105czyli si\u0119 od Ko\u015bcio\u0142a. By\u0107 mo\u017ce w twojej rodzinie lub nawet w tobie by\u0142 kto\u015b, kto zosta\u0142 wychowany jako katolik, ale nie uczestniczy ju\u017c aktywnie w parafii.<\/p>\n<h5 align=\"left\"><strong>Dlaczego? <img decoding=\"async\" class=\"alignright wp-image-2771 size-full\" src=\"https:\/\/saintmargaretmary.org\/wp-content\/uploads\/prayer_merton.gif\" alt=\"\" width=\"300\" height=\"475\" \/><\/strong><\/h5>\n<p align=\"left\">Istnieje wiele powod\u00f3w, dla kt\u00f3rych ludzie od\u0142\u0105czaj\u0105 si\u0119 od swojej wsp\u00f3lnoty wiary z powodu urodzenia. U niekt\u00f3rych jest to spowodowane nieporozumieniem lub niejasno\u015bci\u0105 dotycz\u0105c\u0105 nauk Ko\u015bcio\u0142a, cz\u0119sto w sytuacji rozwodu i ponownego ma\u0142\u017ce\u0144stwa. Czasami separacja nast\u0119puje z powodu nieporozumienia z ksi\u0119dzem, siostr\u0105 zakonn\u0105 lub innym cz\u0142onkiem ko\u015bcio\u0142a. Czasami ludzie s\u0105 rozczarowani pozornym brakiem wiary lub hipokryzj\u0105 niekt\u00f3rych cz\u0142onk\u00f3w Ko\u015bcio\u0142a. U innych powodem dystansu, kt\u00f3ry narasta mi\u0119dzy nimi a Ko\u015bcio\u0142em, jest nieporozumienie teologiczne lub moralne. Niekt\u00f3rzy s\u0105 po prostu zszokowani i zgorszeni tym, \u017ce niekt\u00f3rzy ksi\u0119\u017ca i biskupi dopuszczaj\u0105 si\u0119 nadu\u017cy\u0107 wobec ludzi.<a href=\"https:\/\/saintmargaretmary.org\/pl\/catholics-returning-home\/\"><br \/>\n<\/a><\/p>\n<p align=\"left\"><strong>Ko\u015bci\u00f3\u0142 jest boski i ludzki <\/strong><\/p>\n<p align=\"left\">Rozumiemy, \u017ce chocia\u017c Ko\u015bci\u00f3\u0142 jest prowadzony przez Boga, Ko\u015bci\u00f3\u0142 to ludzie, a my wszyscy jeste\u015bmy grzesznikami. Je\u015bli w jaki\u015b spos\u00f3b mo\u017cemy Ci\u0119 poprawi\u0107, uzdrowi\u0107 lub poinformowa\u0107 w Twojej sytuacji, byliby\u015bmy bardzo wdzi\u0119czni Bogu. Nikt nie powinien by\u0107 niesprawiedliwie zraniony, zw\u0142aszcza je\u015bli ten b\u00f3l pochodzi od organizacji, kt\u00f3ra zosta\u0142a stworzona, aby \u017cy\u0107 \u017cyciem Jezusa. Nasz personel parafialny b\u0119dzie dost\u0119pny, aby spotka\u0107 si\u0119 z Tob\u0105 i zrobi\u0107, co mo\u017cemy, aby doprowadzi\u0107 do uzdrowienia.<\/p>\n<p>Czasami nie mo\u017cna zrobi\u0107 nic, tylko s\u0142ucha\u0107. Czasami mo\u017cemy by\u0107 instrumentami uzdrawiania.<\/p>\n<p>Czasami mo\u017cemy by\u0107 nie tylko instrumentami uzdrawiania, ale katalizatorem odbudowy relacji z Bogiem lub Ko\u015bcio\u0142em. Z pewno\u015bci\u0105 korygujemy b\u0142\u0119dne informacje, kt\u00f3re mog\u0142y zosta\u0107 podane lub wyja\u015bniamy racjonalne powody, dla kt\u00f3rych Ko\u015bci\u00f3\u0142 wierzy w to, w co wierzy. Mo\u017cemy da\u0107 ci okazj\u0119, aby spojrze\u0107 na Ko\u015bci\u00f3\u0142, kt\u00f3ry kiedy\u015b by\u0142 drogi twojemu sercu i mo\u017ce dzieli\u0107 si\u0119 \u0142askami Pana w sakramentach.<\/p>\n<\/div><div class=\"fusion-reading-box-container reading-box-container-1\" style=\"--awb-title-color:var(--awb-color6);--awb-margin-top:0px;--awb-margin-bottom:20px;\"><div class=\"reading-box\" style=\"background-color:var(--awb-color3);border-width:1px;border-color:rgba(226,226,226,0);border-left-width:3px;border-left-color:var(--primary_color);border-style:solid;\"><div class=\"reading-box-additional\">\n<p><em>\u201eKiedy my\u015bl\u0119 o swoim do\u015bwiadczeniu, pierwszym s\u0142owem, kt\u00f3re przychodzi mi na my\u015bl, jest \u201ego\u015bcinne\u201d. By\u0142em szcz\u0119\u015bliwy, \u017ce spotka\u0142em ludzi, kt\u00f3rzy tak bardzo interesowali si\u0119 moimi do\u015bwiadczeniami i byli ch\u0119tni, aby zaoferowa\u0107 pomoc, kt\u00f3rej szuka\u0142em. By\u0142a to okazja, aby dowiedzie\u0107 si\u0119 wi\u0119cej o mojej wierze od diakon\u00f3w i innych os\u00f3b, i ponownie poczu\u0107 si\u0119 mile widzian\u0105 cz\u0119\u015bci\u0105 Ko\u015bcio\u0142a\u201d.<\/em><\/p>\n<\/div><div class=\"fusion-clearfix\"><\/div><\/div><\/div><div class=\"fusion-text fusion-text-2\"><p><strong>B\u00f3l i nieporozumienie <\/strong><\/p>\n<p>My, w ko\u015bciele \u015bw. Ma\u0142gorzaty Marii, jeste\u015bmy zaniepokojeni b\u00f3lem i nieporozumieniem, kt\u00f3re towarzysz\u0105 temu rozstaniu. Chcieliby\u015bmy wys\u0142ucha\u0107 waszych do\u015bwiadcze\u0144 i wyja\u015bni\u0107 wszelkie nieporozumienia. Wierzymy, \u017ce uzdrowienie nast\u0119puje tylko wtedy, gdy jeste\u015bcie w stanie m\u00f3wi\u0107 o b\u00f3lu i wyj\u015b\u0107 poza niego do miejsca pokoju. Dlatego zach\u0119camy ka\u017cdego, kto zosta\u0142 skrzywdzony przez osoby z ko\u015bcio\u0142a lub przedstawicieli ko\u015bcio\u0142a, aby przyszed\u0142 i porozmawia\u0142 o tym. Ten b\u00f3l obci\u0105\u017ca osob\u0119 i cz\u0119sto wysysa z niej energi\u0119 \u017cyciow\u0105, uniemo\u017cliwiaj\u0105c jej wyj\u015bcie poza ten b\u00f3l.<\/p>\n<p><strong>Rozwody i uniewa\u017cnienia<br \/>\n<\/strong><\/p>\n<p>Po rozwodzie katolik cz\u0119sto znajduje si\u0119 w \u015brodku \u015bwiata, w kt\u00f3rym kr\u0105\u017c\u0105 informacje prowadz\u0105ce do zamieszania co do praktykowania wiary. Prawd\u0105 jest, \u017ce twoja wiara katolicka jest kluczem do twojego uzdrowienia po rozwodzie i jest niezb\u0119dna do \u017cycia pe\u0142nego obietnic, pokoju i rado\u015bci.<\/p>\n<p>Kliknij tutaj, aby uzyska\u0107 link do odpowiedzi na pytania, kt\u00f3re mo\u017cesz mie\u0107:<\/p>\n<p><a href=\"https:\/\/www.catholicscomehome.org\/your-questions\/marriage\/divorce-annulments\/\">Rozwody i uniewa\u017cnienia | Katolicy wracaj\u0105 do domu<\/a><\/p>\n<\/div><div class=\"fusion-reading-box-container reading-box-container-2\" style=\"--awb-title-color:var(--awb-color6);--awb-margin-top:0px;--awb-margin-bottom:20px;\"><div class=\"reading-box\" style=\"background-color:var(--awb-color3);border-width:1px;border-color:rgba(226,226,226,0);border-left-width:3px;border-left-color:var(--primary_color);border-style:solid;\"><div class=\"reading-box-additional\">\n<p><em>\u201eJe\u015bli wahasz si\u0119, czy wr\u00f3ci\u0107 do ko\u015bcio\u0142a; by\u0107 mo\u017ce by\u0142e\u015b nieobecny przez d\u0142ugi czas, zapomnia\u0142e\u015b o niekt\u00f3rych zwyczajach lub po prostu czujesz si\u0119 zagubiony i my\u015blisz o powrocie do swojej wiary, z pewno\u015bci\u0105 poczu\u0142em pustk\u0119. Gor\u0105co zach\u0119cam do udzia\u0142u w sesjach Catholics Returning Home. Wiem, \u017ce nie czu\u0142em si\u0119 \u201ew domu\u201d, odk\u0105d opu\u015bci\u0142em ko\u015bci\u00f3\u0142 25 lat wcze\u015bniej. Wiele si\u0119 zmieni\u0142o i to na lepsze! Te sesje by\u0142y jak ciep\u0142e, szeroko otwarte powitanie w domu bez os\u0105dzania, po prostu akceptacja. Czu\u0142em si\u0119 swobodnie, zadaj\u0105c dowolne pytanie, a prowadz\u0105cy byli tak pocieszaj\u0105cy i serdeczni. Nie przegap okazji, aby poczu\u0107 si\u0119 cz\u0119\u015bci\u0105 katolickiej rodziny, poniewa\u017c ni\u0105 jeste\u015b i t\u0119sknili\u015bmy za tob\u0105\u201d.<\/em><\/p>\n<\/div><div class=\"fusion-clearfix\"><\/div><\/div><\/div><div class=\"fusion-text fusion-text-3\"><p><strong>Nadu\u017cywa\u0107 <\/strong><\/p>\n<p><em>Czy pad\u0142e\u015b ofiar\u0105 molestowania seksualnego ze strony cz\u0142onka Ko\u015bcio\u0142a?<\/em><\/p>\n<p>Najwa\u017cniejsze jest, aby zg\u0142osi\u0107 to nadu\u017cycie. Mo\u017cesz pobra\u0107 dokument ze strony internetowej Diecezji Rockford, kt\u00f3ry wskazuje kroki, jakie nale\u017cy podj\u0105\u0107, aby sobie z tym poradzi\u0107. Nadu\u017cycie jest zar\u00f3wno grzeszne, jak i nielegalne i nale\u017cy je zg\u0142osi\u0107 zar\u00f3wno policji, jak i Diecezji.<\/p>\n<p>Aby zg\u0142osi\u0107 przypadek nadu\u017cycia seksualnego ze strony duchownego, osoby zakonnej lub \u015bwieckiej powi\u0105zanej z diecezj\u0105 Rockford, skontaktuj si\u0119 z lokaln\u0105 policj\u0105 i zadzwo\u0144 na infolini\u0119 dla ofiar nadu\u017cy\u0107: <strong>815-962-9347.<\/strong><\/p>\n<p>Je\u017celi nadu\u017cycie dotyczy osoby nieletniej, nale\u017cy r\u00f3wnie\u017c skontaktowa\u0107 si\u0119 z Departamentem ds. Dzieci i Us\u0142ug Rodzinnych stanu Illinois pod adresem: <strong>1-800-25-NADU\u017bYCIE.<\/strong><\/p>\n<\/div><div class=\"fusion-reading-box-container reading-box-container-3\" style=\"--awb-title-color:var(--awb-color6);--awb-margin-top:0px;--awb-margin-bottom:20px;\"><div class=\"reading-box reading-box-center\" style=\"background-color:var(--awb-color3);border-width:1px;border-color:rgba(226,226,226,0);border-left-width:3px;border-left-color:var(--primary_color);border-style:solid;\"><div class=\"reading-box-additional\">\n<p style=\"text-align: left;\"><em>\u201eNaprawd\u0119 wierz\u0119, \u017ce Duch \u015awi\u0119ty poprowadzi\u0142 mnie do CRH, gdy by\u0142em gotowy powr\u00f3ci\u0107 do Ko\u015bcio\u0142a po 40 latach nieobecno\u015bci.<\/em><\/p>\n<p style=\"text-align: left;\"><em>Pos\u0142uga duszpasterska delikatnie uczy\u0142a mnie sakrament\u00f3w i katechizmu, o kt\u00f3rych dawno zapomnia\u0142em.<\/em><\/p>\n<p style=\"text-align: left;\"><em>Najbardziej w powrocie lubi\u0119 adoracj\u0119 Naj\u015bwi\u0119tszego Sakramentu \u2013 nigdy wcze\u015bniej nie wiedzia\u0142am, \u017ce co\u015b takiego istnieje.<\/em><\/p>\n<\/div><div class=\"fusion-clearfix\"><\/div><\/div><\/div><div class=\"fusion-text fusion-text-4\"><p><strong>Przepraszam za wszelkie szkody<\/strong><\/p>\n<p>Chcieliby\u015bmy przeprosi\u0107 za wszelkie krzywdy, kt\u00f3re wyrz\u0105dzi\u0142 Ko\u015bci\u00f3\u0142 lub jego przyw\u00f3dcy. Korzystamy z okazji, aby prosi\u0107 o wybaczenie za te krzywdy, wiedz\u0105c, \u017ce Ko\u015bci\u00f3\u0142 nie jest Kr\u00f3lestwem Bo\u017cym, ale \u015brodkiem do Kr\u00f3lestwa i sk\u0142ada si\u0119 z ludzi, kt\u00f3rzy s\u0105 grzesznikami szukaj\u0105cymi odkupienia w zbawczej \u0142asce Chrystusa Jezusa. W idealnym przypadku Ko\u015bci\u00f3\u0142 powinien by\u0107 doskona\u0142ym modelem \u017cycia drog\u0105 Chrystusa, ale on r\u00f3wnie\u017c, tak jak my wszyscy, potrzebuje odkupienia przez Chrystusa Jezusa.<em><br \/>\n<\/em><\/p>\n<\/div><div class=\"fusion-text fusion-text-5\"><p><strong>Ponowne stawanie si\u0119 aktywnym <\/strong><strong><br \/>\n<\/strong><\/p>\n<p>Leczenie ran i odpowiadanie na pytania, kt\u00f3re spowodowa\u0142y, \u017ce ludzie stali si\u0119 nieaktywnymi katolikami, nie jest procesem natychmiastowym. Najpierw oznacza to zaj\u0119cie si\u0119 przyczyn\u0105, a nast\u0119pnie jest to proces odbudowy fundament\u00f3w wiary. Wierzymy, \u017ce Jezus jest Synem Bo\u017cym i przyszed\u0142, aby pokaza\u0107 nam drog\u0119 do \u017cycia na ca\u0142\u0105 wieczno\u015b\u0107. Zgromadzi\u0142 i naucza\u0142 swoich aposto\u0142\u00f3w podczas trzech lat swojej publicznej pos\u0142ugi. Naucza\u0142 tym, co robi\u0142 i tym, co m\u00f3wi\u0142. Mamy zapis nauczania Jezusa w ko\u015bciele zar\u00f3wno w pismach \u015bwi\u0119tych, jak i doktrynach ko\u015bcio\u0142a. Jeste\u015bmy Ko\u015bcio\u0142em Apostolskim \u2014 co oznacza, \u017ce nasze zrozumienie tego, czego naucza\u0142 Jezus, pochodzi od aposto\u0142\u00f3w, poniewa\u017c \u017cadnego z nas tam nie by\u0142o.<\/p>\n<p>Aby zbudowa\u0107 proces ponownego przyj\u015bcia do wiary, musimy zacz\u0105\u0107 od refleksji nad naukami Jezusa. Kiedy kto\u015b przychodzi do wiary po raz pierwszy, idziemy z nim, a on idzie z nami przez wi\u0119ksz\u0105 cz\u0119\u015b\u0107 roku lub d\u0142u\u017cej, aby powoli budowa\u0107 filary wiary. Zadaje pytania, dyskutuje o problemach i uczy si\u0119, czego naucza Ko\u015bci\u00f3\u0142. Proces ten nazywa si\u0119 \u201eRytem chrze\u015bcija\u0144skiej inicjacji doros\u0142ych\u201d.<\/p>\n<p>Mo\u017ce to by\u0107 r\u00f3wnie\u017c dobry proces dla powracaj\u0105cych katolik\u00f3w, kt\u00f3rzy nie maj\u0105 zbyt g\u0142\u0119bokiego zrozumienia i ugruntowania swojej wiary.<\/p>\n<p>Dla innych, kt\u00f3rzy otrzymali gruntowne wykszta\u0142cenie w dziedzinie wiary, mo\u017ce to oznacza\u0107 po prostu po\u015bwi\u0119cenie kilku sesji na zadawanie pyta\u0144 i sk\u0142adanie fakt\u00f3w w ca\u0142o\u015b\u0107.<\/p>\n<p>Pracownicy duszpasterstwa parafialnego mog\u0105 pom\u00f3c Ci wybra\u0107 spos\u00f3b, kt\u00f3ry najlepiej odpowiada Twoim potrzebom. Osoba, z kt\u00f3r\u0105 rozmawia\u0142e\u015b na pocz\u0105tku, mo\u017ce by\u0107 dla Ciebie najbardziej pomocna i pokierowa\u0107 Ci\u0119 w spos\u00f3b, kt\u00f3ry Ci odpowiada.<br \/>\nMo\u017cesz wybra\u0107 dowolnego cz\u0142onka personelu, z kt\u00f3rym chcesz si\u0119 spotka\u0107. Mo\u017cesz do nich zadzwoni\u0107, aby um\u00f3wi\u0107 si\u0119 na spotkanie lub wys\u0142a\u0107 e-mail. Je\u015bli chcesz, mo\u017cesz poda\u0107 tylko swoje imi\u0119, aby zachowa\u0107 anonimowo\u015b\u0107.<\/p>\n<p>Personel duszpasterski parafii jest gotowy spotka\u0107 si\u0119 z Tob\u0105 w tej sprawie. Mo\u017cesz wys\u0142a\u0107 e-mail do wybranego przez siebie pracownika, korzystaj\u0105c z poni\u017cszych adres\u00f3w lub zadzwoni\u0107 pod numer 847-658-7625.<\/p>\n<\/div><div class=\"fusion-text fusion-text-6\"><p><strong>Wi\u0119cej informacji<\/strong><\/p>\n<p>Aby uzyska\u0107 wi\u0119cej informacji na temat powrotu do Ko\u015bcio\u0142a katolickiego, kliknij tutaj lub ikon\u0119 poni\u017cej, aby przej\u015b\u0107 do strony g\u0142\u00f3wnej.<\/p>\n<p><a href=\"https:\/\/www.catholicscomehome.org\/\">Katolicy wracaj\u0105 do domu | Witamy w domu<\/a><\/p>\n<p><img decoding=\"async\" class=\"alignnone size-medium wp-image-2774\" src=\"https:\/\/saintmargaretmary.org\/wp-content\/uploads\/CCH_logo-300x99.jpg\" alt=\"\" width=\"300\" height=\"99\" srcset=\"https:\/\/saintmargaretmary.org\/wp-content\/uploads\/CCH_logo-200x66.jpg 200w, https:\/\/saintmargaretmary.org\/wp-content\/uploads\/CCH_logo-300x99.jpg 300w, https:\/\/saintmargaretmary.org\/wp-content\/uploads\/CCH_logo.jpg 390w\" sizes=\"(max-width: 300px) 100vw, 300px\" \/><\/p>\n<\/div>\n<div class=\"table-1\">\n<table style=\"width: 51.2103%;\" width=\"100%\">\n<thead>\n<tr>\n<th style=\"width: 100%; text-align: center;\"><strong>Dziesi\u0119\u0107 najwa\u017cniejszych powod\u00f3w, dla kt\u00f3rych ludzie wracaj\u0105 do Ko\u015bcio\u0142a katolickiego\u2026<\/strong><\/th>\n<\/tr>\n<tr>\n<th style=\"width: 100%;\"><\/th>\n<\/tr>\n<tr>\n<th style=\"width: 100%;\" align=\"left\"><strong>Numer 10\u00a0<\/strong><br \/>\nPoniewa\u017c chc\u0105 nada\u0107 \u017cyciu sens.<\/th>\n<\/tr>\n<\/thead>\n<tbody>\n<tr>\n<td style=\"width: 100%;\" align=\"left\"><strong>Numer 9\u00a0<\/strong><br \/>\nPoniewa\u017c wyp\u0142ywaj\u0105 na powierzchni\u0119 wspomnienia z dzieci\u0144stwa.<\/td>\n<\/tr>\n<tr>\n<td style=\"width: 100%;\" align=\"left\"><strong>Numer 8\u00a0<\/strong><br \/>\nPoniewa\u017c pope\u0142nili b\u0142\u0119dy.<\/td>\n<\/tr>\n<tr>\n<td style=\"width: 100%;\" align=\"left\"><strong>Numer 7\u00a0<\/strong><br \/>\nPoniewa\u017c musz\u0105 wybaczy\u0107 innym.<\/td>\n<\/tr>\n<tr>\n<td style=\"width: 100%;\" align=\"left\"><strong>Numer 6<\/strong><br \/>\nPoniewa\u017c chc\u0105 by\u0107 uzdrowieni.<\/td>\n<\/tr>\n<tr>\n<td style=\"width: 100%;\" align=\"left\"><strong>Numer 5\u00a0<\/strong><br \/>\nPoniewa\u017c Ko\u015bci\u00f3\u0142 katolicki ma pe\u0142ni\u0119 prawdy i \u0142aski.<\/td>\n<\/tr>\n<tr>\n<td style=\"width: 100%;\" align=\"left\"><strong>Numer 4\u00a0<\/strong><br \/>\nPoniewa\u017c chc\u0105, aby ich dzieci mia\u0142y fundament wiary.<\/td>\n<\/tr>\n<tr>\n<td style=\"width: 100%;\" align=\"left\"><strong>Numer 3\u00a0<\/strong><br \/>\nPoniewa\u017c chc\u0105 by\u0107 cz\u0119\u015bci\u0105 wsp\u00f3lnoty wiary.<\/td>\n<\/tr>\n<tr>\n<td style=\"width: 100%;\" align=\"left\"><strong>Numer 2<\/strong><br \/>\nPoniewa\u017c chc\u0105 pomaga\u0107 innym ludziom.<\/td>\n<\/tr>\n<tr>\n<td style=\"width: 100%;\" align=\"left\">\n<p align=\"center\">I\u00a0<strong>Numer 1<\/strong>\u00a0Powodem, dla kt\u00f3rego ludzie wracaj\u0105 do Ko\u015bcio\u0142a jest:<br \/>\n<em>Poniewa\u017c pragn\u0105 Eucharystii.<\/em><\/p>\n<p><strong>SERDECZNIE WITAMY PA\u0143STWA W DOMU!\u00a0<\/strong><\/td>\n<\/tr>\n<\/tbody>\n<\/table>\n<\/div>\n<div class=\"fusion-image-element\" style=\"text-align:center;--awb-caption-title-font-family:var(--h2_typography-font-family);--awb-caption-title-font-weight:var(--h2_typography-font-weight);--awb-caption-title-font-style:var(--h2_typography-font-style);--awb-caption-title-size:var(--h2_typography-font-size);--awb-caption-title-transform:var(--h2_typography-text-transform);--awb-caption-title-line-height:var(--h2_typography-line-height);--awb-caption-title-letter-spacing:var(--h2_typography-letter-spacing);\"><span class=\"fusion-imageframe imageframe-none imageframe-1 hover-type-none\"><img decoding=\"async\" width=\"277\" height=\"208\" title=\"crh_drzwiotwarte\" src=\"https:\/\/saintmargaretmary.org\/wp-content\/uploads\/crh_doorsopen.jpg\" alt class=\"img-responsive wp-image-2772\" srcset=\"https:\/\/saintmargaretmary.org\/wp-content\/uploads\/crh_doorsopen-200x150.jpg 200w, https:\/\/saintmargaretmary.org\/wp-content\/uploads\/crh_doorsopen.jpg 277w\" sizes=\"(max-width: 640px) 100vw, 277px\" \/><\/span><\/div><\/div><\/div><\/div><\/div>","protected":false},"excerpt":{"rendered":"","protected":false},"author":1,"featured_media":0,"parent":0,"menu_order":0,"comment_status":"closed","ping_status":"closed","template":"","meta":{"_monsterinsights_skip_tracking":false,"_monsterinsights_sitenote_active":false,"_monsterinsights_sitenote_note":"","_monsterinsights_sitenote_category":0,"footnotes":""},"class_list":["post-39","page","type-page","status-publish","hentry"],"aioseo_notices":[],"_links":{"self":[{"href":"https:\/\/saintmargaretmary.org\/pl\/wp-json\/wp\/v2\/pages\/39","targetHints":{"allow":["GET"]}}],"collection":[{"href":"https:\/\/saintmargaretmary.org\/pl\/wp-json\/wp\/v2\/pages"}],"about":[{"href":"https:\/\/saintmargaretmary.org\/pl\/wp-json\/wp\/v2\/types\/page"}],"author":[{"embeddable":true,"href":"https:\/\/saintmargaretmary.org\/pl\/wp-json\/wp\/v2\/users\/1"}],"replies":[{"embeddable":true,"href":"https:\/\/saintmargaretmary.org\/pl\/wp-json\/wp\/v2\/comments?post=39"}],"version-history":[{"count":31,"href":"https:\/\/saintmargaretmary.org\/pl\/wp-json\/wp\/v2\/pages\/39\/revisions"}],"predecessor-version":[{"id":3028,"href":"https:\/\/saintmargaretmary.org\/pl\/wp-json\/wp\/v2\/pages\/39\/revisions\/3028"}],"wp:attachment":[{"href":"https:\/\/saintmargaretmary.org\/pl\/wp-json\/wp\/v2\/media?parent=39"}],"curies":[{"name":"wp","href":"https:\/\/api.w.org\/{rel}","templated":true}]}}