{"id":4170,"date":"2025-02-04T17:09:35","date_gmt":"2025-02-04T23:09:35","guid":{"rendered":"https:\/\/saintmargaretmary.org\/?page_id=4170"},"modified":"2026-04-12T18:19:21","modified_gmt":"2026-04-12T23:19:21","slug":"shave","status":"publish","type":"page","link":"https:\/\/saintmargaretmary.org\/pl\/shave","title":{"rendered":"2026 Shamrock Shave"},"content":{"rendered":"<div class=\"fusion-fullwidth fullwidth-box fusion-builder-row-1 fusion-flex-container has-pattern-background has-mask-background nonhundred-percent-fullwidth non-hundred-percent-height-scrolling\" style=\"--awb-border-radius-top-left:0px;--awb-border-radius-top-right:0px;--awb-border-radius-bottom-right:0px;--awb-border-radius-bottom-left:0px;--awb-flex-wrap:wrap;\" ><div class=\"fusion-builder-row fusion-row fusion-flex-align-items-flex-start fusion-flex-content-wrap\" style=\"max-width:1248px;margin-left: calc(-4% \/ 2 );margin-right: calc(-4% \/ 2 );\"><div class=\"fusion-layout-column fusion_builder_column fusion-builder-column-0 fusion_builder_column_1_1 1_1 fusion-flex-column\" style=\"--awb-bg-size:cover;--awb-width-large:100%;--awb-margin-top-large:0px;--awb-spacing-right-large:1.92%;--awb-margin-bottom-large:20px;--awb-spacing-left-large:1.92%;--awb-width-medium:100%;--awb-order-medium:0;--awb-spacing-right-medium:1.92%;--awb-spacing-left-medium:1.92%;--awb-width-small:100%;--awb-order-small:0;--awb-spacing-right-small:1.92%;--awb-spacing-left-small:1.92%;\"><div class=\"fusion-column-wrapper fusion-column-has-shadow fusion-flex-justify-content-flex-start fusion-content-layout-column\"><div class=\"fusion-text fusion-text-1\"><h1><span style=\"color: #008000;\"><img decoding=\"async\" class=\"size-medium wp-image-2800 alignright\" src=\"https:\/\/saintmargaretmary.org\/wp-content\/uploads\/shamrock_shave_clr-286x300.jpg\" alt=\"\" width=\"286\" height=\"300\" srcset=\"https:\/\/saintmargaretmary.org\/wp-content\/uploads\/shamrock_shave_clr-200x210.jpg 200w, https:\/\/saintmargaretmary.org\/wp-content\/uploads\/shamrock_shave_clr-286x300.jpg 286w, https:\/\/saintmargaretmary.org\/wp-content\/uploads\/shamrock_shave_clr.jpg 329w\" sizes=\"(max-width: 286px) 100vw, 286px\" \/>The 2026 Shamrock Shave Thanks You!<br \/>\n<\/span><\/h1>\n<h2><strong style=\"font-family: var(--h4_typography-font-family); font-size: var(--h4_typography-font-size); letter-spacing: var(--h4_typography-letter-spacing); text-transform: var(--h4_typography-text-transform); text-align: var(--awb-content-alignment); background-color: var(--awb-bg-color);\"><span style=\"color: #0000ff;\"><span style=\"font-style: var(--h4_typography-font-style,normal);\">Specjalne \u015bwiadczenie dla potrzebuj\u0105cych rodzin w spo\u0142eczno\u015bci<\/span><br \/>\n<\/span><\/strong><strong style=\"color: #008000; font-family: var(--h4_typography-font-family); font-size: var(--h4_typography-font-size); font-style: var(--h4_typography-font-style,normal); letter-spacing: var(--h4_typography-letter-spacing); text-transform: var(--h4_typography-text-transform); text-align: var(--awb-content-alignment); background-color: var(--awb-bg-color);\"><em><span style=\"color: #800000;\">NAD <span style=\"color: #008000;\">$540,000<\/span> RAISED SINCE 2008!<br \/>\n<\/span><\/em><\/strong><strong style=\"color: #008000; font-family: var(--h4_typography-font-family); font-size: var(--h4_typography-font-size); font-style: var(--h4_typography-font-style,normal); letter-spacing: var(--h4_typography-letter-spacing); text-transform: var(--h4_typography-text-transform); text-align: var(--awb-content-alignment); background-color: var(--awb-bg-color);\"><em><span style=\"color: #800000;\">NAD <span style=\"color: #008000;\">$20,000<\/span> RAISED THIS YEAR TO DATE! <\/span><\/em><\/strong><\/h2>\n<h4><\/h4>\n<\/div><div class=\"fusion-text fusion-text-2\"><h1><span style=\"font-size: 24pt; color: #008000;\">Thank You! We look forward to seeing you next year.<\/span><\/h1>\n<p><span style=\"font-size: 14pt;\">Drodzy Bracia i Siostry,<br \/>\n<\/span><br \/>\n<span style=\"font-size: 14pt;\">Thanks to all of you for your efforts in making the 18th Annual Shamrock Shave (held last March 14th) a successful fundraising event for our parish community and those in need.<br \/>\n<\/span><br \/>\n<span style=\"font-size: 14pt;\">Dzi\u0119ki Twoim wysi\u0142kom, <strong>we collectively raised $20,167<\/strong> for the needy in our community (St. Vincent de Paul Society). We also had 10 adult and children Shavees, an estimated 250 adults and children in attendance throughout the evening, and served over 300 Irish and Chicken Tender dinners! The Dundee Scottish Pipe Band and the Mayer School of Irish Dance gave terrific performances, and it is heartening to see our parish pull together and answer the call.<br \/>\n<\/span><br \/>\n<span style=\"font-size: 14pt;\">Widok cz\u0142onk\u00f3w Rycerzy Kolumba, St. Vincent de Paul Society i innych parafian, kt\u00f3rzy zg\u0142osili si\u0119 na ochotnika, aby zorganizowa\u0107 to wydarzenie, pob\u0142ogos\u0142awi\u0142 nasz\u0105 Rodzin\u0119 Parafialn\u0105 na wiele sposob\u00f3w. Dzi\u0119ki waszemu zaanga\u017cowaniu w wydarzenie przekroczyli\u015bmy nasz cel i \u015bwietnie si\u0119 bawili\u015bmy, zbieraj\u0105c pieni\u0105dze na szczytny cel\u2026<em><strong> more than $20,000!<br \/>\n<\/strong><\/em><\/span><br \/>\n<span style=\"font-size: 14pt;\"><strong>Do wszystkich Shavees:<\/strong> Your commitment to the parish community and helping those in need is inspirational. May your bald heads be examples to those in the parish and community of our parish\u2019s commitment to charity!<br \/>\n<\/span><br \/>\n<span style=\"font-size: 14pt;\">To the 2026 Shamrock Shave Planning Committee: Andre Manaois, Deacon Bob Armstrong, Amy &amp; John Schneider, Ken Prigge (Chef) &amp; Ingrid Prigge, Larry &amp; Julie O\u2019Brien, Chris &amp; Cindy Cimaglio, Ed &amp; Carol Majkrzak, Mark Minaglia, Chris Hubbuch, Michael Kouvelis, and many others who came out to help. Thank you for your hard work on event day and your great creativity and planning for the Mane Event!<br \/>\n<\/span><br \/>\n<span style=\"font-size: 14pt;\">To the Event Volunteers, including members of the following parish groups and ministries who helped ensure the event ran smoothly: the Knights of Columbus Council #11091 and the St. Vincent de Paul Society.<br \/>\n<\/span><br \/>\n<span style=\"font-size: 14pt;\">Lastly, special thanks to our Pastor, Fr. Zibi, Father Martin, and all our clergy and staff for supporting the event.<br \/>\n<\/span><br \/>\n<span style=\"font-size: 14pt;\">Dzi\u0119kujemy wszystkim za po\u015bwi\u0119cony czas, talenty i \u015brodki finansowe na rzecz tej szczytnej sprawy.<br \/>\n<\/span><br \/>\n<em><span style=\"font-size: 14pt;\">Niech ci\u0119 B\u00f3g b\u0142ogos\u0142awi,<\/span><\/em><br \/>\n<em><span style=\"font-size: 14pt;\">Jonna Burck i Greg Freund<\/span><\/em><br \/>\n<em><span style=\"font-size: 14pt;\">2026 Shamrock Shave Event Co-Chairs<\/span><\/em><\/p>\n<\/div><div class=\"fusion-reading-box-container reading-box-container-1\" style=\"--awb-title-color:var(--awb-color6);--awb-margin-top:0px;--awb-margin-bottom:20px;\"><div class=\"reading-box reading-box-center\" style=\"background-color:var(--awb-color3);border-width:1px;border-color:rgba(226,226,226,0);border-left-width:3px;border-left-color:var(--primary_color);border-style:solid;\"><div class=\"reading-box-additional\">\n<p><span style=\"color: #008000;\"><strong><em>\u201eDobrze, s\u0142ugo dobry i wierny.\u201d<br \/>\n~Mateusza 25:23<\/em><\/strong><\/span><\/p>\n<\/div><div class=\"fusion-clearfix\"><\/div><\/div><\/div><div class=\"fusion-separator fusion-full-width-sep\" style=\"align-self: center;margin-left: auto;margin-right: auto;width:100%;\"><div class=\"fusion-separator-border sep-single sep-dotted\" style=\"--awb-height:20px;--awb-amount:20px;border-color:var(--awb-color3);border-top-width:3px;\"><\/div><\/div><div class=\"fusion-text fusion-text-3\" style=\"--awb-content-alignment:left;\"><p><span style=\"font-size: 18pt;\"><strong style=\"color: #008000;\">Jak mog\u0119 zosta\u0107 golarzem lub wolontariuszem?<\/strong><\/span><\/p>\n<p><span style=\"font-size: 14pt;\">Prosz\u0119<span style=\"color: #008000;\"> <a style=\"color: #008000;\" href=\"\/pl\/&\/#109;&#x61;&#105;&#x6c;&#116;&#x6f;&#58;&#x6a;&#111;&#x6e;&#110;&#x61;&#98;&#x75;&#114;&#x63;&#107;&#x40;&#121;&#x61;&#104;&#x6f;&#111;&#x2e;&#99;&#x6f;&#109;\">NAPISZ DO NAS<\/a><\/span> lub zadzwo\u0144 do Jonny Burck pod numer 847-809-6950.<\/span><\/p>\n<p><span style=\"font-size: 14pt;\"><em>Niech ci\u0119 B\u00f3g b\u0142ogos\u0142awi.<\/em><\/span><\/p>\n<p><img decoding=\"async\" class=\"alignnone size-full wp-image-2801\" src=\"https:\/\/saintmargaretmary.org\/wp-content\/uploads\/shamrock_fun.gif\" alt=\"\" width=\"150\" height=\"166\" \/>\u00a0 <img decoding=\"async\" class=\"alignnone size-full wp-image-2799\" src=\"https:\/\/saintmargaretmary.org\/wp-content\/uploads\/shamrock_cause.gif\" alt=\"\" width=\"150\" height=\"160\" \/> <img decoding=\"async\" class=\"alignnone size-full wp-image-2798\" src=\"https:\/\/saintmargaretmary.org\/wp-content\/uploads\/shamrock_dinner.gif\" alt=\"\" width=\"150\" height=\"161\" \/><\/p>\n<\/div><\/div><\/div><\/div><\/div>","protected":false},"excerpt":{"rendered":"","protected":false},"author":8,"featured_media":2800,"parent":0,"menu_order":0,"comment_status":"closed","ping_status":"closed","template":"","meta":{"_monsterinsights_skip_tracking":false,"_monsterinsights_sitenote_active":false,"_monsterinsights_sitenote_note":"","_monsterinsights_sitenote_category":0,"footnotes":""},"class_list":["post-4170","page","type-page","status-publish","has-post-thumbnail","hentry"],"aioseo_notices":[],"_links":{"self":[{"href":"https:\/\/saintmargaretmary.org\/pl\/wp-json\/wp\/v2\/pages\/4170","targetHints":{"allow":["GET"]}}],"collection":[{"href":"https:\/\/saintmargaretmary.org\/pl\/wp-json\/wp\/v2\/pages"}],"about":[{"href":"https:\/\/saintmargaretmary.org\/pl\/wp-json\/wp\/v2\/types\/page"}],"author":[{"embeddable":true,"href":"https:\/\/saintmargaretmary.org\/pl\/wp-json\/wp\/v2\/users\/8"}],"replies":[{"embeddable":true,"href":"https:\/\/saintmargaretmary.org\/pl\/wp-json\/wp\/v2\/comments?post=4170"}],"version-history":[{"count":46,"href":"https:\/\/saintmargaretmary.org\/pl\/wp-json\/wp\/v2\/pages\/4170\/revisions"}],"predecessor-version":[{"id":5476,"href":"https:\/\/saintmargaretmary.org\/pl\/wp-json\/wp\/v2\/pages\/4170\/revisions\/5476"}],"wp:featuredmedia":[{"embeddable":true,"href":"https:\/\/saintmargaretmary.org\/pl\/wp-json\/wp\/v2\/media\/2800"}],"wp:attachment":[{"href":"https:\/\/saintmargaretmary.org\/pl\/wp-json\/wp\/v2\/media?parent=4170"}],"curies":[{"name":"wp","href":"https:\/\/api.w.org\/{rel}","templated":true}]}}