{"id":4474,"date":"2024-07-11T14:23:49","date_gmt":"2024-07-11T19:23:49","guid":{"rendered":"https:\/\/saintmargaretmary.org\/?page_id=4474"},"modified":"2026-02-25T16:11:53","modified_gmt":"2026-02-25T22:11:53","slug":"formation","status":"publish","type":"page","link":"https:\/\/saintmargaretmary.org\/pl\/formation","title":{"rendered":"Tworzenie wiary"},"content":{"rendered":"<div class=\"fusion-fullwidth fullwidth-box fusion-builder-row-1 fusion-flex-container has-pattern-background has-mask-background nonhundred-percent-fullwidth non-hundred-percent-height-scrolling\" style=\"--awb-border-radius-top-left:0px;--awb-border-radius-top-right:0px;--awb-border-radius-bottom-right:0px;--awb-border-radius-bottom-left:0px;--awb-flex-wrap:wrap;\" ><div class=\"fusion-builder-row fusion-row fusion-flex-align-items-flex-start fusion-flex-content-wrap\" style=\"max-width:1248px;margin-left: calc(-4% \/ 2 );margin-right: calc(-4% \/ 2 );\"><div class=\"fusion-layout-column fusion_builder_column fusion-builder-column-0 fusion_builder_column_1_1 1_1 fusion-flex-column\" style=\"--awb-bg-size:cover;--awb-width-large:100%;--awb-margin-top-large:0px;--awb-spacing-right-large:1.92%;--awb-margin-bottom-large:20px;--awb-spacing-left-large:1.92%;--awb-width-medium:100%;--awb-order-medium:0;--awb-spacing-right-medium:1.92%;--awb-spacing-left-medium:1.92%;--awb-width-small:100%;--awb-order-small:0;--awb-spacing-right-small:1.92%;--awb-spacing-left-small:1.92%;\"><div class=\"fusion-column-wrapper fusion-column-has-shadow fusion-flex-justify-content-flex-start fusion-content-layout-column\"><div class=\"fusion-text fusion-text-1\"><p><em><b><img decoding=\"async\" class=\"size-medium wp-image-4618 alignleft\" src=\"https:\/\/saintmargaretmary.org\/wp-content\/uploads\/IMG_0396-300x200.jpg\" alt=\"\" width=\"300\" height=\"200\" srcset=\"https:\/\/saintmargaretmary.org\/wp-content\/uploads\/IMG_0396-200x133.jpg 200w, https:\/\/saintmargaretmary.org\/wp-content\/uploads\/IMG_0396-300x200.jpg 300w, https:\/\/saintmargaretmary.org\/wp-content\/uploads\/IMG_0396-400x267.jpg 400w, https:\/\/saintmargaretmary.org\/wp-content\/uploads\/IMG_0396-600x400.jpg 600w, https:\/\/saintmargaretmary.org\/wp-content\/uploads\/IMG_0396-768x512.jpg 768w, https:\/\/saintmargaretmary.org\/wp-content\/uploads\/IMG_0396-800x533.jpg 800w, https:\/\/saintmargaretmary.org\/wp-content\/uploads\/IMG_0396-1024x682.jpg 1024w, https:\/\/saintmargaretmary.org\/wp-content\/uploads\/IMG_0396-1200x800.jpg 1200w, https:\/\/saintmargaretmary.org\/wp-content\/uploads\/IMG_0396.jpg 1280w\" sizes=\"(max-width: 300px) 100vw, 300px\" \/>Formacja Wiary<\/b><\/em> jest terminem oznaczaj\u0105cym proces kszta\u0142towania wiary od narodzin do \u015bmierci.<\/p>\n<p><i>To proces trwaj\u0105cy ca\u0142e \u017cycie.<\/i><\/p>\n<p>Formacja Wiary obejmuje wszystkie grupy wiekowe \u2013 niemowl\u0119ta, dzieci, m\u0142odzie\u017c, m\u0142odych doros\u0142ych, doros\u0142ych i osoby starsze. Przybli\u017ca wszystkim uczestnikom relacj\u0119 z Jezusem Chrystusem, gromadz\u0105c wszystkich wiernych, aby si\u0119 uczyli, dzielili i uczestniczyli w Ko\u015bciele Katolickim.<\/p>\n<p>Formacja Wiary oznacza, \u017ce zawsze uczymy si\u0119 poprzez Ducha \u015awi\u0119tego, S\u0142owo Bo\u017ce, modlitw\u0119, liturgi\u0119 i obecno\u015b\u0107 Boga w naszym \u017cyciu. B\u0119dzie obejmowa\u0107 wiele pos\u0142ug, w tym nasz rodzinny program edukacji religijnej, pos\u0142ug\u0119 m\u0142odzie\u017cow\u0105, wydarzenia dla doros\u0142ych i wiele wi\u0119cej.<\/p>\n<\/div><\/div><\/div><div class=\"fusion-layout-column fusion_builder_column fusion-builder-column-1 fusion_builder_column_1_5 1_5 fusion-flex-column\" style=\"--awb-bg-size:cover;--awb-width-large:20%;--awb-margin-top-large:0px;--awb-spacing-right-large:9.6%;--awb-margin-bottom-large:20px;--awb-spacing-left-large:9.6%;--awb-width-medium:20%;--awb-order-medium:0;--awb-spacing-right-medium:9.6%;--awb-spacing-left-medium:9.6%;--awb-width-small:100%;--awb-order-small:0;--awb-spacing-right-small:1.92%;--awb-spacing-left-small:1.92%;\"><div class=\"fusion-column-wrapper fusion-column-has-shadow fusion-flex-justify-content-flex-start fusion-content-layout-column\"><div style=\"text-align:center;\"><a class=\"fusion-button button-3d button-medium button-default fusion-button-default button-1 fusion-button-default-span\" target=\"_self\" href=\"https:\/\/saintmargaretmary.org\/pl\/catholics-returning-home\/\"><span class=\"fusion-button-text awb-button__text awb-button__text--default\">Katolicy wracaj\u0105 do domu<\/span><\/a><\/div><\/div><\/div><div class=\"fusion-layout-column fusion_builder_column fusion-builder-column-2 fusion_builder_column_1_5 1_5 fusion-flex-column\" style=\"--awb-bg-size:cover;--awb-width-large:20%;--awb-margin-top-large:0px;--awb-spacing-right-large:9.6%;--awb-margin-bottom-large:20px;--awb-spacing-left-large:9.6%;--awb-width-medium:20%;--awb-order-medium:0;--awb-spacing-right-medium:9.6%;--awb-spacing-left-medium:9.6%;--awb-width-small:100%;--awb-order-small:0;--awb-spacing-right-small:1.92%;--awb-spacing-left-small:1.92%;\"><div class=\"fusion-column-wrapper fusion-column-has-shadow fusion-flex-justify-content-flex-start fusion-content-layout-column\"><div style=\"text-align:center;\"><a class=\"fusion-button button-3d button-medium button-default fusion-button-default button-2 fusion-button-default-span\" target=\"_self\" href=\"https:\/\/smmym.org\/gather\/\"><span class=\"fusion-button-text awb-button__text awb-button__text--default\">Zbierz formacj\u0119 rodzinn\u0105<\/span><\/a><\/div><\/div><\/div><div class=\"fusion-layout-column fusion_builder_column fusion-builder-column-3 fusion_builder_column_1_5 1_5 fusion-flex-column\" style=\"--awb-bg-size:cover;--awb-width-large:20%;--awb-margin-top-large:0px;--awb-spacing-right-large:9.6%;--awb-margin-bottom-large:20px;--awb-spacing-left-large:9.6%;--awb-width-medium:20%;--awb-order-medium:0;--awb-spacing-right-medium:9.6%;--awb-spacing-left-medium:9.6%;--awb-width-small:100%;--awb-order-small:0;--awb-spacing-right-small:1.92%;--awb-spacing-left-small:1.92%;\"><div class=\"fusion-column-wrapper fusion-column-has-shadow fusion-flex-justify-content-flex-start fusion-content-layout-column\"><div style=\"text-align:center;\"><a class=\"fusion-button button-3d button-medium button-default fusion-button-default button-3 fusion-button-default-span\" target=\"_self\" href=\"https:\/\/saintmargaretmary.org\/pl\/rcia\/\"><span class=\"fusion-button-text awb-button__text awb-button__text--default\">RCIA \u2013 Zostanie katolikiem<\/span><\/a><\/div><\/div><\/div><div class=\"fusion-layout-column fusion_builder_column fusion-builder-column-4 fusion_builder_column_1_5 1_5 fusion-flex-column\" style=\"--awb-bg-size:cover;--awb-width-large:20%;--awb-margin-top-large:0px;--awb-spacing-right-large:9.6%;--awb-margin-bottom-large:20px;--awb-spacing-left-large:9.6%;--awb-width-medium:20%;--awb-order-medium:0;--awb-spacing-right-medium:9.6%;--awb-spacing-left-medium:9.6%;--awb-width-small:100%;--awb-order-small:0;--awb-spacing-right-small:1.92%;--awb-spacing-left-small:1.92%;\"><div class=\"fusion-column-wrapper fusion-column-has-shadow fusion-flex-justify-content-flex-start fusion-content-layout-column\"><div style=\"text-align:center;\"><a class=\"fusion-button button-3d button-large button-default fusion-button-default button-4 fusion-button-default-span\" target=\"_self\" href=\"https:\/\/saintmargaretmary.org\/pl\/stewardship\/\"><span class=\"fusion-button-text awb-button__text awb-button__text--default\">Zarz\u0105dzanie<\/span><\/a><\/div><\/div><\/div><div class=\"fusion-layout-column fusion_builder_column fusion-builder-column-5 fusion_builder_column_1_5 1_5 fusion-flex-column\" style=\"--awb-bg-size:cover;--awb-width-large:20%;--awb-margin-top-large:0px;--awb-spacing-right-large:9.6%;--awb-margin-bottom-large:20px;--awb-spacing-left-large:9.6%;--awb-width-medium:20%;--awb-order-medium:0;--awb-spacing-right-medium:9.6%;--awb-spacing-left-medium:9.6%;--awb-width-small:100%;--awb-order-small:0;--awb-spacing-right-small:1.92%;--awb-spacing-left-small:1.92%;\"><div class=\"fusion-column-wrapper fusion-column-has-shadow fusion-flex-justify-content-flex-start fusion-content-layout-column\"><div style=\"text-align:center;\"><a class=\"fusion-button button-3d button-large button-default fusion-button-default button-5 fusion-button-default-span\" target=\"_self\" href=\"https:\/\/smmym.org\/\"><span class=\"fusion-button-text awb-button__text awb-button__text--default\">Duszpasterstwo M\u0142odzie\u017cy<\/span><\/a><\/div><\/div><\/div><\/div><\/div>","protected":false},"excerpt":{"rendered":"","protected":false},"author":1,"featured_media":0,"parent":0,"menu_order":0,"comment_status":"closed","ping_status":"closed","template":"","meta":{"_monsterinsights_skip_tracking":false,"_monsterinsights_sitenote_active":false,"_monsterinsights_sitenote_note":"","_monsterinsights_sitenote_category":0,"footnotes":""},"class_list":["post-4474","page","type-page","status-publish","hentry"],"aioseo_notices":[],"_links":{"self":[{"href":"https:\/\/saintmargaretmary.org\/pl\/wp-json\/wp\/v2\/pages\/4474","targetHints":{"allow":["GET"]}}],"collection":[{"href":"https:\/\/saintmargaretmary.org\/pl\/wp-json\/wp\/v2\/pages"}],"about":[{"href":"https:\/\/saintmargaretmary.org\/pl\/wp-json\/wp\/v2\/types\/page"}],"author":[{"embeddable":true,"href":"https:\/\/saintmargaretmary.org\/pl\/wp-json\/wp\/v2\/users\/1"}],"replies":[{"embeddable":true,"href":"https:\/\/saintmargaretmary.org\/pl\/wp-json\/wp\/v2\/comments?post=4474"}],"version-history":[{"count":9,"href":"https:\/\/saintmargaretmary.org\/pl\/wp-json\/wp\/v2\/pages\/4474\/revisions"}],"predecessor-version":[{"id":4987,"href":"https:\/\/saintmargaretmary.org\/pl\/wp-json\/wp\/v2\/pages\/4474\/revisions\/4987"}],"wp:attachment":[{"href":"https:\/\/saintmargaretmary.org\/pl\/wp-json\/wp\/v2\/media?parent=4474"}],"curies":[{"name":"wp","href":"https:\/\/api.w.org\/{rel}","templated":true}]}}