{"id":69,"date":"2020-06-29T19:53:47","date_gmt":"2020-06-29T19:53:47","guid":{"rendered":"https:\/\/saintmargaretmary.org\/?page_id=69"},"modified":"2026-02-25T16:10:51","modified_gmt":"2026-02-25T22:10:51","slug":"ocia","status":"publish","type":"page","link":"https:\/\/saintmargaretmary.org\/pl\/ocia","title":{"rendered":"OCIA"},"content":{"rendered":"<div class=\"fusion-fullwidth fullwidth-box fusion-builder-row-1 fusion-flex-container has-pattern-background has-mask-background nonhundred-percent-fullwidth non-hundred-percent-height-scrolling\" style=\"--awb-border-radius-top-left:0px;--awb-border-radius-top-right:0px;--awb-border-radius-bottom-right:0px;--awb-border-radius-bottom-left:0px;--awb-flex-wrap:wrap;\" ><div class=\"fusion-builder-row fusion-row fusion-flex-align-items-flex-start fusion-flex-content-wrap\" style=\"max-width:1248px;margin-left: calc(-4% \/ 2 );margin-right: calc(-4% \/ 2 );\"><div class=\"fusion-layout-column fusion_builder_column fusion-builder-column-0 fusion_builder_column_1_1 1_1 fusion-flex-column\" style=\"--awb-bg-size:cover;--awb-width-large:100%;--awb-margin-top-large:0px;--awb-spacing-right-large:1.92%;--awb-margin-bottom-large:20px;--awb-spacing-left-large:1.92%;--awb-width-medium:100%;--awb-order-medium:0;--awb-spacing-right-medium:1.92%;--awb-spacing-left-medium:1.92%;--awb-width-small:100%;--awb-order-small:0;--awb-spacing-right-small:1.92%;--awb-spacing-left-small:1.92%;\"><div class=\"fusion-column-wrapper fusion-column-has-shadow fusion-flex-justify-content-flex-start fusion-content-layout-column\"><div class=\"fusion-title title fusion-title-1 fusion-sep-none fusion-title-text fusion-title-size-one\" style=\"--awb-margin-top-small:10px;--awb-margin-right-small:0px;--awb-margin-bottom-small:10px;--awb-margin-left-small:0px;\"><h1 class=\"fusion-title-heading title-heading-left\" style=\"margin:0;\"><h4><strong>Order of Catholic Initiation of Adults (OCIA)<\/strong><\/h4><\/h1><\/div><div class=\"fusion-text fusion-text-1\"><p><strong>Chcesz zg\u0142\u0119bi\u0107 wiar\u0119 katolick\u0105 lub rozwa\u017casz zostanie katolikiem?<\/strong><\/p>\n<p>By\u0107 mo\u017ce chcia\u0142by\u015b wiedzie\u0107, w co wierz\u0105 katolicy. Mo\u017cesz czu\u0107 si\u0119 przyci\u0105gni\u0119ty do Ko\u015bcio\u0142a Katolickiego.<\/p>\n<p>Albo, by\u0107 mo\u017ce, nie jeste\u015b zwi\u0105zany z \u017cadnym ko\u015bcio\u0142em i osi\u0105gn\u0105\u0142e\u015b punkt w swoim \u017cyciu, w kt\u00f3rym chcia\u0142by\u015b by\u0107 cz\u0142onkiem wsp\u00f3lnoty wiary. Albo, by\u0107 mo\u017ce, masz ma\u0142\u017conka katolika i dzieci i zastanawiasz si\u0119, czy nadszed\u0142 czas, aby do\u0142\u0105czy\u0107 do nich w praktykowaniu ich religii. Mo\u017ce po prostu czujesz si\u0119 poci\u0105gni\u0119ty do czego\u015b, czego nie rozumiesz?<\/p>\n<p>Niezale\u017cnie od przyczyny, nasza \u015awi\u0119ta Ma\u0142gorzata Maria ma proces zaprojektowany, aby pom\u00f3c ci rozr\u00f3\u017cni\u0107 te pytania. Nazywa si\u0119 on Chrze\u015bcija\u0144sk\u0105 Inicjacj\u0105, bardziej formalnie\u00a0<strong> Order of Christian Initiation for Adults (OCIA)<\/strong>.<\/p>\n<p>Ta podr\u00f3\u017c do katolicyzmu sk\u0142ada si\u0119 z czterech cz\u0119\u015bci. W tym czasie, je\u015bli zobowi\u0105\u017cesz si\u0119 zosta\u0107 katolikiem, to b\u0119dzie twoja decyzja, kiedy b\u0119dziesz gotowy. Masz r\u00f3wnie\u017c ca\u0142kowit\u0105 swobod\u0119, aby opu\u015bci\u0107 proces lub zdecydowa\u0107 si\u0119 poczeka\u0107 do pewnego przysz\u0142ego czasu.<\/p>\n<ul>\n<li>Pierwszym etapem inicjacji chrze\u015bcija\u0144skiej jest czas zwany Inquiry. Mo\u017ce on mie\u0107 miejsce w dowolnym momencie w ci\u0105gu roku. W Inquiry mo\u017cesz zada\u0107 pytania na temat katolicyzmu. Sesje s\u0105 swobodne i niestrukturyzowane w oparciu o Twoje pytania i potrzeby.<\/li>\n<li>Gdy na pocz\u0105tkowe pytania zostan\u0105 udzielone odpowiedzi i wska\u017cesz, \u017ce chcesz dowiedzie\u0107 si\u0119 wi\u0119cej, przechodzimy do drugiego etapu, kt\u00f3ry odbywa si\u0119 w niedzielny poranek. Sesje te obejmuj\u0105 msz\u0119, dzielenie si\u0119 Pismem \u015awi\u0119tym i dyskusje na temat doktryny i praktyk katolickich. Sesje te ucz\u0105, w co wierz\u0105 i co praktykuj\u0105 katolicy.<\/li>\n<li>Teraz, gdy jeste\u015b ju\u017c katolikiem, musisz zdecydowa\u0107, co chcesz robi\u0107. Czy chcesz zosta\u0107 katolikiem, czy chcesz si\u0119 czego\u015b wi\u0119cej dowiedzie\u0107, czy te\u017c postanowi\u0142e\u015b p\u00f3j\u015b\u0107 w innym kierunku. W tygodniach Wielkiego Postu ci, kt\u00f3rzy zdecydowali si\u0119 zosta\u0107 katolikami, pozostaj\u0105 na naszych niedzielnych sesjach, kt\u00f3re s\u0105 teraz po\u015bwi\u0119cone przygotowaniu do przyj\u0119cia sakrament\u00f3w chrztu (je\u015bli nie jeste\u015b ochrzczony), bierzmowania i komunii podczas nabo\u017ce\u0144stwa wielkanocnego.<\/li>\n<li>Nast\u0119pnie, po Wielkanocy, przez sze\u015b\u0107 tygodni b\u0119dziemy spotyka\u0107 si\u0119 w niedziele, aby zastanowi\u0107 si\u0119 nad tym, czego do\u015bwiadczyli\u015bmy jako nowi katolicy, i zastanowi\u0107 si\u0119 nad przysz\u0142o\u015bci\u0105 \u017cycia w parafii.<\/li>\n<\/ul>\n<p>The OCIA process is led by a team of parishioners, with the help of our priests. \u00a0Each Sunday has a different speaker, so you get to know many people as well as Catholic teaching. \u00a0There is no fee for this process. \u00a0The usual length of the process for most people from inquiring until they enter the Catholic church is about nine months, but the process is adapted to the needs of the inquirer. \u00a0We would be delighted to have you join us!<\/p>\n<p>Proces rozpoczyna si\u0119, gdy dana osoba czuje si\u0119 \u201epowo\u0142ana do zapytania\u201d, ale proces ten nabiera tempa pod koniec sierpnia i na pocz\u0105tku wrze\u015bnia ka\u017cdego roku, wraz z rozpocz\u0119ciem katechumenatu lub cz\u0119\u015bci nauczania procesu. Aby uzyska\u0107 wi\u0119cej informacji, zadzwo\u0144 do biura parafialnego pod numer 847-658-7625 lub porozmawiaj z kt\u00f3rym\u015b z ksi\u0119\u017cy, diakon\u00f3w lub kim\u015b z biura parafialnego.<\/p>\n<\/div><\/div><\/div><\/div><\/div>","protected":false},"excerpt":{"rendered":"","protected":false},"author":1,"featured_media":0,"parent":0,"menu_order":0,"comment_status":"closed","ping_status":"closed","template":"","meta":{"_monsterinsights_skip_tracking":false,"_monsterinsights_sitenote_active":false,"_monsterinsights_sitenote_note":"","_monsterinsights_sitenote_category":0,"footnotes":""},"class_list":["post-69","page","type-page","status-publish","hentry"],"aioseo_notices":[],"_links":{"self":[{"href":"https:\/\/saintmargaretmary.org\/pl\/wp-json\/wp\/v2\/pages\/69","targetHints":{"allow":["GET"]}}],"collection":[{"href":"https:\/\/saintmargaretmary.org\/pl\/wp-json\/wp\/v2\/pages"}],"about":[{"href":"https:\/\/saintmargaretmary.org\/pl\/wp-json\/wp\/v2\/types\/page"}],"author":[{"embeddable":true,"href":"https:\/\/saintmargaretmary.org\/pl\/wp-json\/wp\/v2\/users\/1"}],"replies":[{"embeddable":true,"href":"https:\/\/saintmargaretmary.org\/pl\/wp-json\/wp\/v2\/comments?post=69"}],"version-history":[{"count":5,"href":"https:\/\/saintmargaretmary.org\/pl\/wp-json\/wp\/v2\/pages\/69\/revisions"}],"predecessor-version":[{"id":5126,"href":"https:\/\/saintmargaretmary.org\/pl\/wp-json\/wp\/v2\/pages\/69\/revisions\/5126"}],"wp:attachment":[{"href":"https:\/\/saintmargaretmary.org\/pl\/wp-json\/wp\/v2\/media?parent=69"}],"curies":[{"name":"wp","href":"https:\/\/api.w.org\/{rel}","templated":true}]}}