{"id":71,"date":"2020-06-29T19:54:01","date_gmt":"2020-06-29T19:54:01","guid":{"rendered":"https:\/\/saintmargaretmary.org\/?page_id=71"},"modified":"2026-02-25T16:11:17","modified_gmt":"2026-02-25T22:11:17","slug":"stewardship","status":"publish","type":"page","link":"https:\/\/saintmargaretmary.org\/pl\/stewardship","title":{"rendered":"Zarz\u0105dzanie"},"content":{"rendered":"<div class=\"fusion-fullwidth fullwidth-box fusion-builder-row-1 fusion-flex-container has-pattern-background has-mask-background nonhundred-percent-fullwidth non-hundred-percent-height-scrolling\" style=\"--awb-border-radius-top-left:0px;--awb-border-radius-top-right:0px;--awb-border-radius-bottom-right:0px;--awb-border-radius-bottom-left:0px;--awb-flex-wrap:wrap;\" ><div class=\"fusion-builder-row fusion-row fusion-flex-align-items-flex-start fusion-flex-content-wrap\" style=\"max-width:1248px;margin-left: calc(-4% \/ 2 );margin-right: calc(-4% \/ 2 );\"><div class=\"fusion-layout-column fusion_builder_column fusion-builder-column-0 fusion_builder_column_1_1 1_1 fusion-flex-column\" style=\"--awb-bg-size:cover;--awb-width-large:100%;--awb-margin-top-large:0px;--awb-spacing-right-large:1.92%;--awb-margin-bottom-large:20px;--awb-spacing-left-large:1.92%;--awb-width-medium:100%;--awb-order-medium:0;--awb-spacing-right-medium:1.92%;--awb-spacing-left-medium:1.92%;--awb-width-small:100%;--awb-order-small:0;--awb-spacing-right-small:1.92%;--awb-spacing-left-small:1.92%;\"><div class=\"fusion-column-wrapper fusion-column-has-shadow fusion-flex-justify-content-flex-start fusion-content-layout-column\"><div class=\"fusion-text fusion-text-1\"><h4 class=\"gmail_default\"><strong>Najlepsze praktyki w zakresie zarz\u0105dzania<\/strong><\/h4>\n<div class=\"gmail_default\">\n<p><b><img decoding=\"async\" class=\"alignleft wp-image-2412\" src=\"https:\/\/saintmargaretmary.org\/wp-content\/uploads\/Stewardship_pin_wp-300x300.jpg\" alt=\"Stewardship_pin_wp\" width=\"200\" height=\"199\" \/><\/b>Ka\u017cda parafia powinna d\u0105\u017cy\u0107 do wyobra\u017cenia sobie swojego przysz\u0142ego istnienia w dostarczaniu i zaspokajaniu potrzeb swoich parafian. To jest r\u00f3wnie\u017c nasz cel St. Margaret Mary.<\/p>\n<p>Og\u00f3lnie rzecz bior\u0105c, celem ka\u017cdej parafii, w ramach jej wizji i misji, powinno by\u0107 zapewnienie, aby w sercach, umys\u0142ach i oczach wszystkich parafian ich parafia by\u0142a i\/lub d\u0105\u017cy\u0142a do tego, aby sta\u0107 si\u0119 prawdziwym miejscem<em> <strong>go\u015bcinno\u015b\u0107, modlitwa, formacja i s\u0142u\u017cba,<\/strong> <\/em>gdzie kultura \u017cycia oparta na opiece jest nieod\u0142\u0105cznym elementem parafii.<\/p>\n<p>\u201eAby uzyska\u0107 trwa\u0142e rezultaty w zarz\u0105dzaniu\u201d, m\u00f3wi Leisa Anslinger, krajowy lider w zakresie zaanga\u017cowania parafii i zarz\u0105dzania, \u201emusi istnie\u0107 silny proces nawracania i formacji doros\u0142ych. W przeciwnym razie otrzymasz spontaniczny b\u0142ysk zbierania funduszy!\u201d<\/p>\n<p>U\u017cyj poni\u017cszych link\u00f3w, aby wype\u0142ni\u0107 formularz <strong>Czas<\/strong> (modlitwa), <strong>Talent<\/strong> (ministerstwa) i <strong>Skarb<\/strong> formularze rejestracyjne.<\/p>\n<p><strong>Prosz\u0119 wype\u0142ni\u0107 wszystkie 3 cz\u0119\u015bci:<\/strong><br \/>\n1. Czas<br \/>\n2. Talenty (sprawd\u017a ministerstwa, kt\u00f3rymi jeste\u015b zainteresowany i te, w kt\u00f3rych obecnie jeste\u015b zaanga\u017cowany)<br \/>\n3. Skarb<\/p>\n<p><strong>Uwagi:<\/strong><br \/>\n* prosz\u0119 wpisa\u0107 osobno dla ka\u017cdego uczestnicz\u0105cego cz\u0142onka rodziny<br \/>\n* u\u017cywaj\/ponownie u\u017cywaj adresu e-mail i numeru telefonu rodzica w przypadku os\u00f3b niepe\u0142noletnich<\/p>\n<\/div>\n<\/div><div class=\"fusion-text fusion-text-2\"><h4><strong>Czym jest parafia pe\u0142ni\u0105ca funkcj\u0119 duszpasterza?<\/strong><\/h4>\n<p><em>Parafia duszpasterska, w ramach unikalnej demografii ka\u017cdej z nich, d\u0105\u017cy poprzez regularne uczestnictwo w celebracji Eucharystii do duchowego kszta\u0142towania \u017cycia swoich parafian. Parafianie s\u0105 zapraszani, zach\u0119cani, wysy\u0142ani do przodu i otrzymuj\u0105 mo\u017cliwo\u015b\u0107 aktywnego zaanga\u017cowania si\u0119 i uczestnictwa. To zaproszenie, mo\u017cliwo\u015b\u0107 i zaanga\u017cowanie nast\u0119pnie u\u0142atwiaj\u0105 rzeczywiste do\u015bwiadczenie \u017cyciowe i poczucie go\u015bcinno\u015bci, modlitwy, formacji i s\u0142u\u017cby we wsp\u00f3lnocie parafialnej, jednocze\u015bnie uznaj\u0105c, \u017ce \u201eStudencja jest wdzi\u0119czn\u0105 odpowiedzi\u0105 chrze\u015bcija\u0144skiego ucznia, kt\u00f3ry rozpoznaje i przyjmuje dary Bo\u017ce i dzieli si\u0119 tymi darami w mi\u0142o\u015bci do Boga i bli\u017aniego\u201d.<\/em><\/p>\n<p><em>List pasterski USCCB na temat zarz\u0105dzania<\/em><\/p>\n<p><em><strong>\u201eZjednoczone zarz\u0105dzanie katolickie\u201d<\/strong><\/em><\/p>\n<p>Zjednoczeni w naszej wierze katolickiej, jeste\u015bmy zaproszeni i zach\u0119cani do rozpoznawania, przyjmowania, dzielenia si\u0119 i oddawania naszej danej przez Boga \u0142aski i dar\u00f3w w mi\u0142o\u015bci do Boga i bli\u017aniego. Naszym po\u017c\u0105danym celem w naszej parafii jest zaszczepienie poczucia go\u015bcinno\u015bci, modlitwy, formacji i s\u0142u\u017cby poprzez najpierw wype\u0142nienie misji tej wsp\u00f3lnoty parafialnej i w jedno\u015bci, aby rozszerzy\u0107 hojno\u015b\u0107, wdzi\u0119czno\u015b\u0107 i s\u0142u\u017cb\u0119 na diecezj\u0119 i szersze potrzeby Ko\u015bcio\u0142a powszechnego.<\/p>\n<p>Ta jedno\u015b\u0107 pomaga:<\/p>\n<ul>\n<li>Uzna\u0107, wzmocni\u0107 i wesprze\u0107 rol\u0119 rodziny w \u017cyciu Ko\u015bcio\u0142a.<\/li>\n<li>Pobudza\u0107 i poszerza\u0107 lokalne \u017cycie parafialne, przyczyniaj\u0105c si\u0119 do wykszta\u0142cenia i jedno\u015bci parafian, kt\u00f3rzy hojnie, ofiarnie i proporcjonalnie dziel\u0105 si\u0119 swoj\u0105 r\u00f3\u017cnorodn\u0105 \u0142ask\u0105 oraz danym im przez Boga darem czasu, talent\u00f3w i d\u00f3br materialnych.<\/li>\n<li>Zapraszaj, zach\u0119caj i dawaj wszystkim mo\u017cliwo\u015b\u0107 do\u015bwiadczenia, odpowiedzi i wype\u0142nienia powo\u0142ania do bycia uczniem otrzymanego w Chrzcie.<\/li>\n<li>Okre\u015blanie, planowanie i zaspokajanie potrzeb wsp\u00f3lnoty parafialnej poprzez ustalanie o\u015bwiadcze\u0144 o misji, powi\u0105zanych cel\u00f3w, zada\u0144 i plan\u00f3w dzia\u0142ania, a tak\u017ce struktury duszpasterskiej i operacyjnej w celu u\u0142atwienia, wsparcia i utrzymania procesu.<\/li>\n<li>Uzna\u0107 parafi\u0119 za g\u0142\u00f3wnego i zwyczajnego odbiorc\u0119, z kt\u00f3rego dzielimy si\u0119 naszymi indywidualnymi i rodzinnymi darami danymi nam przez Boga, dzi\u0119ki kt\u00f3rym parafia b\u0119dzie wspiera\u0107 swoj\u0105 misj\u0119, a jednocze\u015bnie proporcjonalnie dzieli\u0107 si\u0119 i zaspokaja\u0107 zwyczajne i szczeg\u00f3lne potrzeby diecezji oraz szerszego Ko\u015bcio\u0142a powszechnego.<\/li>\n<\/ul>\n<h4><strong>RAZEM \u2013 Spotykamy si\u0119. Uczymy si\u0119. S\u0142u\u017cymy.<\/strong><\/h4>\n<p>Jak w przypadku ka\u017cdej rady lub komitetu, sk\u0142ad cz\u0142onk\u00f3w sk\u0142ada si\u0119 z r\u00f3\u017cnych osobowo\u015bci, kultur, talent\u00f3w i opinii. Ponadto zazwyczaj mo\u017cna znale\u017a\u0107 r\u00f3\u017cne poziomy duchowo\u015bci, wykszta\u0142cenia i do\u015bwiadczenia. Przy tej potencjalnej i mo\u017cliwej r\u00f3\u017cnorodno\u015bci cech i charakterystyk,<strong> niezwykle wa\u017cne jest, aby cz\u0142onkowie rady po\u015bwi\u0119cali czas na modlitw\u0119 i warto\u015bciowe spotkania, staraj\u0105c si\u0119 zacie\u015bnia\u0107 wi\u0119zi duchowe i spo\u0142eczne, aby sta\u0107 si\u0119 \u201erodzin\u0105\u201d w sensie wzajemnego poznania si\u0119 i zrozumienia, w\u0142\u0105czaj\u0105c w to ma\u0142\u017conk\u00f3w, kt\u00f3rzy nie zasiadaj\u0105 w radzie.<\/strong><\/p>\n<p>Ten spos\u00f3b wi\u0105zania si\u0119 b\u0119dzie s\u0142u\u017cy\u0142 zapewnieniu znacz\u0105cych relacji roboczych, zrozumienia i docenienia innych cz\u0142onk\u00f3w rady oraz ich poczucia zaanga\u017cowania w parafi\u0119. Wi\u0105zanie si\u0119 w ten spos\u00f3b b\u0119dzie r\u00f3wnie\u017c s\u0142u\u017cy\u0142o unikni\u0119ciu mo\u017cliwo\u015bci, \u017ce spotkania b\u0119d\u0105 niczym wi\u0119cej ni\u017c spotkaniem nieznajomych bez wsp\u00f3lnej wizji lub misji.<\/p>\n<p><em>Formacja chrze\u015bcija\u0144skich szafarzy, formowanie wdzi\u0119cznych serc. Diecezja Wichita 2009<\/em><\/p>\n<\/div><\/div><\/div><\/div><\/div>","protected":false},"excerpt":{"rendered":"","protected":false},"author":1,"featured_media":0,"parent":0,"menu_order":0,"comment_status":"closed","ping_status":"closed","template":"","meta":{"_monsterinsights_skip_tracking":false,"_monsterinsights_sitenote_active":false,"_monsterinsights_sitenote_note":"","_monsterinsights_sitenote_category":0,"footnotes":""},"class_list":["post-71","page","type-page","status-publish","hentry"],"aioseo_notices":[],"_links":{"self":[{"href":"https:\/\/saintmargaretmary.org\/pl\/wp-json\/wp\/v2\/pages\/71","targetHints":{"allow":["GET"]}}],"collection":[{"href":"https:\/\/saintmargaretmary.org\/pl\/wp-json\/wp\/v2\/pages"}],"about":[{"href":"https:\/\/saintmargaretmary.org\/pl\/wp-json\/wp\/v2\/types\/page"}],"author":[{"embeddable":true,"href":"https:\/\/saintmargaretmary.org\/pl\/wp-json\/wp\/v2\/users\/1"}],"replies":[{"embeddable":true,"href":"https:\/\/saintmargaretmary.org\/pl\/wp-json\/wp\/v2\/comments?post=71"}],"version-history":[{"count":4,"href":"https:\/\/saintmargaretmary.org\/pl\/wp-json\/wp\/v2\/pages\/71\/revisions"}],"predecessor-version":[{"id":2815,"href":"https:\/\/saintmargaretmary.org\/pl\/wp-json\/wp\/v2\/pages\/71\/revisions\/2815"}],"wp:attachment":[{"href":"https:\/\/saintmargaretmary.org\/pl\/wp-json\/wp\/v2\/media?parent=71"}],"curies":[{"name":"wp","href":"https:\/\/api.w.org\/{rel}","templated":true}]}}