{"id":87,"date":"2020-06-29T19:57:26","date_gmt":"2020-06-29T19:57:26","guid":{"rendered":"https:\/\/saintmargaretmary.org\/?page_id=87"},"modified":"2026-02-25T16:10:51","modified_gmt":"2026-02-25T22:10:51","slug":"mass-confession-schedule","status":"publish","type":"page","link":"https:\/\/saintmargaretmary.org\/pl\/mass-confession-schedule","title":{"rendered":"Harmonogram mszy i spowiedzi"},"content":{"rendered":"<div id=\"massoffering\" class=\"fusion-container-anchor\"><div class=\"fusion-fullwidth fullwidth-box fusion-builder-row-1 fusion-flex-container has-pattern-background has-mask-background nonhundred-percent-fullwidth non-hundred-percent-height-scrolling\" style=\"--awb-border-radius-top-left:0px;--awb-border-radius-top-right:0px;--awb-border-radius-bottom-right:0px;--awb-border-radius-bottom-left:0px;--awb-flex-wrap:wrap;\" ><div class=\"fusion-builder-row fusion-row fusion-flex-align-items-flex-start fusion-flex-content-wrap\" style=\"max-width:1248px;margin-left: calc(-4% \/ 2 );margin-right: calc(-4% \/ 2 );\"><div class=\"fusion-layout-column fusion_builder_column fusion-builder-column-0 fusion_builder_column_1_1 1_1 fusion-flex-column\" style=\"--awb-bg-size:cover;--awb-width-large:100%;--awb-margin-top-large:0px;--awb-spacing-right-large:1.92%;--awb-margin-bottom-large:20px;--awb-spacing-left-large:1.92%;--awb-width-medium:100%;--awb-order-medium:0;--awb-spacing-right-medium:1.92%;--awb-spacing-left-medium:1.92%;--awb-width-small:100%;--awb-order-small:0;--awb-spacing-right-small:1.92%;--awb-spacing-left-small:1.92%;\"><div class=\"fusion-column-wrapper fusion-column-has-shadow fusion-flex-justify-content-flex-start fusion-content-layout-column\"><div class=\"fusion-text fusion-text-1\"><h4>Msze i Spowied\u017a<\/h4>\n<p><strong>Msze \u015awi\u0119te w dni powszednie<\/strong><br \/>\nPoniedzia\u0142ek \u2013 Czwartek 6:45 AM i 8:30 AM<br \/>\nMonday 7:00 PM (Polish)<br \/>\nPi\u0105tek 6:45 AM i 8:30 AM<br \/>\n(9:15 rano w roku szkolnym)<br \/>\nSobota 8:30 rano<\/p>\n<p><strong>Msze \u015bwi\u0119te w weekendy<\/strong><br \/>\nSobota 16:30, 18:30 (j\u0119zyk polski)<br \/>\nNiedziela 7:00, 9:00, 11:00, 13:00 (j\u0119zyk polski)<br \/>\n16:30 (od drugiego weekendu wrze\u015bnia do trzeciego weekendu maja)<\/p>\n<p><em>Hostie o niskiej zawarto\u015bci glutenu s\u0105 dost\u0119pne wy\u0142\u0105cznie w \u015brodkowym przej\u015bciu<\/em><\/p>\n<p><strong>Spowied\u017a <\/strong><b>in English &amp; Polish<br \/>\n<\/b><b>*Please plan to arrive no later than 30 minutes into Confession*<br \/>\n<\/b>Wtorki 18:00 \u2013 19:00 w Kaplicy<br \/>\nSaturdays 9:00 AM &#8211; 10:00 AM in the Chapel<br \/>\n15:00 \u2013 16:00 w Kaplicy<\/p>\n<p class=\"p1\"><b>Private Prayer<br \/>\n<\/b>You are welcome to visit the Church for private prayer.<br \/>\nMonday 9:30 AM &#8211; 6:00 PM<br \/>\nTuesday 9:30 AM &#8211; 8:00 PM<br \/>\nWednesday 9:30 AM &#8211; 8:00 PM<br \/>\nThursday 9:30 AM &#8211; 3:00 PM<br \/>\nFriday 9:30 AM &#8211; 6:00 PM<br \/>\nSaturday 9:30 AM &#8211; 3:00 PM<br \/>\nSunday Closed for private prayer all day<\/p>\n<\/div><div class=\"fusion-menu-anchor\" id=\"massoffering\"><\/div><div class=\"fusion-text fusion-text-2\"><h4><strong>Organizowanie Ofiary Mszalnej<\/strong><\/h4>\n<div class=\"gmail_default\">\n<p>Codziennie odprawiane s\u0105 msze \u015bwi\u0119te w specjalnej intencji konkretnego darczy\u0144cy.<\/p>\n<\/div>\n<div class=\"gmail_default\">\n<p>Je\u015bli chcesz, aby odprawiono msz\u0119 w szczeg\u00f3lnej intencji, przyjd\u017a do biura parafialnego w celu ustalenia daty i godziny lub zadzwo\u0144 do nas pod numer 847-658-7625.<\/p>\n<\/div>\n<div class=\"gmail_default\">Darowizna za ka\u017cd\u0105 odprawian\u0105 msz\u0119 wynosi $10.00.<\/div>\n<\/div><\/div><\/div><\/div><\/div><\/div>","protected":false},"excerpt":{"rendered":"","protected":false},"author":1,"featured_media":0,"parent":0,"menu_order":0,"comment_status":"closed","ping_status":"closed","template":"","meta":{"_monsterinsights_skip_tracking":false,"_monsterinsights_sitenote_active":false,"_monsterinsights_sitenote_note":"","_monsterinsights_sitenote_category":0,"footnotes":""},"class_list":["post-87","page","type-page","status-publish","hentry"],"aioseo_notices":[],"_links":{"self":[{"href":"https:\/\/saintmargaretmary.org\/pl\/wp-json\/wp\/v2\/pages\/87","targetHints":{"allow":["GET"]}}],"collection":[{"href":"https:\/\/saintmargaretmary.org\/pl\/wp-json\/wp\/v2\/pages"}],"about":[{"href":"https:\/\/saintmargaretmary.org\/pl\/wp-json\/wp\/v2\/types\/page"}],"author":[{"embeddable":true,"href":"https:\/\/saintmargaretmary.org\/pl\/wp-json\/wp\/v2\/users\/1"}],"replies":[{"embeddable":true,"href":"https:\/\/saintmargaretmary.org\/pl\/wp-json\/wp\/v2\/comments?post=87"}],"version-history":[{"count":11,"href":"https:\/\/saintmargaretmary.org\/pl\/wp-json\/wp\/v2\/pages\/87\/revisions"}],"predecessor-version":[{"id":5284,"href":"https:\/\/saintmargaretmary.org\/pl\/wp-json\/wp\/v2\/pages\/87\/revisions\/5284"}],"wp:attachment":[{"href":"https:\/\/saintmargaretmary.org\/pl\/wp-json\/wp\/v2\/media?parent=87"}],"curies":[{"name":"wp","href":"https:\/\/api.w.org\/{rel}","templated":true}]}}